{"id":18154,"date":"2025-12-18T15:09:08","date_gmt":"2025-12-18T15:09:08","guid":{"rendered":"https:\/\/sabanadelamartours.com\/?post_type=product&#038;p=18154"},"modified":"2026-01-09T09:58:57","modified_gmt":"2026-01-09T09:58:57","slug":"las-terrenas-private-walbeobachtung-halbtags-2","status":"publish","type":"product","link":"https:\/\/sabanadelamartours.com\/de\/tour\/las-terrenas-private-walbeobachtung-halbtags-2\/","title":{"rendered":"Las Terrenas: Private Walbeobachtung halbtags"},"content":{"rendered":"<p>Privater Transport von Las Terrenas. Mit dem Boot erkunden Sie die Bucht von Samana, in der sich w\u00e4hrend der Paarungszeit im Winter Tausende von Buckelwalen aufhalten. Anschlie\u00dfend genie\u00dfen Sie die malerische Aussicht auf Cayo Levantado, auch bekannt als Bacardi-Insel und Farola-Insel.<\/p>\n<p>Fahren Sie von Ihrem gew\u00e4hlten Hafen in Richtung der Bucht von Samana und halten Sie Ausschau nach den majest\u00e4tischen Buckelwalen auf dem H\u00f6hepunkt der Paarungszeit. Genie\u00dfen Sie das Leben auf dem Wasser und f\u00fchlen Sie sich wohl mit Snacks und Getr\u00e4nken an Bord. Machen Sie Fotos von diesen gro\u00dfen Tieren und erfahren Sie Wissenswertes von Ihrem Reiseleiter. Lassen Sie die gro\u00dfen Gruppen hinter sich und besuchen Sie die Wale mit Ihrer Familie und Ihren Freunden.<\/p>\n<div class=\"toggle-content__content toggle-content__content--expanded toggle-content__content--packable\" data-v-59485d64=\"\">\n<div data-test-id=\"activity-full-description-text\" data-v-5835c99c=\"\">Nutzen Sie die Gelegenheit, in die ruhigen Gew\u00e4sser einzutauchen und den Rest des Tages zu genie\u00dfen, bevor Sie zum Hafen zur\u00fcckkehren.<\/div>\n<\/div>\n<div class=\"toggle-content__label-placeholder\" data-v-59485d64=\"\"><\/div>","protected":false},"excerpt":{"rendered":"<div data-track=\"overview\" data-v-83a2b402=\"\">\n<section id=\"activity-overview\" class=\"activity-overview\" data-component=\"overview\" data-v-83a2b402=\"\" data-v-f3236c42=\"\">\n<p class=\"activity-overview__content\" data-test-id=\"activity-overview-content\" data-v-f3236c42=\"\">Genie\u00dfen Sie das unvergessliche Erlebnis der Walbeobachtung bei einem privaten Ausflug nur mit Walen. Besuchen Sie die Buckelwale abseits von Touristengruppen.<\/p>\n<\/section>\n<\/div>\n<div data-track=\"key-details\" data-v-83a2b402=\"\"><\/div>","protected":false},"featured_media":16640,"template":"","meta":[],"product_brand":[],"product_cat":[97],"product_tag":[101,102],"class_list":{"0":"post-18154","1":"product","2":"type-product","3":"status-publish","4":"has-post-thumbnail","6":"product_cat-dominican-republic","7":"product_tag-excursion","8":"product_tag-tour","10":"first","11":"instock","12":"shipping-taxable","13":"product-type-external"},"_links":{"self":[{"href":"https:\/\/sabanadelamartours.com\/de\/wp-json\/wp\/v2\/product\/18154","targetHints":{"allow":["GET"]}}],"collection":[{"href":"https:\/\/sabanadelamartours.com\/de\/wp-json\/wp\/v2\/product"}],"about":[{"href":"https:\/\/sabanadelamartours.com\/de\/wp-json\/wp\/v2\/types\/product"}],"version-history":[{"count":1,"href":"https:\/\/sabanadelamartours.com\/de\/wp-json\/wp\/v2\/product\/18154\/revisions"}],"predecessor-version":[{"id":18742,"href":"https:\/\/sabanadelamartours.com\/de\/wp-json\/wp\/v2\/product\/18154\/revisions\/18742"}],"wp:featuredmedia":[{"embeddable":true,"href":"https:\/\/sabanadelamartours.com\/de\/wp-json\/wp\/v2\/media\/16640"}],"wp:attachment":[{"href":"https:\/\/sabanadelamartours.com\/de\/wp-json\/wp\/v2\/media?parent=18154"}],"wp:term":[{"taxonomy":"product_brand","embeddable":true,"href":"https:\/\/sabanadelamartours.com\/de\/wp-json\/wp\/v2\/product_brand?post=18154"},{"taxonomy":"product_cat","embeddable":true,"href":"https:\/\/sabanadelamartours.com\/de\/wp-json\/wp\/v2\/product_cat?post=18154"},{"taxonomy":"product_tag","embeddable":true,"href":"https:\/\/sabanadelamartours.com\/de\/wp-json\/wp\/v2\/product_tag?post=18154"}],"curies":[{"name":"wp","href":"https:\/\/api.w.org\/{rel}","templated":true}]}}