{"id":10167,"date":"2025-12-18T09:26:34","date_gmt":"2025-12-18T09:26:34","guid":{"rendered":"https:\/\/sabanadelamartours.com\/?post_type=product&#038;p=10167"},"modified":"2026-01-09T14:40:43","modified_gmt":"2026-01-09T14:40:43","slug":"bayahibe-excursion-de-dia-completo-a-la-isla-saona","status":"publish","type":"product","link":"https:\/\/sabanadelamartours.com\/es\/visita\/bayahibe-excursion-de-dia-completo-a-la-isla-saona\/","title":{"rendered":"Bayahibe: Excursi\u00f3n de d\u00eda completo a la isla Saona"},"content":{"rendered":"<p>Bayahibe: Excursi\u00f3n de d\u00eda completo a la isla Saona<\/p>\n<p>Emb\u00e1rquese en una aventura inolvidable a la impresionante isla Saona, una joya escondida famosa por sus playas de arena blanca, sus deslumbrantes aguas turquesas y sus palmeras ondulantes que crean un pintoresco para\u00edso tropical. Esta excursi\u00f3n est\u00e1 dise\u00f1ada para ofrecer un ambiente id\u00edlico en el que la relajaci\u00f3n y el disfrute sean los protagonistas de su experiencia.<\/p>\n<p>Su d\u00eda comienza con una c\u00f3moda recogida en su hotel, donde ser\u00e1 recibido por un amable personal que le acompa\u00f1ar\u00e1 a Bayahibe. Al llegar al encantador pueblo costero, embarcar\u00e1 en una lancha r\u00e1pida, lista para navegar por el tentador mar Caribe en su viaje a la isla Saona.<\/p>\n<p>Por el camino, se detendr\u00e1 en una impresionante piscina natural, un sereno oasis rebosante de aguas cristalinas que invitan a darse un refrescante chapuz\u00f3n. T\u00f3mese un momento aqu\u00ed para relajarse y disfrutar de la belleza de su entorno antes de continuar su expedici\u00f3n a la isla Saona.<\/p>\n<p>Una vez que llegue, dispondr\u00e1 de aproximadamente 3,5 horas para tomar el sol, pasear por las suaves playas de arena o disfrutar de actividades acu\u00e1ticas como el buceo con tubo en los vibrantes arrecifes de coral. El ambiente es perfecto para impregnarse del encanto tropical y disfrutar del relajado ambiente isle\u00f1o.<\/p>\n<p>A las 14:35, es hora de emprender el viaje de regreso. Embarcar\u00e1 en un animado catamar\u00e1n para regresar a Bayahibe, donde el ambiente se transforma en una alegre celebraci\u00f3n. Baile al ritmo de la m\u00fasica y m\u00e9zclese con sus compa\u00f1eros de viaje, haciendo del viaje de vuelta de hora y media una experiencia estimulante.<\/p>\n<p>Tras un d\u00eda repleto de diversi\u00f3n bajo el sol y momentos memorables, le dejaremos de vuelta en su alojamiento, llev\u00e1ndose consigo los recuerdos m\u00e1s preciados de un magn\u00edfico d\u00eda en la isla Saona.<\/p>","protected":false},"excerpt":{"rendered":"<p>Explore la maravillosa isla Saona. Encuentre las pintorescas piscinas naturales y las playas de arena blanca del Caribe antes de celebrar despu\u00e9s su viaje de regreso con una fiesta en catamar\u00e1n.<\/p>","protected":false},"featured_media":10202,"template":"","meta":[],"product_brand":[],"product_cat":[97,98],"product_tag":[99,100],"class_list":{"0":"post-10167","1":"product","2":"type-product","3":"status-publish","4":"has-post-thumbnail","6":"product_cat-dominican-republic","7":"product_cat-saona-island","8":"product_tag-isla-saona","9":"product_tag-saona-island","11":"first","12":"instock","13":"sale","14":"shipping-taxable","15":"product-type-external"},"_links":{"self":[{"href":"https:\/\/sabanadelamartours.com\/es\/wp-json\/wp\/v2\/product\/10167","targetHints":{"allow":["GET"]}}],"collection":[{"href":"https:\/\/sabanadelamartours.com\/es\/wp-json\/wp\/v2\/product"}],"about":[{"href":"https:\/\/sabanadelamartours.com\/es\/wp-json\/wp\/v2\/types\/product"}],"version-history":[{"count":1,"href":"https:\/\/sabanadelamartours.com\/es\/wp-json\/wp\/v2\/product\/10167\/revisions"}],"predecessor-version":[{"id":18778,"href":"https:\/\/sabanadelamartours.com\/es\/wp-json\/wp\/v2\/product\/10167\/revisions\/18778"}],"wp:featuredmedia":[{"embeddable":true,"href":"https:\/\/sabanadelamartours.com\/es\/wp-json\/wp\/v2\/media\/10202"}],"wp:attachment":[{"href":"https:\/\/sabanadelamartours.com\/es\/wp-json\/wp\/v2\/media?parent=10167"}],"wp:term":[{"taxonomy":"product_brand","embeddable":true,"href":"https:\/\/sabanadelamartours.com\/es\/wp-json\/wp\/v2\/product_brand?post=10167"},{"taxonomy":"product_cat","embeddable":true,"href":"https:\/\/sabanadelamartours.com\/es\/wp-json\/wp\/v2\/product_cat?post=10167"},{"taxonomy":"product_tag","embeddable":true,"href":"https:\/\/sabanadelamartours.com\/es\/wp-json\/wp\/v2\/product_tag?post=10167"}],"curies":[{"name":"wp","href":"https:\/\/api.w.org\/{rel}","templated":true}]}}