{"id":10168,"date":"2025-12-18T09:26:34","date_gmt":"2025-12-18T09:26:34","guid":{"rendered":"https:\/\/sabanadelamartours.com\/?post_type=product&#038;p=10168"},"modified":"2026-02-09T04:03:35","modified_gmt":"2026-02-09T04:03:35","slug":"isla-saona-excursion-en-catamaran-a-una-playa-de-ensueno-todo-incluido","status":"publish","type":"product","link":"https:\/\/sabanadelamartours.com\/es\/visita\/isla-saona-excursion-en-catamaran-a-una-playa-de-ensueno-todo-incluido\/","title":{"rendered":"Isla Saona: Excursi\u00f3n en catamar\u00e1n a una playa de ensue\u00f1o, todo incluido"},"content":{"rendered":"<p><strong>Isla Saona: Excursi\u00f3n en catamar\u00e1n a una playa de ensue\u00f1o, todo incluido<\/strong><\/p>\n<p>La actividad comenzar\u00e1 en Bayahibe, un encantador pueblo de pescadores, y puerto, punto de partida de todas las excursiones a la isla Saona. Aqu\u00ed llegar\u00e1n los autobuses de traslado y todos los participantes se reunir\u00e1n y preparar\u00e1n para embarcar en el catamar\u00e1n de vela utilizando un barco lanzadera.<\/p>\n<p>Aqu\u00ed, en la playa, conocer\u00e1 a su gu\u00eda, que le proporcionar\u00e1 toda la informaci\u00f3n necesaria para disfrutar al m\u00e1ximo de esta maravillosa experiencia. Tambi\u00e9n le dar\u00e1 instrucciones para subir a bordo, \u00a1y listo! Una vez todos a bordo, la magia comienza cuando las velas se elevan para navegar hacia la isla de Saona y sus paradis\u00edacas playas.<\/p>\n<p>El catamar\u00e1n seguir\u00e1 primero la costa, ofreciendo una vista impresionante de los encantadores paisajes del Parque Nacional de Cotubanama, un \u00e1rea natural preservada de extraordinaria belleza. Mientras navega por las aguas caribe\u00f1as, podr\u00e1 disfrutar del ron local y escuchar m\u00fasica t\u00edpica como el merengue o la bachata, todo ello mientras admira los impresionantes colores del agua y el cielo. Aproveche estos momentos de relax para recargar las pilas.<\/p>\n<p>Tras aproximadamente 1 hora y 45 minutos de relax a bordo del catamar\u00e1n, llegar\u00e1 por fin a la isla Saona. Los autobuses de enlace le recoger\u00e1n y le dejar\u00e1n en una magn\u00edfica playa de arena blanca y cocoteros. Si se preguntaba si realmente existe el para\u00edso, \u00a1aqu\u00ed lo descubrir\u00e1! El gu\u00eda le indicar\u00e1 la ubicaci\u00f3n del bar (con bebidas de libre acceso), los aseos, el buf\u00e9, as\u00ed como las tumbonas y hamacas que podr\u00e1 utilizar a su antojo.<\/p>\n<p>Despu\u00e9s, es hora de aprovechar al m\u00e1ximo las dos horas y media que tendr\u00e1 a su disposici\u00f3n en esta maravillosa isla. Usted decide si quiere empezar con un ba\u00f1o en las aguas turquesas de la isla Saona, una sesi\u00f3n de fotos o un momento de relax en el bar con una cerveza bien fr\u00eda. T\u00fa eliges. Despu\u00e9s de comer, puede volver a nadar o echarse una merecida siesta.<\/p>\n<p>Tras estos momentos m\u00e1gicos en esta isla de ensue\u00f1o, es hora de embarcar en una lancha motora rumbo a la piscina natural. Aqu\u00ed, un banco de arena le permitir\u00e1 disfrutar de las aguas poco profundas y transl\u00facidas. Le invitar\u00e1n a bajar del barco por una peque\u00f1a escalera para darse un chapuz\u00f3n mientras admira las gigantescas estrellas de mar. Como manda la tradici\u00f3n, se ofrecer\u00e1 un ron dominicano, acompa\u00f1ado de m\u00fasica local, para redondear la jornada por todo lo alto.<\/p>\n<p>A continuaci\u00f3n, embarcar\u00e1 de nuevo y regresar\u00e1 al puerto de Bayahibe, donde le estar\u00e1 esperando el transporte que le llevar\u00e1 de vuelta a su hotel. Puede estar seguro de que volver\u00e1 a su hotel con incre\u00edbles recuerdos de esta experiencia inolvidable.<\/p>","protected":false},"excerpt":{"rendered":"<div data-track=\"overview\" data-v-56a1a938=\"\">\n<section id=\"activity-overview\" class=\"activity-overview\" data-component=\"overview\" data-v-56a1a938=\"\" data-v-f3236c42=\"\">\n<p class=\"activity-overview__content\" data-test-id=\"activity-overview-content\" data-v-f3236c42=\"\">Explore la isla Saona en un catamar\u00e1n de vela. Disfrute de 2,5 horas de playa, buffet y aguas turquesas. Termine el d\u00eda en la piscina natural. Regrese a su hotel con recuerdos inolvidables.<\/p>\n<\/section>\n<\/div>\n<div data-track=\"key-details\" data-v-56a1a938=\"\"><\/div>","protected":false},"featured_media":10217,"template":"","meta":[],"product_brand":[],"product_cat":[97],"product_tag":[101,102],"class_list":{"0":"post-10168","1":"product","2":"type-product","3":"status-publish","4":"has-post-thumbnail","6":"product_cat-dominican-republic","7":"product_tag-excursion","8":"product_tag-tour","10":"first","11":"instock","12":"sale","13":"shipping-taxable","14":"product-type-external"},"_links":{"self":[{"href":"https:\/\/sabanadelamartours.com\/es\/wp-json\/wp\/v2\/product\/10168","targetHints":{"allow":["GET"]}}],"collection":[{"href":"https:\/\/sabanadelamartours.com\/es\/wp-json\/wp\/v2\/product"}],"about":[{"href":"https:\/\/sabanadelamartours.com\/es\/wp-json\/wp\/v2\/types\/product"}],"version-history":[{"count":2,"href":"https:\/\/sabanadelamartours.com\/es\/wp-json\/wp\/v2\/product\/10168\/revisions"}],"predecessor-version":[{"id":18817,"href":"https:\/\/sabanadelamartours.com\/es\/wp-json\/wp\/v2\/product\/10168\/revisions\/18817"}],"wp:featuredmedia":[{"embeddable":true,"href":"https:\/\/sabanadelamartours.com\/es\/wp-json\/wp\/v2\/media\/10217"}],"wp:attachment":[{"href":"https:\/\/sabanadelamartours.com\/es\/wp-json\/wp\/v2\/media?parent=10168"}],"wp:term":[{"taxonomy":"product_brand","embeddable":true,"href":"https:\/\/sabanadelamartours.com\/es\/wp-json\/wp\/v2\/product_brand?post=10168"},{"taxonomy":"product_cat","embeddable":true,"href":"https:\/\/sabanadelamartours.com\/es\/wp-json\/wp\/v2\/product_cat?post=10168"},{"taxonomy":"product_tag","embeddable":true,"href":"https:\/\/sabanadelamartours.com\/es\/wp-json\/wp\/v2\/product_tag?post=10168"}],"curies":[{"name":"wp","href":"https:\/\/api.w.org\/{rel}","templated":true}]}}