{"id":10170,"date":"2025-12-18T09:26:34","date_gmt":"2025-12-18T09:26:34","guid":{"rendered":"https:\/\/sabanadelamartours.com\/?post_type=product&#038;p=10170"},"modified":"2026-02-09T04:07:41","modified_gmt":"2026-02-09T04:07:41","slug":"punta-cana-aventura-en-buggy-con-bano-en-cenote-y-playa","status":"publish","type":"product","link":"https:\/\/sabanadelamartours.com\/es\/visita\/punta-cana-aventura-en-buggy-con-bano-en-cenote-y-playa\/","title":{"rendered":"Punta cana : Aventura en buggy todoterreno con ba\u00f1o en cueva de cenote y playa"},"content":{"rendered":"<p><strong>Punta Cana: Aventura en buggy todoterreno con ba\u00f1o en cueva de cenote y playa<\/strong><\/p>\n<p>Emb\u00e1rquese en una estimulante aventura en buggy que le llevar\u00e1 por la impresionante playa de Macao y las hipnotizantes cuevas de aguas cristalinas de Punta Cana. Sienta la adrenalina al conducir el buggy por serpenteantes senderos selv\u00e1ticos, pasando por fragantes plantaciones de caf\u00e9 y cacao, y sumergi\u00e9ndose en la belleza natural del entorno. Al llegar a la playa de Macao, t\u00f3mese su tiempo para relajarse y disfrutar de las cristalinas aguas turquesas, dej\u00e1ndose llevar por la serenidad de la playa.<\/p>\n<p>Despu\u00e9s, avent\u00farese en las encantadoras cuevas, donde descubrir\u00e1 piscinas de agua cristalina, creando el oasis perfecto para un ba\u00f1o rejuvenecedor. Esta inmersiva excursi\u00f3n combina a la perfecci\u00f3n aventura, naturaleza y cultura local, para que te lleves un recuerdo inolvidable de tu experiencia en Punta Cana.<\/p>","protected":false},"excerpt":{"rendered":"<p>Sum\u00e9rjase en una aventura \u00fanica recorriendo la impresionante playa de Macao y explorando las misteriosas cuevas de aguas cristalinas de Punta Cana. Disfruta de la emoci\u00f3n de conducir un buggy en el barro.<\/p>","protected":false},"featured_media":10234,"template":"","meta":[],"product_brand":[],"product_cat":[97],"product_tag":[101,102],"class_list":{"0":"post-10170","1":"product","2":"type-product","3":"status-publish","4":"has-post-thumbnail","6":"product_cat-dominican-republic","7":"product_tag-excursion","8":"product_tag-tour","10":"first","11":"instock","12":"sale","13":"shipping-taxable","14":"product-type-external"},"_links":{"self":[{"href":"https:\/\/sabanadelamartours.com\/es\/wp-json\/wp\/v2\/product\/10170","targetHints":{"allow":["GET"]}}],"collection":[{"href":"https:\/\/sabanadelamartours.com\/es\/wp-json\/wp\/v2\/product"}],"about":[{"href":"https:\/\/sabanadelamartours.com\/es\/wp-json\/wp\/v2\/types\/product"}],"version-history":[{"count":1,"href":"https:\/\/sabanadelamartours.com\/es\/wp-json\/wp\/v2\/product\/10170\/revisions"}],"predecessor-version":[{"id":18818,"href":"https:\/\/sabanadelamartours.com\/es\/wp-json\/wp\/v2\/product\/10170\/revisions\/18818"}],"wp:featuredmedia":[{"embeddable":true,"href":"https:\/\/sabanadelamartours.com\/es\/wp-json\/wp\/v2\/media\/10234"}],"wp:attachment":[{"href":"https:\/\/sabanadelamartours.com\/es\/wp-json\/wp\/v2\/media?parent=10170"}],"wp:term":[{"taxonomy":"product_brand","embeddable":true,"href":"https:\/\/sabanadelamartours.com\/es\/wp-json\/wp\/v2\/product_brand?post=10170"},{"taxonomy":"product_cat","embeddable":true,"href":"https:\/\/sabanadelamartours.com\/es\/wp-json\/wp\/v2\/product_cat?post=10170"},{"taxonomy":"product_tag","embeddable":true,"href":"https:\/\/sabanadelamartours.com\/es\/wp-json\/wp\/v2\/product_tag?post=10170"}],"curies":[{"name":"wp","href":"https:\/\/api.w.org\/{rel}","templated":true}]}}