{"id":10171,"date":"2025-12-18T09:26:34","date_gmt":"2025-12-18T09:26:34","guid":{"rendered":"https:\/\/sabanadelamartours.com\/?post_type=product&#038;p=10171"},"modified":"2026-02-09T04:09:30","modified_gmt":"2026-02-09T04:09:30","slug":"tour-de-cata-de-cafe-y-cacao-punta-cana-higuey-con-almuerzo","status":"publish","type":"product","link":"https:\/\/sabanadelamartours.com\/es\/visita\/tour-de-cata-de-cafe-y-cacao-punta-cana-higuey-con-almuerzo\/","title":{"rendered":"Punta Cana: Tour de degustaci\u00f3n de Higuey, Caf\u00e9 y Cacao con almuerzo"},"content":{"rendered":"<p><strong>Punta Cana: Tour de degustaci\u00f3n de Higuey, Caf\u00e9 y Cacao con almuerzo<\/strong><\/p>\n<p>Emocionante excursi\u00f3n cultural a Hig\u00fcey que combina aventura, historia y belleza natural en un d\u00eda inolvidable.<\/p>\n<p>Comenzaremos con un emocionante paseo a caballo por la selva, donde disfrutar\u00e1 de la exuberante vegetaci\u00f3n y de la emoci\u00f3n de la exploraci\u00f3n. Despu\u00e9s nos dirigiremos a la majestuosa Bas\u00edlica de Hig\u00fcey, un lugar emblem\u00e1tico de culto y peregrinaci\u00f3n.<\/p>\n<p>Despu\u00e9s, visitaremos el animado mercado local para sumergirnos en la cultura y las tradiciones de la regi\u00f3n. Continuaremos hasta una tienda de artesan\u00eda donde podr\u00e1 adquirir recuerdos \u00fanicos y apreciar el talento local.<\/p>\n<p>Nuestra siguiente parada ser\u00e1n las impresionantes monta\u00f1as de Anamuya, donde disfrutaremos de un refrescante ba\u00f1o en el r\u00edo y de un delicioso almuerzo buffet dominicano. Despu\u00e9s, entraremos en una casa t\u00edpica para degustar caf\u00e9 y cacao locales, mientras aprendemos sobre la diversa flora de la zona.<\/p>\n<p>Para terminar esta enriquecedora experiencia, nos dirigiremos a una f\u00e1brica de puros donde podr\u00e1 fabricar sus propios puros y llev\u00e1rselos como recuerdo de este d\u00eda inolvidable. Por \u00faltimo, nos relajaremos en la paradis\u00edaca playa de Macao, disfrutando del sol y la arena antes de dar por concluido nuestro recorrido.<\/p>\n<p>\u00a1Un d\u00eda de aventura, cultura y descubrimientos le espera en esta excursi\u00f3n por Hig\u00fcey! \u00a1Prep\u00e1rate para vivir momentos inolvidables!<\/p>","protected":false},"excerpt":{"rendered":"<p>Disfrute de un d\u00eda fuera de serie en nuestro recorrido cultural y gastron\u00f3mico por la ciudad y las monta\u00f1as, un verdadero contacto con la cultura dominicana. 99% satisfacci\u00f3n garantizada.<\/p>","protected":false},"featured_media":10247,"template":"","meta":[],"product_brand":[],"product_cat":[97],"product_tag":[101,102],"class_list":{"0":"post-10171","1":"product","2":"type-product","3":"status-publish","4":"has-post-thumbnail","6":"product_cat-dominican-republic","7":"product_tag-excursion","8":"product_tag-tour","10":"first","11":"instock","12":"sale","13":"shipping-taxable","14":"product-type-external"},"_links":{"self":[{"href":"https:\/\/sabanadelamartours.com\/es\/wp-json\/wp\/v2\/product\/10171","targetHints":{"allow":["GET"]}}],"collection":[{"href":"https:\/\/sabanadelamartours.com\/es\/wp-json\/wp\/v2\/product"}],"about":[{"href":"https:\/\/sabanadelamartours.com\/es\/wp-json\/wp\/v2\/types\/product"}],"version-history":[{"count":1,"href":"https:\/\/sabanadelamartours.com\/es\/wp-json\/wp\/v2\/product\/10171\/revisions"}],"predecessor-version":[{"id":18819,"href":"https:\/\/sabanadelamartours.com\/es\/wp-json\/wp\/v2\/product\/10171\/revisions\/18819"}],"wp:featuredmedia":[{"embeddable":true,"href":"https:\/\/sabanadelamartours.com\/es\/wp-json\/wp\/v2\/media\/10247"}],"wp:attachment":[{"href":"https:\/\/sabanadelamartours.com\/es\/wp-json\/wp\/v2\/media?parent=10171"}],"wp:term":[{"taxonomy":"product_brand","embeddable":true,"href":"https:\/\/sabanadelamartours.com\/es\/wp-json\/wp\/v2\/product_brand?post=10171"},{"taxonomy":"product_cat","embeddable":true,"href":"https:\/\/sabanadelamartours.com\/es\/wp-json\/wp\/v2\/product_cat?post=10171"},{"taxonomy":"product_tag","embeddable":true,"href":"https:\/\/sabanadelamartours.com\/es\/wp-json\/wp\/v2\/product_tag?post=10171"}],"curies":[{"name":"wp","href":"https:\/\/api.w.org\/{rel}","templated":true}]}}