{"id":10174,"date":"2025-12-18T09:26:35","date_gmt":"2025-12-18T09:26:35","guid":{"rendered":"https:\/\/sabanadelamartours.com\/?post_type=product&#038;p=10174"},"modified":"2026-01-05T15:52:17","modified_gmt":"2026-01-05T15:52:17","slug":"amber-cove-taino-bay-7-waterfall-tour-con-almuerzo-a-nado","status":"publish","type":"product","link":"https:\/\/sabanadelamartours.com\/es\/visita\/amber-cove-taino-bay-7-waterfall-tour-con-almuerzo-a-nado\/","title":{"rendered":"Cala \u00c1mbar\/Bah\u00eda Ta\u00edna: Excursi\u00f3n a 7 cascadas con ba\u00f1o y almuerzo"},"content":{"rendered":"<h4 class=\"activity__title js-title\" data-track=\"activity-title\" data-test-id=\"activity-title\">Cala \u00c1mbar\/Bah\u00eda Ta\u00edna: Excursi\u00f3n a 7 cascadas con ba\u00f1o y almuerzo<\/h4>\n<p>Sum\u00e9rjase en la emoci\u00f3n de la aventura con una excursi\u00f3n a Puerto Plata, un para\u00edso para los amantes de la naturaleza. Descubre la joya oculta de las 7 cascadas de Damajagua (Charcos), enclavadas en las pintorescas colinas de la cordillera septentrional.<\/p>\n<p>Estas magn\u00edficas maravillas naturales, que forman parte de las zonas protegidas de la Rep\u00fablica Dominicana, ofrecen una experiencia estimulante al navegar por un ca\u00f1\u00f3n tropical. Marav\u00edllese ante la sucesi\u00f3n de cascadas, donde podr\u00e1 caminar, deslizarse, nadar e incluso realizar atrevidos saltos. La excursi\u00f3n incluye un delicioso almuerzo buf\u00e9, y podr\u00e1 refrescarse con agua y coca cola de cortes\u00eda.<\/p>\n<p>Adem\u00e1s, disfrute de la comodidad del transporte de ida y vuelta desde la terminal de cruceros, con recogida disponible fuera de los puertos de Taino Bay y Amber Cove. \u00a1Prep\u00e1rese para embarcarse en una aventura inolvidable en Puerto Plata!<\/p>","protected":false},"excerpt":{"rendered":"<div data-track=\"overview\" data-v-56a1a938=\"\">\n<section id=\"activity-overview\" class=\"activity-overview\" data-component=\"overview\" data-v-56a1a938=\"\" data-v-f3236c42=\"\">\n<p class=\"activity-overview__content\" data-test-id=\"activity-overview-content\" data-v-f3236c42=\"\">Disfrute con nosotros de la Excursi\u00f3n a las Cascadas, le encantar\u00e1. Salta desde la cascada, nada, desl\u00edzate y salta en las preciosas y naturales cascadas. Un gu\u00eda tur\u00edstico Ingl\u00e9s \/ Espa\u00f1ol que estar\u00e1 con usted.<\/p>\n<\/section>\n<\/div>\n<div data-track=\"key-details\" data-v-56a1a938=\"\"><\/div>","protected":false},"featured_media":10294,"template":"","meta":[],"product_brand":[],"product_cat":[97],"product_tag":[101,102],"class_list":{"0":"post-10174","1":"product","2":"type-product","3":"status-publish","4":"has-post-thumbnail","6":"product_cat-dominican-republic","7":"product_tag-excursion","8":"product_tag-tour","10":"first","11":"instock","12":"sale","13":"shipping-taxable","14":"product-type-external"},"_links":{"self":[{"href":"https:\/\/sabanadelamartours.com\/es\/wp-json\/wp\/v2\/product\/10174","targetHints":{"allow":["GET"]}}],"collection":[{"href":"https:\/\/sabanadelamartours.com\/es\/wp-json\/wp\/v2\/product"}],"about":[{"href":"https:\/\/sabanadelamartours.com\/es\/wp-json\/wp\/v2\/types\/product"}],"version-history":[{"count":2,"href":"https:\/\/sabanadelamartours.com\/es\/wp-json\/wp\/v2\/product\/10174\/revisions"}],"predecessor-version":[{"id":18385,"href":"https:\/\/sabanadelamartours.com\/es\/wp-json\/wp\/v2\/product\/10174\/revisions\/18385"}],"wp:featuredmedia":[{"embeddable":true,"href":"https:\/\/sabanadelamartours.com\/es\/wp-json\/wp\/v2\/media\/10294"}],"wp:attachment":[{"href":"https:\/\/sabanadelamartours.com\/es\/wp-json\/wp\/v2\/media?parent=10174"}],"wp:term":[{"taxonomy":"product_brand","embeddable":true,"href":"https:\/\/sabanadelamartours.com\/es\/wp-json\/wp\/v2\/product_brand?post=10174"},{"taxonomy":"product_cat","embeddable":true,"href":"https:\/\/sabanadelamartours.com\/es\/wp-json\/wp\/v2\/product_cat?post=10174"},{"taxonomy":"product_tag","embeddable":true,"href":"https:\/\/sabanadelamartours.com\/es\/wp-json\/wp\/v2\/product_tag?post=10174"}],"curies":[{"name":"wp","href":"https:\/\/api.w.org\/{rel}","templated":true}]}}