{"id":10175,"date":"2025-12-18T09:26:35","date_gmt":"2025-12-18T09:26:35","guid":{"rendered":"https:\/\/sabanadelamartours.com\/?post_type=product&#038;p=10175"},"modified":"2025-12-18T09:31:01","modified_gmt":"2025-12-18T09:31:01","slug":"paseo-en-buggy-o-atv-por-la-playa-de-punta-cana-y-visita-al-cenote","status":"publish","type":"product","link":"https:\/\/sabanadelamartours.com\/es\/visita\/paseo-en-buggy-o-atv-por-la-playa-de-punta-cana-y-visita-al-cenote\/","title":{"rendered":"Punta Cana: Excursi\u00f3n en Buggy o ATV por la Playa y Visita al Cenote"},"content":{"rendered":"<div class=\"woocommerce-product-details__short-description\">\n<div data-track=\"overview\" data-v-56a1a938=\"\">\n<section id=\"activity-overview\" class=\"activity-overview\" data-component=\"overview\" data-v-56a1a938=\"\" data-v-f3236c42=\"\">\n<p data-test-id=\"activity-overview-content\" data-v-f3236c42=\"\"><strong>Punta Cana: Excursi\u00f3n en Buggy o ATV por la Playa y Visita al Cenote<\/strong><\/p>\n<p class=\"activity-overview__content\" data-test-id=\"activity-overview-content\" data-v-f3236c42=\"\">D\u00e9 un paseo en buggy o quad por las pintorescas playas de Punta Cana. Rel\u00e1jese en la playa de Macao, nade en las aguas cristalinas del Caribe y visite un cenote id\u00edlico.<\/p>\n<\/section>\n<\/div>\n<\/div>\n<p>Le recogeremos en su hotel y nos dirigiremos hacia el interior de Punta Cana. Sum\u00e9rjase en la belleza natural del paisaje, salpicado de plantaciones de caf\u00e9 y cacao. Inf\u00f3rmate sobre la ruta y aprende a manejar el buggy o el quad con seguridad.<\/p>\n<p>A continuaci\u00f3n, arranque el motor y p\u00f3ngase en marcha por el escarpado sendero cubierto de barro. Det\u00e9ngase en la playa de Macao, lejos de las multitudes que rodean los grandes hoteles. Rel\u00e1jese en la limpia arena y b\u00e1\u00f1ese en sus cristalinas aguas caribe\u00f1as. Contin\u00fae por la ruta en buggy hacia los Manantiales Ind\u00edgenas. Descubra este id\u00edlico cenote mientras desembarca para explorar la piscina subterr\u00e1nea. Dese un chapuz\u00f3n en sus aguas turquesas antes de continuar. Termine la excursi\u00f3n con la vuelta a su hotel en Punta Cana.<\/p>","protected":false},"excerpt":{"rendered":"<div data-track=\"overview\" data-v-56a1a938=\"\">\n<section id=\"activity-overview\" class=\"activity-overview\" data-component=\"overview\" data-v-56a1a938=\"\" data-v-f3236c42=\"\">\n<p class=\"activity-overview__content\" data-test-id=\"activity-overview-content\" data-v-f3236c42=\"\">D\u00e9 un paseo en buggy o quad por las pintorescas playas de Punta Cana. Rel\u00e1jese en la playa de Macao, nade en las aguas cristalinas del Caribe y visite un cenote id\u00edlico.<\/p>\n<\/section>\n<\/div>\n<div data-track=\"key-details\" data-v-56a1a938=\"\"><\/div>","protected":false},"featured_media":10301,"template":"","meta":[],"product_brand":[],"product_cat":[97],"product_tag":[101,102],"class_list":{"0":"post-10175","1":"product","2":"type-product","3":"status-publish","4":"has-post-thumbnail","6":"product_cat-dominican-republic","7":"product_tag-excursion","8":"product_tag-tour","10":"first","11":"instock","12":"sale","13":"shipping-taxable","14":"product-type-external"},"_links":{"self":[{"href":"https:\/\/sabanadelamartours.com\/es\/wp-json\/wp\/v2\/product\/10175","targetHints":{"allow":["GET"]}}],"collection":[{"href":"https:\/\/sabanadelamartours.com\/es\/wp-json\/wp\/v2\/product"}],"about":[{"href":"https:\/\/sabanadelamartours.com\/es\/wp-json\/wp\/v2\/types\/product"}],"version-history":[{"count":0,"href":"https:\/\/sabanadelamartours.com\/es\/wp-json\/wp\/v2\/product\/10175\/revisions"}],"wp:featuredmedia":[{"embeddable":true,"href":"https:\/\/sabanadelamartours.com\/es\/wp-json\/wp\/v2\/media\/10301"}],"wp:attachment":[{"href":"https:\/\/sabanadelamartours.com\/es\/wp-json\/wp\/v2\/media?parent=10175"}],"wp:term":[{"taxonomy":"product_brand","embeddable":true,"href":"https:\/\/sabanadelamartours.com\/es\/wp-json\/wp\/v2\/product_brand?post=10175"},{"taxonomy":"product_cat","embeddable":true,"href":"https:\/\/sabanadelamartours.com\/es\/wp-json\/wp\/v2\/product_cat?post=10175"},{"taxonomy":"product_tag","embeddable":true,"href":"https:\/\/sabanadelamartours.com\/es\/wp-json\/wp\/v2\/product_tag?post=10175"}],"curies":[{"name":"wp","href":"https:\/\/api.w.org\/{rel}","templated":true}]}}