{"id":10177,"date":"2025-12-18T09:26:35","date_gmt":"2025-12-18T09:26:35","guid":{"rendered":"https:\/\/sabanadelamartours.com\/?post_type=product&#038;p=10177"},"modified":"2026-01-05T03:37:20","modified_gmt":"2026-01-05T03:37:20","slug":"visita-de-la-ciudad-de-puerto-plata-con-fabricas-de-ron-y-chocolate","status":"publish","type":"product","link":"https:\/\/sabanadelamartours.com\/es\/visita\/visita-de-la-ciudad-de-puerto-plata-con-fabricas-de-ron-y-chocolate\/","title":{"rendered":"Puerto Plata: Visita a la ciudad con f\u00e1bricas de ron y chocolate"},"content":{"rendered":"<p><strong>Puerto Plata: Visita a la ciudad con f\u00e1bricas de ron y chocolate<\/strong><\/p>\n<p>Explore la vibrante ciudad de Puerto Plata en este completo recorrido por la ciudad, perfecto para quienes la visitan por primera vez. Viaje c\u00f3modamente en un veh\u00edculo con aire acondicionado por los lugares m\u00e1s emblem\u00e1ticos de la ciudad. Comience su aventura en la Casa del Ron Macorix, donde conocer\u00e1 la rica historia de la elaboraci\u00f3n del ron en la isla y degustar\u00e1 ocho variedades diferentes. A continuaci\u00f3n, pasee por el Parque de la Independencia, un bello e hist\u00f3rico lugar de encuentro en el coraz\u00f3n de la ciudad.<\/p>\n<p>Contin\u00fae hasta la hist\u00f3rica Fortaleza de San Felipe, una fortaleza espa\u00f1ola que anta\u00f1o proteg\u00eda la ciudad de los piratas. Disfrute de una r\u00e1pida parada en la colorida Calle de los Paraguas, perfecta para divertidas fotos y una pausa para el caf\u00e9. Pasee por el Paseo de Do\u00f1a Blanca, una encantadora calle rosa con toques victorianos, antes de visitar la Joyer\u00eda y Cigarrer\u00eda Fifi, sede de una de las mayores exposiciones de \u00e1mbar de la Rep\u00fablica Dominicana.<\/p>\n<p>D\u00e9se un capricho en la F\u00e1brica de Chocolate Del Oro, donde aprender\u00e1 sobre el proceso de elaboraci\u00f3n del chocolate y degustar\u00e1 varios bombones ecol\u00f3gicos. Por \u00faltimo, visite la impresionante Catedral de San Felipe, una hermosa catedral en la que podr\u00e1 hacerse fotos inolvidables. La excursi\u00f3n concluye con la devoluci\u00f3n en su hotel o en un lugar c\u00e9ntrico, perfecto para seguir explorando Puerto Plata.<\/p>","protected":false},"excerpt":{"rendered":"<div data-track=\"overview\" data-v-56a1a938=\"\">\n<section id=\"activity-overview\" class=\"activity-overview\" data-component=\"overview\" data-v-56a1a938=\"\" data-v-f3236c42=\"\">\n<p class=\"activity-overview__content\" data-test-id=\"activity-overview-content\" data-v-f3236c42=\"\">Descubra la historia y la cultura de Puerto Plata. Visite una f\u00e1brica de ron, otra de chocolate y disfrute de las vistas al mar en la Fortaleza de San Felipe.<\/p>\n<\/section>\n<\/div>\n<div data-track=\"key-details\" data-v-56a1a938=\"\"><\/div>","protected":false},"featured_media":10324,"template":"","meta":[],"product_brand":[],"product_cat":[97],"product_tag":[101,102],"class_list":{"0":"post-10177","1":"product","2":"type-product","3":"status-publish","4":"has-post-thumbnail","6":"product_cat-dominican-republic","7":"product_tag-excursion","8":"product_tag-tour","10":"first","11":"instock","12":"shipping-taxable","13":"product-type-external"},"_links":{"self":[{"href":"https:\/\/sabanadelamartours.com\/es\/wp-json\/wp\/v2\/product\/10177","targetHints":{"allow":["GET"]}}],"collection":[{"href":"https:\/\/sabanadelamartours.com\/es\/wp-json\/wp\/v2\/product"}],"about":[{"href":"https:\/\/sabanadelamartours.com\/es\/wp-json\/wp\/v2\/types\/product"}],"version-history":[{"count":1,"href":"https:\/\/sabanadelamartours.com\/es\/wp-json\/wp\/v2\/product\/10177\/revisions"}],"predecessor-version":[{"id":18403,"href":"https:\/\/sabanadelamartours.com\/es\/wp-json\/wp\/v2\/product\/10177\/revisions\/18403"}],"wp:featuredmedia":[{"embeddable":true,"href":"https:\/\/sabanadelamartours.com\/es\/wp-json\/wp\/v2\/media\/10324"}],"wp:attachment":[{"href":"https:\/\/sabanadelamartours.com\/es\/wp-json\/wp\/v2\/media?parent=10177"}],"wp:term":[{"taxonomy":"product_brand","embeddable":true,"href":"https:\/\/sabanadelamartours.com\/es\/wp-json\/wp\/v2\/product_brand?post=10177"},{"taxonomy":"product_cat","embeddable":true,"href":"https:\/\/sabanadelamartours.com\/es\/wp-json\/wp\/v2\/product_cat?post=10177"},{"taxonomy":"product_tag","embeddable":true,"href":"https:\/\/sabanadelamartours.com\/es\/wp-json\/wp\/v2\/product_tag?post=10177"}],"curies":[{"name":"wp","href":"https:\/\/api.w.org\/{rel}","templated":true}]}}