{"id":10180,"date":"2025-12-18T09:26:35","date_gmt":"2025-12-18T09:26:35","guid":{"rendered":"https:\/\/sabanadelamartours.com\/?post_type=product&#038;p=10180"},"modified":"2026-02-09T04:15:01","modified_gmt":"2026-02-09T04:15:01","slug":"nado-y-encuentro-con-delfines-en-punta-cana","status":"publish","type":"product","link":"https:\/\/sabanadelamartours.com\/es\/visita\/nado-y-encuentro-con-delfines-en-punta-cana\/","title":{"rendered":"Punta Cana: Nados y encuentros con delfines"},"content":{"rendered":"<p><strong>Punta Cana: Nados y encuentros con delfines<\/strong><\/p>\n<p>Del\u00e9itese con la experiencia \u00fanica de nadar con delfines en Punta Cana. En esta experiencia envolvente, jugar\u00e1s con delfines que te abrazar\u00e1n y acurrucar\u00e1n, y mostrar\u00e1n sus acrobacias a\u00e9reas.<\/p>\n<p>Elija uno de los 3 programas de nado con delfines. Cada programa incluye varias actividades con delfines, incluyendo apretones de manos y abrazos de delfines.<\/p>\n<p>Tambi\u00e9n tendr\u00e1 acceso a la Isla del Pirata los fines de semana. All\u00ed, podr\u00e1 jugar en la incre\u00edble Isla del Pirata, completa con t\u00faneles de agua y toboganes, piscinas para adultos y ni\u00f1os, y un jacuzzi. Tambi\u00e9n tendr\u00e1s acceso a tumbonas, duchas, ba\u00f1os y vestuarios.<\/p>\n<p><strong>Encuentro con delfines - Principiante<\/strong><\/p>\n<p>Esta opci\u00f3n es ideal para todas las edades. Nadar es opcional, ya que puede subirse a una plataforma y ver c\u00f3mo los delfines se acercan a usted. Reciba un apret\u00f3n de manos y un abrazo de delf\u00edn y observe sus incre\u00edbles acrobacias a\u00e9reas. Tambi\u00e9n puede optar por acariciar a los delfines y nadar con ellos.<\/p>\n<p><strong>Aventura de nado con delfines - Intermedio<\/strong><\/p>\n<p>Esta opci\u00f3n incluye el Belly Ride, en el que te agarrar\u00e1s a las aletas del delf\u00edn mientras \u00e9ste cabalga hacia atr\u00e1s por el agua. Tambi\u00e9n incluye el Boogie Push, en el que el delf\u00edn le empujar\u00e1 por la superficie del agua mientras usted monta en una tabla de boogie. Tambi\u00e9n recibir\u00e1 un amistoso apret\u00f3n de manos y un abrazo de delf\u00edn.<\/p>\n<p><strong>Royal Swim - Avanzado<\/strong><\/p>\n<p>Como la experiencia m\u00e1s din\u00e1mica que se ofrece en el centro, esta actividad incluye caracter\u00edsticas especiales como el foot-push, en el que se elevar\u00e1 mientras dos delfines le levantan del agua. Pruebe el remolque dorsal, en el que dos delfines le arrastrar\u00e1n por el agua mientras usted sujeta sus aletas.<\/p>","protected":false},"excerpt":{"rendered":"<div data-track=\"overview\" data-v-56a1a938=\"\">\n<section id=\"activity-overview\" class=\"activity-overview\" data-component=\"overview\" data-v-56a1a938=\"\" data-v-f3236c42=\"\">\n<p class=\"activity-overview__content\" data-test-id=\"activity-overview-content\" data-v-f3236c42=\"\">Dese un chapuz\u00f3n con delfines con uno de los 3 programas. Nade y juegue con los animales, observe sus acrobacias a\u00e9reas y reciba un abrazo y un apret\u00f3n de manos de delf\u00edn. Tambi\u00e9n puede jugar a varios juegos con los delfines.<\/p>\n<\/section>\n<\/div>\n<div data-track=\"key-details\" data-v-56a1a938=\"\"><\/div>","protected":false},"featured_media":10377,"template":"","meta":[],"product_brand":[],"product_cat":[97],"product_tag":[101,102],"class_list":{"0":"post-10180","1":"product","2":"type-product","3":"status-publish","4":"has-post-thumbnail","6":"product_cat-dominican-republic","7":"product_tag-excursion","8":"product_tag-tour","10":"first","11":"instock","12":"sale","13":"shipping-taxable","14":"product-type-external"},"_links":{"self":[{"href":"https:\/\/sabanadelamartours.com\/es\/wp-json\/wp\/v2\/product\/10180","targetHints":{"allow":["GET"]}}],"collection":[{"href":"https:\/\/sabanadelamartours.com\/es\/wp-json\/wp\/v2\/product"}],"about":[{"href":"https:\/\/sabanadelamartours.com\/es\/wp-json\/wp\/v2\/types\/product"}],"version-history":[{"count":2,"href":"https:\/\/sabanadelamartours.com\/es\/wp-json\/wp\/v2\/product\/10180\/revisions"}],"predecessor-version":[{"id":18820,"href":"https:\/\/sabanadelamartours.com\/es\/wp-json\/wp\/v2\/product\/10180\/revisions\/18820"}],"wp:featuredmedia":[{"embeddable":true,"href":"https:\/\/sabanadelamartours.com\/es\/wp-json\/wp\/v2\/media\/10377"}],"wp:attachment":[{"href":"https:\/\/sabanadelamartours.com\/es\/wp-json\/wp\/v2\/media?parent=10180"}],"wp:term":[{"taxonomy":"product_brand","embeddable":true,"href":"https:\/\/sabanadelamartours.com\/es\/wp-json\/wp\/v2\/product_brand?post=10180"},{"taxonomy":"product_cat","embeddable":true,"href":"https:\/\/sabanadelamartours.com\/es\/wp-json\/wp\/v2\/product_cat?post=10180"},{"taxonomy":"product_tag","embeddable":true,"href":"https:\/\/sabanadelamartours.com\/es\/wp-json\/wp\/v2\/product_tag?post=10180"}],"curies":[{"name":"wp","href":"https:\/\/api.w.org\/{rel}","templated":true}]}}