{"id":10185,"date":"2025-12-18T09:26:35","date_gmt":"2025-12-18T09:26:35","guid":{"rendered":"https:\/\/sabanadelamartours.com\/?post_type=product&#038;p=10185"},"modified":"2026-01-05T03:53:54","modified_gmt":"2026-01-05T03:53:54","slug":"desde-bayahibe-excursion-de-medio-dia-a-la-romana-en-atv-o-buggy-4x4","status":"publish","type":"product","link":"https:\/\/sabanadelamartours.com\/es\/visita\/desde-bayahibe-excursion-de-medio-dia-a-la-romana-en-atv-o-buggy-4x4\/","title":{"rendered":"Desde Bayahibe: Medio d\u00eda La Romana ATV o 4X4 Buggy Tour"},"content":{"rendered":"<p><strong>Desde Bayahibe: Medio d\u00eda La Romana ATV o 4X4 Buggy Tour<\/strong><\/p>\n<p>Primer Turno: 8:00 AM - 12:00 PM<\/p>\n<p>Recogida a las 8:00 AM: Comience su d\u00eda con la emoci\u00f3n de un tour de descubrimiento en buggy en Bayahibe, siendo recogido para esta experiencia \u00fanica.<\/p>\n<p>Bateyes y ca\u00f1a de az\u00facar: Explore los bateyes, descubra la vida de los trabajadores haitianos y haga una parada para degustar aut\u00e9ntica ca\u00f1a de az\u00facar y refrescos. Sum\u00e9rjase en la cultura mientras explora este fascinante entorno.<\/p>\n<p>R\u00edo Chav\u00f3n: Siente la adrenalina al aventurarte en las aguas del r\u00edo Chav\u00f3n. Disfruta de un ba\u00f1o revitalizante y participa en actividades acu\u00e1ticas que te conectar\u00e1n a\u00fan m\u00e1s con la naturaleza.<\/p>\n<p>Rancho y degustaci\u00f3n: Dir\u00edjase al rancho para una pausa cultural y culinaria. Deguste un plato de frutas frescas, caf\u00e9 y chocolate mientras explora las plantas de caf\u00e9, cacao y otras frutas tropicales. Descubra la magia que se esconde tras la producci\u00f3n local.<\/p>\n<p>Regreso a las 12:00 PM: Despu\u00e9s de una ma\u00f1ana de descubrimientos, regresamos al punto de partida a las 12:00 PM.<\/p>\n<p>Segundo turno: 14:00 - 17:30<\/p>\n<p>Recogida a las 14:00: Prep\u00e1rate para una tarde llena de exploraci\u00f3n y aventuras en buggy.<\/p>\n<p>Bateyes y ca\u00f1a de az\u00facar: Reviva la experiencia de los bateyes, profundizando en la vida y la cultura de los trabajadores haitianos.<\/p>\n<p>R\u00edo Chav\u00f3n: Explore de nuevo las aguas del r\u00edo Chav\u00f3n, sumergi\u00e9ndose en la belleza natural y la emoci\u00f3n de las actividades acu\u00e1ticas.<\/p>\n<p>Rancho y degustaci\u00f3n: Vuelva al rancho para otra sesi\u00f3n de descubrimiento cultural y culinario. Explore el caf\u00e9, el cacao y otras delicias locales mientras degusta nuevos manjares.<\/p>\n<p>Regreso a las 17:30 Concluimos el tour al atardecer, regresando a su ubicaci\u00f3n a las 5:30 PM.<\/p>","protected":false},"excerpt":{"rendered":"<div data-track=\"overview\" data-v-f00c0656=\"\">\n<section id=\"activity-overview\" class=\"activity-overview\" data-component=\"overview\" data-v-f00c0656=\"\" data-v-f3236c42=\"\">\n<p class=\"activity-overview__content\" data-test-id=\"activity-overview-content\" data-v-f3236c42=\"\">Despierte su esp\u00edritu aventurero con nuestra Excursi\u00f3n en Buggy en Bayahibe. Desde la vibrante cultura de los bateyes hasta la emoci\u00f3n en las aguas del r\u00edo Chav\u00f3n.<\/p>\n<\/section>\n<\/div>\n<div data-track=\"key-details\" data-v-f00c0656=\"\"><\/div>","protected":false},"featured_media":10441,"template":"","meta":[],"product_brand":[],"product_cat":[97],"product_tag":[101,102],"class_list":{"0":"post-10185","1":"product","2":"type-product","3":"status-publish","4":"has-post-thumbnail","6":"product_cat-dominican-republic","7":"product_tag-excursion","8":"product_tag-tour","10":"first","11":"instock","12":"sale","13":"shipping-taxable","14":"product-type-external"},"_links":{"self":[{"href":"https:\/\/sabanadelamartours.com\/es\/wp-json\/wp\/v2\/product\/10185","targetHints":{"allow":["GET"]}}],"collection":[{"href":"https:\/\/sabanadelamartours.com\/es\/wp-json\/wp\/v2\/product"}],"about":[{"href":"https:\/\/sabanadelamartours.com\/es\/wp-json\/wp\/v2\/types\/product"}],"version-history":[{"count":2,"href":"https:\/\/sabanadelamartours.com\/es\/wp-json\/wp\/v2\/product\/10185\/revisions"}],"predecessor-version":[{"id":18413,"href":"https:\/\/sabanadelamartours.com\/es\/wp-json\/wp\/v2\/product\/10185\/revisions\/18413"}],"wp:featuredmedia":[{"embeddable":true,"href":"https:\/\/sabanadelamartours.com\/es\/wp-json\/wp\/v2\/media\/10441"}],"wp:attachment":[{"href":"https:\/\/sabanadelamartours.com\/es\/wp-json\/wp\/v2\/media?parent=10185"}],"wp:term":[{"taxonomy":"product_brand","embeddable":true,"href":"https:\/\/sabanadelamartours.com\/es\/wp-json\/wp\/v2\/product_brand?post=10185"},{"taxonomy":"product_cat","embeddable":true,"href":"https:\/\/sabanadelamartours.com\/es\/wp-json\/wp\/v2\/product_cat?post=10185"},{"taxonomy":"product_tag","embeddable":true,"href":"https:\/\/sabanadelamartours.com\/es\/wp-json\/wp\/v2\/product_tag?post=10185"}],"curies":[{"name":"wp","href":"https:\/\/api.w.org\/{rel}","templated":true}]}}