{"id":10189,"date":"2025-12-18T09:26:35","date_gmt":"2025-12-18T09:26:35","guid":{"rendered":"https:\/\/sabanadelamartours.com\/?post_type=product&#038;p=10189"},"modified":"2026-01-05T03:58:05","modified_gmt":"2026-01-05T03:58:05","slug":"isla-saona-playa-piscina-natural-excursion-en-grupo-reducido-c-almuerzo","status":"publish","type":"product","link":"https:\/\/sabanadelamartours.com\/es\/visita\/isla-saona-playa-piscina-natural-excursion-en-grupo-reducido-c-almuerzo\/","title":{"rendered":"Isla Saona: Playa y Piscina Natural Excursi\u00f3n en grupo reducido con almuerzo"},"content":{"rendered":"<p><strong>Isla Saona: Playa y Piscina Natural Excursi\u00f3n en grupo reducido con almuerzo<\/strong><\/p>\n<p>Prep\u00e1rese para embarcarse en un viaje extraordinario, que comenzar\u00e1 con una recogida panor\u00e1mica y un tranquilo trayecto en coche hasta Bayahibe, la puerta de entrada a su aventura. A su llegada a Bayahibe, zarpar\u00e1 en una elegante lancha r\u00e1pida que le llevar\u00e1 al impresionante Parque Nacional de Cotubanama. En ruta, tendr\u00e1 la oportunidad de participar en varias paradas cautivadoras y envolventes, que a\u00f1adir\u00e1n profundidad y emoci\u00f3n a su experiencia.<\/p>\n<p>La isla forma parte del Parque Nacional de Cotubanama y se puede llegar a ella en barco desde Bayahibe. Es una opci\u00f3n popular para excursiones de un d\u00eda, que ofrece la oportunidad de relajarse en la playa, nadar en las aguas cristalinas y disfrutar de la belleza natural de la zona. Si busca una excursi\u00f3n memorable con vistas panor\u00e1micas y experiencias \u00fanicas, merece la pena considerar la isla Saona.<\/p>","protected":false},"excerpt":{"rendered":"<div data-track=\"overview\" data-v-83a2b402=\"\">\n<section id=\"activity-overview\" class=\"activity-overview\" data-component=\"overview\" data-v-83a2b402=\"\" data-v-f3236c42=\"\">\n<p class=\"activity-overview__content\" data-test-id=\"activity-overview-content\" data-v-f3236c42=\"\">Explore la belleza de la isla Saona embarc\u00e1ndose en un crucero de aventura. Disfrute de una pausa para practicar snorkel, almuerce en una id\u00edlica playa de arena blanca y dese un refrescante chapuz\u00f3n en una pr\u00edstina piscina natural.<\/p>\n<\/section>\n<\/div>\n<div data-track=\"key-details\" data-v-83a2b402=\"\"><\/div>","protected":false},"featured_media":10489,"template":"","meta":[],"product_brand":[],"product_cat":[97],"product_tag":[101,102],"class_list":{"0":"post-10189","1":"product","2":"type-product","3":"status-publish","4":"has-post-thumbnail","6":"product_cat-dominican-republic","7":"product_tag-excursion","8":"product_tag-tour","10":"first","11":"instock","12":"sale","13":"shipping-taxable","14":"product-type-external"},"_links":{"self":[{"href":"https:\/\/sabanadelamartours.com\/es\/wp-json\/wp\/v2\/product\/10189","targetHints":{"allow":["GET"]}}],"collection":[{"href":"https:\/\/sabanadelamartours.com\/es\/wp-json\/wp\/v2\/product"}],"about":[{"href":"https:\/\/sabanadelamartours.com\/es\/wp-json\/wp\/v2\/types\/product"}],"version-history":[{"count":1,"href":"https:\/\/sabanadelamartours.com\/es\/wp-json\/wp\/v2\/product\/10189\/revisions"}],"predecessor-version":[{"id":18416,"href":"https:\/\/sabanadelamartours.com\/es\/wp-json\/wp\/v2\/product\/10189\/revisions\/18416"}],"wp:featuredmedia":[{"embeddable":true,"href":"https:\/\/sabanadelamartours.com\/es\/wp-json\/wp\/v2\/media\/10489"}],"wp:attachment":[{"href":"https:\/\/sabanadelamartours.com\/es\/wp-json\/wp\/v2\/media?parent=10189"}],"wp:term":[{"taxonomy":"product_brand","embeddable":true,"href":"https:\/\/sabanadelamartours.com\/es\/wp-json\/wp\/v2\/product_brand?post=10189"},{"taxonomy":"product_cat","embeddable":true,"href":"https:\/\/sabanadelamartours.com\/es\/wp-json\/wp\/v2\/product_cat?post=10189"},{"taxonomy":"product_tag","embeddable":true,"href":"https:\/\/sabanadelamartours.com\/es\/wp-json\/wp\/v2\/product_tag?post=10189"}],"curies":[{"name":"wp","href":"https:\/\/api.w.org\/{rel}","templated":true}]}}