{"id":10190,"date":"2025-12-18T09:26:35","date_gmt":"2025-12-18T09:26:35","guid":{"rendered":"https:\/\/sabanadelamartours.com\/?post_type=product&#038;p=10190"},"modified":"2026-02-09T04:21:18","modified_gmt":"2026-02-09T04:21:18","slug":"3en1-los-haitises-n-p-yanigua-cascada-montana-redonda","status":"publish","type":"product","link":"https:\/\/sabanadelamartours.com\/es\/visita\/3en1-los-haitises-n-p-yanigua-cascada-montana-redonda\/","title":{"rendered":"3en1: Los Haitises N P + Cascada Yanigua + Monta\u00f1a Redonda"},"content":{"rendered":"<div class=\"wpb-content-wrapper\"><div class=\"vc_row wpb_row st bg-holder\"><div class='container'><div class='row'>\n\t<div class=\"wpb_column column_container col-md-12\"><div class=\"vc_column-inner wpb_wrapper\">\n\t\t\t\n\t<div class=\"wpb_text_column wpb_content_element\" >\n\t\t<div class=\"wpb_wrapper\">\n\t\t\t<p><strong>3en1: Los Haitises N P + Cascada Yanigua + Monta\u00f1a Redonda<\/strong><\/p>\n<p>Usted est\u00e1 a punto de experimentar un verdadero tour ecol\u00f3gico para conocer el campo y las selvas de la Rep\u00fablica Dominicana, usted aprender\u00e1 sobre la historia y la cultura dominicana, el Parque Nacional Los Haitises donde se puede caminar a trav\u00e9s de los bosques tropicales utilizados como lugar de rodaje para el largometraje Jurassic Park.<\/p>\n<p>Ver\u00e1 las incre\u00edbles rocas que sobresalen del agua hasta 30 metros de altura. Los cientos de especies de aves en peligro de extinci\u00f3n sobrevolando el extenso paisaje del parque y sus majestuosos manglares.<\/p>\n<p>Navegar\u00e1s por Monta\u00f1a Redonda en un Safari Truck hasta llegar a su cima, disfrutando de sus majestuosas vistas panor\u00e1micas de la costa noreste de la Isla (Bah\u00eda de Saman\u00e1) a 305 metros de altura.<\/p>\n<p>Conocer\u00e1 decenas de plantaciones, incluidas las de cacao y caf\u00e9.<\/p>\n<p>Experimentar\u00e1 un espect\u00e1culo de cacao en el que le mostraremos paso a paso c\u00f3mo se cosecha el cacao hasta que se transforma en chocolate creando la Nutella dominicana, y beber\u00e1 chocolate caliente que podr\u00e1 degustar gratuitamente acompa\u00f1ado de un delicioso pan de coco de la casa.<\/p>\n<p>Nadar\u00e1s bajo una remota y virgen cascada en Yanigua y conocer\u00e1s la zona de \u00c1mbar Azul, \u00fanica en el mundo. La casa del \u00e1rbol de Tarz\u00e1n (una casa en la copa de un \u00e1rbol a 35 metros de altura).<\/p>\n<p>Tambi\u00e9n recibir\u00e1 aplicaciones para el cuidado de la piel con arcilla natural del r\u00edo sin coste adicional.<\/p>\n<p>Hora del almuerzo: Degustar\u00e1s la mejor comida dominicana de todos los tiempos, Almuerzo Buffet todo lo que puedas comer y barra libre sin alcohol al borde de la cascada.<\/p>\n<p>Le espera un d\u00eda lleno de experiencias memorables.<\/p>\n<div id=\"gtx-trans\" style=\"position: absolute; left: 283px; top: 48px;\">\n<div class=\"gtx-trans-icon\"><\/div>\n<\/div>\n<div id=\"gtx-trans\" style=\"position: absolute; left: 283px; top: 48px;\">\n<div class=\"gtx-trans-icon\"><\/div>\n<\/div>\n\n\t\t<\/div>\n\t<\/div>\n<div class=\"vc_empty_space\"   style=\"height: 32px\"><span class=\"vc_empty_space_inner\"><\/span><\/div>\n\t<div class=\"wpb_text_column wpb_content_element\" >\n\t\t<div class=\"wpb_wrapper\">\n\t\t\t<h2 class=\"collection-header_title\" data-test-id=\"collection-title\" data-v-9c8cb860=\"\">Basado en su b\u00fasqueda en Los Haitises :<\/h2>\n\n\t\t<\/div>\n\t<\/div>\n<div class=\"vc_empty_space\"   style=\"height: 32px\"><span class=\"vc_empty_space_inner\"><\/span><\/div><div class=\"woocommerce columns-4\"><ul class=\"products columns-4\">\n<li class=\"product type-product post-15730 status-publish first instock product_cat-dominican-republic product_tag-excursion product_tag-tour has-post-thumbnail shipping-taxable product-type-external\">\r\n\t<a href=\"https:\/\/sabanadelamartours.com\/es\/visita\/excursion-a-la-isla-saona-con-todo-incluido-desde-punta-cana-o-bayahibe\/\" class=\"woocommerce-LoopProduct-link woocommerce-loop-product__link\"><img fetchpriority=\"high\" decoding=\"async\" width=\"300\" height=\"300\" src=\"https:\/\/sabanadelamartours.com\/wp-content\/uploads\/2025\/12\/99-24-300x300.png\" class=\"attachment-woocommerce_thumbnail size-woocommerce_thumbnail\" alt=\"Cano Hondo Pozas Naturales y excursi\u00f3n en barco a Los Haitises\" srcset=\"https:\/\/sabanadelamartours.com\/wp-content\/uploads\/2025\/12\/99-24-300x300.png 300w, https:\/\/sabanadelamartours.com\/wp-content\/uploads\/2025\/12\/99-24-1536x1536.png 1536w, https:\/\/sabanadelamartours.com\/wp-content\/uploads\/2025\/12\/99-24-2048x2048.png 2048w, https:\/\/sabanadelamartours.com\/wp-content\/uploads\/2025\/12\/99-24-100x100.png 100w, https:\/\/sabanadelamartours.com\/wp-content\/uploads\/2025\/12\/99-24-266x266.png 266w\" sizes=\"(max-width: 300px) 100vw, 300px\" \/><h2 class=\"woocommerce-loop-product__title\">Cano Hondo Pozas Naturales y excursi\u00f3n en barco a Los Haitises<\/h2>\n\t<span class=\"price\"><span class=\"woocs_price_code\" data-currency=\"\" data-redraw-id=\"69ecebd83ea9a\"  data-product-id=\"15730\"><span class=\"woocommerce-Price-amount amount\"><bdi>67.00<span class=\"woocommerce-Price-currencySymbol\">&#36;<\/span><\/bdi><\/span><\/span><\/span>\n<\/a><a href=\"https:\/\/tourreservationlink.com\/en\/booking\/cano-hondo-natural-pools-and-los-haitises-boat-tour\" aria-describedby=\"woocommerce_loop_add_to_cart_link_describedby_15730\" data-quantity=\"1\" class=\"button product_type_external\" data-product_id=\"15730\" data-product_sku=\"\" aria-label=\"COMPRAR ENTRADA\" rel=\"nofollow noopener\" target=\"_blank\">COMPRAR ENTRADA<\/a>\t<span id=\"woocommerce_loop_add_to_cart_link_describedby_15730\" class=\"screen-reader-text\">\n\t\t\t<\/span>\n<\/li>\r\n<li class=\"product type-product post-17357 status-publish instock product_cat-dominican-republic product_tag-excursion product_tag-tour has-post-thumbnail shipping-taxable product-type-external\">\r\n\t<a href=\"https:\/\/sabanadelamartours.com\/es\/visita\/catamaran-excursion-de-un-dia-snorkeling-vela-excursion-compartida\/\" class=\"woocommerce-LoopProduct-link woocommerce-loop-product__link\"><img decoding=\"async\" width=\"300\" height=\"300\" src=\"https:\/\/sabanadelamartours.com\/wp-content\/uploads\/2025\/12\/99-216-300x300.jpg\" class=\"attachment-woocommerce_thumbnail size-woocommerce_thumbnail\" alt=\"Santo Domingo: Los Haitises e Isla de Cayo Levantado\" srcset=\"https:\/\/sabanadelamartours.com\/wp-content\/uploads\/2025\/12\/99-216-300x300.jpg 300w, https:\/\/sabanadelamartours.com\/wp-content\/uploads\/2025\/12\/99-216-1536x1536.jpg 1536w, https:\/\/sabanadelamartours.com\/wp-content\/uploads\/2025\/12\/99-216-2048x2048.jpg 2048w, https:\/\/sabanadelamartours.com\/wp-content\/uploads\/2025\/12\/99-216-100x100.jpg 100w, https:\/\/sabanadelamartours.com\/wp-content\/uploads\/2025\/12\/99-216-266x266.jpg 266w\" sizes=\"(max-width: 300px) 100vw, 300px\" \/><h2 class=\"woocommerce-loop-product__title\">Santo Domingo: Los Haitises e Isla de Cayo Levantado<\/h2>\n\t<span class=\"price\"><span class=\"woocs_price_code\" data-currency=\"\" data-redraw-id=\"69ecebd83f773\"  data-product-id=\"17357\"><span class=\"woocommerce-Price-amount amount\"><bdi>175.00<span class=\"woocommerce-Price-currencySymbol\">&#36;<\/span><\/bdi><\/span><\/span><\/span>\n<\/a><a href=\"https:\/\/tourreservationlink.com\/en\/booking\/santo-domingo-los-haitises-and-cayo-levantado-island\" aria-describedby=\"woocommerce_loop_add_to_cart_link_describedby_17357\" data-quantity=\"1\" class=\"button product_type_external\" data-product_id=\"17357\" data-product_sku=\"\" aria-label=\"COMPRAR ENTRADA\" rel=\"nofollow noopener\" target=\"_blank\">COMPRAR ENTRADA<\/a>\t<span id=\"woocommerce_loop_add_to_cart_link_describedby_17357\" class=\"screen-reader-text\">\n\t\t\t<\/span>\n<\/li>\r\n<\/ul>\n<\/div><\/div>\n\t<\/div> \n<\/div><!--End .row--><\/div><!--End .container--><\/div>\n<\/div>","protected":false},"excerpt":{"rendered":"<div data-track=\"overview\" data-v-83a2b402=\"\">\n<section id=\"activity-overview\" class=\"activity-overview\" data-component=\"overview\" data-v-83a2b402=\"\" data-v-f3236c42=\"\">\n<p class=\"activity-overview__content\" data-test-id=\"activity-overview-content\" data-v-f3236c42=\"\">Experimente un viaje de un d\u00eda completo, con todo incluido, inmerso en la aut\u00e9ntica cultura dominicana, explorando la vida salvaje del pa\u00eds. Conozca manglares, \u00e1mbar azul, cuevas, selvas, bosques tropicales, cascadas y mucho m\u00e1s...<\/p>\n<\/section>\n<\/div>\n<div data-track=\"key-details\" data-v-83a2b402=\"\"><\/div>","protected":false},"featured_media":10506,"template":"","meta":[],"product_brand":[],"product_cat":[97],"product_tag":[101,102],"class_list":{"0":"post-10190","1":"product","2":"type-product","3":"status-publish","4":"has-post-thumbnail","6":"product_cat-dominican-republic","7":"product_tag-excursion","8":"product_tag-tour","10":"first","11":"instock","12":"sale","13":"shipping-taxable","14":"product-type-external"},"_links":{"self":[{"href":"https:\/\/sabanadelamartours.com\/es\/wp-json\/wp\/v2\/product\/10190","targetHints":{"allow":["GET"]}}],"collection":[{"href":"https:\/\/sabanadelamartours.com\/es\/wp-json\/wp\/v2\/product"}],"about":[{"href":"https:\/\/sabanadelamartours.com\/es\/wp-json\/wp\/v2\/types\/product"}],"version-history":[{"count":2,"href":"https:\/\/sabanadelamartours.com\/es\/wp-json\/wp\/v2\/product\/10190\/revisions"}],"predecessor-version":[{"id":18827,"href":"https:\/\/sabanadelamartours.com\/es\/wp-json\/wp\/v2\/product\/10190\/revisions\/18827"}],"wp:featuredmedia":[{"embeddable":true,"href":"https:\/\/sabanadelamartours.com\/es\/wp-json\/wp\/v2\/media\/10506"}],"wp:attachment":[{"href":"https:\/\/sabanadelamartours.com\/es\/wp-json\/wp\/v2\/media?parent=10190"}],"wp:term":[{"taxonomy":"product_brand","embeddable":true,"href":"https:\/\/sabanadelamartours.com\/es\/wp-json\/wp\/v2\/product_brand?post=10190"},{"taxonomy":"product_cat","embeddable":true,"href":"https:\/\/sabanadelamartours.com\/es\/wp-json\/wp\/v2\/product_cat?post=10190"},{"taxonomy":"product_tag","embeddable":true,"href":"https:\/\/sabanadelamartours.com\/es\/wp-json\/wp\/v2\/product_tag?post=10190"}],"curies":[{"name":"wp","href":"https:\/\/api.w.org\/{rel}","templated":true}]}}