{"id":10215,"date":"2025-12-18T09:27:15","date_gmt":"2025-12-18T09:27:15","guid":{"rendered":"https:\/\/sabanadelamartours.com\/?post_type=product&#038;p=10215"},"modified":"2025-12-18T09:41:06","modified_gmt":"2025-12-18T09:41:06","slug":"avistamiento-de-ballenas-en-samana-y-excursion-de-dia-completo-a-cayo-levantado","status":"publish","type":"product","link":"https:\/\/sabanadelamartours.com\/es\/visita\/avistamiento-de-ballenas-en-samana-y-excursion-de-dia-completo-a-cayo-levantado\/","title":{"rendered":"Saman\u00e1: Excursi\u00f3n de un d\u00eda a Cayo Levantado y Avistamiento de Ballenas"},"content":{"rendered":"<div class=\"wpb-content-wrapper\"><div class=\"vc_row wpb_row st bg-holder\"><div class='container'><div class='row'>\n\t<div class=\"wpb_column column_container col-md-12\"><div class=\"vc_column-inner wpb_wrapper\">\n\t\t\t\n\t<div class=\"wpb_text_column wpb_content_element\" >\n\t\t<div class=\"wpb_wrapper\">\n\t\t\t<p><strong>Saman\u00e1: Excursi\u00f3n de un d\u00eda a Cayo Levantado y Avistamiento de Ballenas<\/strong><\/p>\n<p>Viaje en catamar\u00e1n para explorar la bah\u00eda de Saman\u00e1, que alberga miles de ballenas jorobadas durante su \u00e9poca invernal de apareamiento. A continuaci\u00f3n, disfrute de las pintorescas vistas de Cayo Levantado, tambi\u00e9n conocido como isla Bacard\u00ed. B\u00e1\u00f1ese en las serenas aguas y tome el sol en las playas de arena blanca antes de emprender el regreso.<\/p>\n<p>Salga de Saman\u00e1 y dir\u00edjase hacia la bah\u00eda de Saman\u00e1, escudri\u00f1ando las aguas en busca de las majestuosas ballenas jorobadas en plena temporada de apareamiento. Disfrute de estar en el agua y si\u00e9ntase c\u00f3modo con aperitivos y bebidas a bordo. Tome fotos de estos grandes animales y aprenda datos importantes de su gu\u00eda.<\/p>\n<p>A continuaci\u00f3n, navegue hacia la isla Bacard\u00ed o Cayo Levantado. Admire las aguas turquesas y la arena blanca que rodean la isla. Si\u00e9ntese y rel\u00e1jese en las c\u00e1lidas playas y b\u00e1\u00f1ese al sol. Aproveche para zambullirse en las serenas aguas y disfrutar del resto del d\u00eda antes de regresar al muelle.<\/p>\n\n\t\t<\/div>\n\t<\/div>\n<div class=\"vc_empty_space\"   style=\"height: 32px\"><span class=\"vc_empty_space_inner\"><\/span><\/div>\n\t<div class=\"wpb_text_column wpb_content_element\" >\n\t\t<div class=\"wpb_wrapper\">\n\t\t\t<h2 class=\"collection-header_title\" data-test-id=\"collection-title\" data-v-9c8cb860=\"\">Basado en su b\u00fasqueda en Avistamiento de Ballenas Saman\u00e1 :<\/h2>\n\n\t\t<\/div>\n\t<\/div>\n<div class=\"vc_empty_space\"   style=\"height: 32px\"><span class=\"vc_empty_space_inner\"><\/span><\/div><div class=\"woocommerce columns-4\"><ul class=\"products columns-4\">\n<li class=\"product type-product post-18154 status-publish first instock product_cat-dominican-republic product_tag-excursion product_tag-tour has-post-thumbnail shipping-taxable product-type-external\">\r\n\t<a href=\"https:\/\/sabanadelamartours.com\/es\/visita\/los-haitises-kayak-cano-hondo-piscinas-excursion-en-grupo-desde-miches\/\" class=\"woocommerce-LoopProduct-link woocommerce-loop-product__link\"><img fetchpriority=\"high\" decoding=\"async\" width=\"300\" height=\"300\" src=\"https:\/\/sabanadelamartours.com\/wp-content\/uploads\/2025\/12\/99-53-300x300.png\" class=\"attachment-woocommerce_thumbnail size-woocommerce_thumbnail\" alt=\"Las Terrenas: Avistamiento Privado de Ballenas Medio D\u00eda\" srcset=\"https:\/\/sabanadelamartours.com\/wp-content\/uploads\/2025\/12\/99-53-300x300.png 300w, https:\/\/sabanadelamartours.com\/wp-content\/uploads\/2025\/12\/99-53-1536x1536.png 1536w, https:\/\/sabanadelamartours.com\/wp-content\/uploads\/2025\/12\/99-53-2048x2048.png 2048w, https:\/\/sabanadelamartours.com\/wp-content\/uploads\/2025\/12\/99-53-100x100.png 100w, https:\/\/sabanadelamartours.com\/wp-content\/uploads\/2025\/12\/99-53-266x266.png 266w\" sizes=\"(max-width: 300px) 100vw, 300px\" \/><h2 class=\"woocommerce-loop-product__title\">Las Terrenas: Avistamiento Privado de Ballenas Medio D\u00eda<\/h2>\n\t<span class=\"price\"><span class=\"woocs_price_code\" data-currency=\"\" data-redraw-id=\"69ecec072bbd5\"  data-product-id=\"18154\"><span class=\"woocommerce-Price-amount amount\"><bdi>450.00<span class=\"woocommerce-Price-currencySymbol\">&#36;<\/span><\/bdi><\/span><\/span><\/span>\n<\/a><a href=\"https:\/\/tourreservationlink.com\/en\/booking\/las-terrenas-private-whale-watching-half-day\" aria-describedby=\"woocommerce_loop_add_to_cart_link_describedby_18154\" data-quantity=\"1\" class=\"button product_type_external\" data-product_id=\"18154\" data-product_sku=\"\" aria-label=\"COMPRAR ENTRADA\" rel=\"nofollow noopener\" target=\"_blank\">COMPRAR ENTRADA<\/a>\t<span id=\"woocommerce_loop_add_to_cart_link_describedby_18154\" class=\"screen-reader-text\">\n\t\t\t<\/span>\n<\/li>\r\n<\/ul>\n<\/div><div class=\"vc_empty_space\"   style=\"height: 32px\"><span class=\"vc_empty_space_inner\"><\/span><\/div><\/div>\n\t<\/div> \n<\/div><!--End .row--><\/div><!--End .container--><\/div>\n<\/div>","protected":false},"excerpt":{"rendered":"<div data-track=\"overview\" data-v-83a2b402=\"\">\n<section id=\"activity-overview\" class=\"activity-overview\" data-component=\"overview\" data-v-83a2b402=\"\" data-v-f3236c42=\"\">\n<p class=\"activity-overview__content\" data-test-id=\"activity-overview-content\" data-v-f3236c42=\"\">Viva la inolvidable experiencia del avistamiento de ballenas y disfrute de la paradis\u00edaca isla de Cayo Levantado. Dedique un d\u00eda completo a explorar la isla Bacard\u00ed, con sus aguas turquesas y sus playas de arena blanca.<\/p>\n<\/section>\n<\/div>\n<div data-track=\"key-details\" data-v-83a2b402=\"\"><\/div>","protected":false},"featured_media":10615,"template":"","meta":[],"product_brand":[],"product_cat":[97],"product_tag":[101,102],"class_list":{"0":"post-10215","1":"product","2":"type-product","3":"status-publish","4":"has-post-thumbnail","6":"product_cat-dominican-republic","7":"product_tag-excursion","8":"product_tag-tour","10":"first","11":"instock","12":"sale","13":"shipping-taxable","14":"product-type-external"},"_links":{"self":[{"href":"https:\/\/sabanadelamartours.com\/es\/wp-json\/wp\/v2\/product\/10215","targetHints":{"allow":["GET"]}}],"collection":[{"href":"https:\/\/sabanadelamartours.com\/es\/wp-json\/wp\/v2\/product"}],"about":[{"href":"https:\/\/sabanadelamartours.com\/es\/wp-json\/wp\/v2\/types\/product"}],"version-history":[{"count":0,"href":"https:\/\/sabanadelamartours.com\/es\/wp-json\/wp\/v2\/product\/10215\/revisions"}],"wp:featuredmedia":[{"embeddable":true,"href":"https:\/\/sabanadelamartours.com\/es\/wp-json\/wp\/v2\/media\/10615"}],"wp:attachment":[{"href":"https:\/\/sabanadelamartours.com\/es\/wp-json\/wp\/v2\/media?parent=10215"}],"wp:term":[{"taxonomy":"product_brand","embeddable":true,"href":"https:\/\/sabanadelamartours.com\/es\/wp-json\/wp\/v2\/product_brand?post=10215"},{"taxonomy":"product_cat","embeddable":true,"href":"https:\/\/sabanadelamartours.com\/es\/wp-json\/wp\/v2\/product_cat?post=10215"},{"taxonomy":"product_tag","embeddable":true,"href":"https:\/\/sabanadelamartours.com\/es\/wp-json\/wp\/v2\/product_tag?post=10215"}],"curies":[{"name":"wp","href":"https:\/\/api.w.org\/{rel}","templated":true}]}}