{"id":10299,"date":"2025-12-18T09:29:59","date_gmt":"2025-12-18T09:29:59","guid":{"rendered":"https:\/\/sabanadelamartours.com\/?post_type=product&#038;p=10299"},"modified":"2026-02-09T06:02:30","modified_gmt":"2026-02-09T06:02:30","slug":"desde-barahona-larimar-mine-tour","status":"publish","type":"product","link":"https:\/\/sabanadelamartours.com\/es\/visita\/desde-barahona-larimar-mine-tour\/","title":{"rendered":"Desde Barahona: Excursi\u00f3n Mina Larimar"},"content":{"rendered":"<p>Tras recogerle en su hotel de la zona de Barahona, conduzca por la espectacular carretera costera hasta Bahoruco. Bien escondida en las monta\u00f1as, visitar\u00e1 la \u00fanica mina de Larimar existente en el mundo, la piedra azul exclusiva de la Rep\u00fablica Dominicana. Descubierta en 1974, esta piedra es resistente a los ara\u00f1azos y muy f\u00e1cil de pulir, y se utiliza para fabricar joyas de una belleza \u00fanica. Al llegar a la mina, har\u00e1 un recorrido por la zona con la oportunidad de hablar con los mineros antes de darse un refrescante chapuz\u00f3n en las aguas de una piscina natural antes de regresar a su alojamiento en Barahona.<\/p>","protected":false},"excerpt":{"rendered":"<p>Visite la \u00fanica mina de larimar del mundo. Conoce a los mineros y aprende m\u00e1s sobre la extracci\u00f3n de esta piedra azul tan especial.<\/p>","protected":false},"featured_media":10686,"template":"","meta":[],"product_brand":[],"product_cat":[97],"product_tag":[101,102],"class_list":{"0":"post-10299","1":"product","2":"type-product","3":"status-publish","4":"has-post-thumbnail","6":"product_cat-dominican-republic","7":"product_tag-excursion","8":"product_tag-tour","10":"first","11":"instock","12":"shipping-taxable","13":"product-type-external"},"_links":{"self":[{"href":"https:\/\/sabanadelamartours.com\/es\/wp-json\/wp\/v2\/product\/10299","targetHints":{"allow":["GET"]}}],"collection":[{"href":"https:\/\/sabanadelamartours.com\/es\/wp-json\/wp\/v2\/product"}],"about":[{"href":"https:\/\/sabanadelamartours.com\/es\/wp-json\/wp\/v2\/types\/product"}],"version-history":[{"count":1,"href":"https:\/\/sabanadelamartours.com\/es\/wp-json\/wp\/v2\/product\/10299\/revisions"}],"predecessor-version":[{"id":18874,"href":"https:\/\/sabanadelamartours.com\/es\/wp-json\/wp\/v2\/product\/10299\/revisions\/18874"}],"wp:featuredmedia":[{"embeddable":true,"href":"https:\/\/sabanadelamartours.com\/es\/wp-json\/wp\/v2\/media\/10686"}],"wp:attachment":[{"href":"https:\/\/sabanadelamartours.com\/es\/wp-json\/wp\/v2\/media?parent=10299"}],"wp:term":[{"taxonomy":"product_brand","embeddable":true,"href":"https:\/\/sabanadelamartours.com\/es\/wp-json\/wp\/v2\/product_brand?post=10299"},{"taxonomy":"product_cat","embeddable":true,"href":"https:\/\/sabanadelamartours.com\/es\/wp-json\/wp\/v2\/product_cat?post=10299"},{"taxonomy":"product_tag","embeddable":true,"href":"https:\/\/sabanadelamartours.com\/es\/wp-json\/wp\/v2\/product_tag?post=10299"}],"curies":[{"name":"wp","href":"https:\/\/api.w.org\/{rel}","templated":true}]}}