{"id":10376,"date":"2025-12-18T09:33:21","date_gmt":"2025-12-18T09:33:21","guid":{"rendered":"https:\/\/sabanadelamartours.com\/?post_type=product&#038;p=10376"},"modified":"2026-02-09T06:15:06","modified_gmt":"2026-02-09T06:15:06","slug":"santo-domingo-ciudad-barrio-colonial-visita-guiada-en-bicicleta","status":"publish","type":"product","link":"https:\/\/sabanadelamartours.com\/es\/visita\/santo-domingo-ciudad-barrio-colonial-visita-guiada-en-bicicleta\/","title":{"rendered":"Santo Domingo: Recorrido guiado en bicicleta por el barrio de Ciudad Colonial"},"content":{"rendered":"<p>\u00bfEst\u00e1 listo para una aventura inolvidable en el coraz\u00f3n de Santo Domingo? \u00danase a nosotros en el recorrido m\u00e1s divertido y aut\u00e9ntico de la Zona Colonial, donde la historia y la cultura cobran vida, \u00a1todo ello mientras crea recuerdos imborrables!<\/p>\n<p>Prep\u00e1rate para cubrir m\u00e1s terreno y aprovechar al m\u00e1ximo tu tiempo en esta vibrante ciudad. Nuestro tour est\u00e1 dise\u00f1ado para llevarte a los rincones m\u00e1s bonitos y escondidos, \u00a1perfectos para esas fotos dignas de Insta que dar\u00e1n envidia a tus amigos!<\/p>\n<p>Este recorrido no es s\u00f3lo una visita tur\u00edstica; es una inmersi\u00f3n en el alma de Santo Domingo. Desde las vistas panor\u00e1micas del mar Caribe, sintiendo la refrescante brisa en la cara, hasta la exploraci\u00f3n de los principales parques, plazas y ruinas centenarias, conocer\u00e1 la rica historia y patrimonio de la ciudad.<\/p>\n<p>Pero eso no es todo. Le llevaremos a visitar encantadores negocios locales que realmente muestran lo mejor de nuestra cultura. Tendr\u00e1 la oportunidad de vivir Santo Domingo como un lugare\u00f1o m\u00e1s, descubriendo los mejores lugares para comer, beber, bailar y comprar. Al final del recorrido, se sentir\u00e1 como si llevara a\u00f1os viviendo aqu\u00ed.<\/p>\n<p>No te preocupes por las restricciones de edad; este recorrido de 7 KM est\u00e1 adaptado para todas las edades, para que todos puedan unirse a la diversi\u00f3n. Solo tienes que presentarte 15 minutos antes de que empiece el recorrido, y nosotros nos ocuparemos del resto<\/p>","protected":false},"excerpt":{"rendered":"<div data-track=\"overview\" data-v-83a2b402=\"\">\n<section id=\"activity-overview\" class=\"activity-overview\" data-component=\"overview\" data-v-83a2b402=\"\" data-v-f3236c42=\"\">\n<p class=\"activity-overview__content\" data-test-id=\"activity-overview-content\" data-v-f3236c42=\"\">Explore el barrio de Ciudad Colonial en Santo Domingo en una visita guiada en bicicleta por la ciudad. Disfrute de las pintorescas vistas del mar Caribe y descubra los mejores locales para bailar y tomar unas copas.<\/p>\n<\/section>\n<\/div>\n<div data-track=\"key-details\" data-v-83a2b402=\"\"><\/div>","protected":false},"featured_media":10739,"template":"","meta":[],"product_brand":[],"product_cat":[97],"product_tag":[101,102],"class_list":{"0":"post-10376","1":"product","2":"type-product","3":"status-publish","4":"has-post-thumbnail","6":"product_cat-dominican-republic","7":"product_tag-excursion","8":"product_tag-tour","10":"first","11":"instock","12":"shipping-taxable","13":"product-type-external"},"_links":{"self":[{"href":"https:\/\/sabanadelamartours.com\/es\/wp-json\/wp\/v2\/product\/10376","targetHints":{"allow":["GET"]}}],"collection":[{"href":"https:\/\/sabanadelamartours.com\/es\/wp-json\/wp\/v2\/product"}],"about":[{"href":"https:\/\/sabanadelamartours.com\/es\/wp-json\/wp\/v2\/types\/product"}],"version-history":[{"count":1,"href":"https:\/\/sabanadelamartours.com\/es\/wp-json\/wp\/v2\/product\/10376\/revisions"}],"predecessor-version":[{"id":18876,"href":"https:\/\/sabanadelamartours.com\/es\/wp-json\/wp\/v2\/product\/10376\/revisions\/18876"}],"wp:featuredmedia":[{"embeddable":true,"href":"https:\/\/sabanadelamartours.com\/es\/wp-json\/wp\/v2\/media\/10739"}],"wp:attachment":[{"href":"https:\/\/sabanadelamartours.com\/es\/wp-json\/wp\/v2\/media?parent=10376"}],"wp:term":[{"taxonomy":"product_brand","embeddable":true,"href":"https:\/\/sabanadelamartours.com\/es\/wp-json\/wp\/v2\/product_brand?post=10376"},{"taxonomy":"product_cat","embeddable":true,"href":"https:\/\/sabanadelamartours.com\/es\/wp-json\/wp\/v2\/product_cat?post=10376"},{"taxonomy":"product_tag","embeddable":true,"href":"https:\/\/sabanadelamartours.com\/es\/wp-json\/wp\/v2\/product_tag?post=10376"}],"curies":[{"name":"wp","href":"https:\/\/api.w.org\/{rel}","templated":true}]}}