{"id":10417,"date":"2025-12-18T09:34:02","date_gmt":"2025-12-18T09:34:02","guid":{"rendered":"https:\/\/sabanadelamartours.com\/?post_type=product&#038;p=10417"},"modified":"2026-02-09T04:37:35","modified_gmt":"2026-02-09T04:37:35","slug":"bayahibe-aventura-en-buggies-entre-cuevas-de-la-selva-y-playas","status":"publish","type":"product","link":"https:\/\/sabanadelamartours.com\/es\/visita\/bayahibe-aventura-en-buggies-entre-cuevas-de-la-selva-y-playas\/","title":{"rendered":"Bayahibe Buggies Aventura entre Selva, Cuevas y Playas"},"content":{"rendered":"<p><strong>Bayahibe Buggies Aventura entre Selva, Cuevas y Playas<\/strong><\/p>\n<p>\u00a1Prep\u00e1rate para una aventura inolvidable con nuestro tour en buggy en Bayahibe, La Romana!<\/p>\n<p>Esta emocionante excursi\u00f3n todoterreno le sumergir\u00e1 en la impresionante belleza de exuberantes paisajes tropicales, permiti\u00e9ndole experimentar la emoci\u00f3n de navegar por sinuosos caminos de tierra y serpenteantes senderos selv\u00e1ticos.<\/p>\n<p>Al atravesar este impresionante terreno, tendr\u00e1 la oportunidad de descubrir intrigantes cuevas ocultas, que ofrecen la oportunidad perfecta para una breve exploraci\u00f3n y una conexi\u00f3n m\u00e1s profunda con la naturaleza. Adem\u00e1s, tendr\u00e1 la oportunidad de descansar en una playa aislada y virgen, donde podr\u00e1 relajarse, tomar el sol y rejuvenecer en medio del impresionante paisaje costero.<\/p>\n<p>Esta excursi\u00f3n est\u00e1 dise\u00f1ada para ofrecer una combinaci\u00f3n inigualable de emoci\u00f3n y adrenalina, maravillas naturales v\u00edrgenes e impresionantes vistas panor\u00e1micas, lo que la convierte en la opci\u00f3n ideal para los amantes de las emociones fuertes y los que buscan una experiencia \u00fanica y envolvente en el coraz\u00f3n del Caribe.<\/p>\n<p>Bayahibe, la ciudad tambi\u00e9n sirve de puerta de entrada al cercano Parque Nacional del Este, una zona protegida famosa por sus diversos ecosistemas, que incluyen playas v\u00edrgenes, frondosos bosques y fascinantes cuevas. Adem\u00e1s, Bayahibe ofrece una amplia gama de actividades, como snorkel, submarinismo y excursiones en barco, que brindan a los visitantes amplias oportunidades de explorar la belleza natural de la regi\u00f3n.<\/p>","protected":false},"excerpt":{"rendered":"<div data-track=\"overview\" data-v-83a2b402=\"\">\n<section id=\"activity-overview\" class=\"activity-overview\" data-component=\"overview\" data-v-83a2b402=\"\" data-v-f3236c42=\"\">\n<p class=\"activity-overview__content\" data-test-id=\"activity-overview-content\" data-v-f3236c42=\"\">1. Vive la emoci\u00f3n de conducir buggies todoterreno por los paisajes tropicales de Bayahibe. 2. Explora senderos selv\u00e1ticos, cuevas escondidas y playas paradis\u00edacas en una aventura inolvidable.<\/p>\n<\/section>\n<\/div>\n<div data-track=\"key-details\" data-v-83a2b402=\"\"><\/div>","protected":false},"featured_media":10752,"template":"","meta":[],"product_brand":[],"product_cat":[97],"product_tag":[101,102],"class_list":{"0":"post-10417","1":"product","2":"type-product","3":"status-publish","4":"has-post-thumbnail","6":"product_cat-dominican-republic","7":"product_tag-excursion","8":"product_tag-tour","10":"first","11":"instock","12":"sale","13":"shipping-taxable","14":"product-type-external"},"_links":{"self":[{"href":"https:\/\/sabanadelamartours.com\/es\/wp-json\/wp\/v2\/product\/10417","targetHints":{"allow":["GET"]}}],"collection":[{"href":"https:\/\/sabanadelamartours.com\/es\/wp-json\/wp\/v2\/product"}],"about":[{"href":"https:\/\/sabanadelamartours.com\/es\/wp-json\/wp\/v2\/types\/product"}],"version-history":[{"count":2,"href":"https:\/\/sabanadelamartours.com\/es\/wp-json\/wp\/v2\/product\/10417\/revisions"}],"predecessor-version":[{"id":18837,"href":"https:\/\/sabanadelamartours.com\/es\/wp-json\/wp\/v2\/product\/10417\/revisions\/18837"}],"wp:featuredmedia":[{"embeddable":true,"href":"https:\/\/sabanadelamartours.com\/es\/wp-json\/wp\/v2\/media\/10752"}],"wp:attachment":[{"href":"https:\/\/sabanadelamartours.com\/es\/wp-json\/wp\/v2\/media?parent=10417"}],"wp:term":[{"taxonomy":"product_brand","embeddable":true,"href":"https:\/\/sabanadelamartours.com\/es\/wp-json\/wp\/v2\/product_brand?post=10417"},{"taxonomy":"product_cat","embeddable":true,"href":"https:\/\/sabanadelamartours.com\/es\/wp-json\/wp\/v2\/product_cat?post=10417"},{"taxonomy":"product_tag","embeddable":true,"href":"https:\/\/sabanadelamartours.com\/es\/wp-json\/wp\/v2\/product_tag?post=10417"}],"curies":[{"name":"wp","href":"https:\/\/api.w.org\/{rel}","templated":true}]}}