{"id":10468,"date":"2025-12-18T09:36:06","date_gmt":"2025-12-18T09:36:06","guid":{"rendered":"https:\/\/sabanadelamartours.com\/?post_type=product&#038;p=10468"},"modified":"2026-02-09T04:38:25","modified_gmt":"2026-02-09T04:38:25","slug":"excursiones-en-buggy-en-punta-cana-con-recogida-en-el-hotel-y-aventura","status":"publish","type":"product","link":"https:\/\/sabanadelamartours.com\/es\/visita\/excursiones-en-buggy-en-punta-cana-con-recogida-en-el-hotel-y-aventura\/","title":{"rendered":"Punta Cana: Excursiones en Buggy con Recogida en el Hotel y Aventura"},"content":{"rendered":"<p><strong>Punta Cana: Excursiones en Buggy con Recogida en el Hotel y Aventura<\/strong><\/p>\n<p>Tras recogerte en tu hotel, nos dirigiremos al interior de Punta Cana. Rodeados de plantaciones de caf\u00e9 y cacao, te explicaremos la ruta que seguiremos y todo lo que necesitas saber para conducir un buggy.<\/p>\n<p>We will start the engines and begin an exciting route through mud-covered trails, coffee plantations, and hills. We will pass through a riverbed and feel the excitement of advancing cross-country.<\/p>\n<p>The first stop will be Macao Beach. Far from the big hotels and the most touristy areas, this paradise will welcome us with its clear sand and crystal clear waters. Who would like a bath?<\/p>\n<p>We will have time to walk and immerse ourselves in the Sea Caribbean.<\/p>\n<p>Continuaremos la ruta en buggy hacia los llamados Manantiales Ind\u00edgenas. All\u00ed descubriremos uno de los cenotes m\u00e1s id\u00edlicos de Punta Cana. Bajaremos de los veh\u00edculos y dispondremos de media hora para explorar esta piscina subterr\u00e1nea. \u00a1Vamos a nadar en sus aguas turquesas!<\/p>\n<p>Finalmente, dejaremos los buggies y le acompa\u00f1aremos de vuelta a su alojamiento para dar por concluida la excursi\u00f3n tras cuatro horas de experiencia.<\/p>","protected":false},"excerpt":{"rendered":"<div data-track=\"overview\" data-v-83a2b402=\"\">\n<section id=\"activity-overview\" class=\"activity-overview\" data-component=\"overview\" data-v-83a2b402=\"\" data-v-f3236c42=\"\">\n<p class=\"activity-overview__content\" data-test-id=\"activity-overview-content\" data-v-f3236c42=\"\">Buggy emotions: Live the extreme buggy experience, with your family and friends in Punta Cana, feel the adrenaline of a buggy. Customer from Cap Cana or Punta Cana Village pay 10 us<\/p>\n<\/section>\n<\/div>\n<div data-track=\"key-details\" data-v-83a2b402=\"\"><\/div>","protected":false},"featured_media":10772,"template":"","meta":[],"product_brand":[],"product_cat":[97],"product_tag":[101,102],"class_list":{"0":"post-10468","1":"product","2":"type-product","3":"status-publish","4":"has-post-thumbnail","6":"product_cat-dominican-republic","7":"product_tag-excursion","8":"product_tag-tour","10":"first","11":"instock","12":"sale","13":"shipping-taxable","14":"product-type-external"},"_links":{"self":[{"href":"https:\/\/sabanadelamartours.com\/es\/wp-json\/wp\/v2\/product\/10468","targetHints":{"allow":["GET"]}}],"collection":[{"href":"https:\/\/sabanadelamartours.com\/es\/wp-json\/wp\/v2\/product"}],"about":[{"href":"https:\/\/sabanadelamartours.com\/es\/wp-json\/wp\/v2\/types\/product"}],"version-history":[{"count":1,"href":"https:\/\/sabanadelamartours.com\/es\/wp-json\/wp\/v2\/product\/10468\/revisions"}],"predecessor-version":[{"id":18838,"href":"https:\/\/sabanadelamartours.com\/es\/wp-json\/wp\/v2\/product\/10468\/revisions\/18838"}],"wp:featuredmedia":[{"embeddable":true,"href":"https:\/\/sabanadelamartours.com\/es\/wp-json\/wp\/v2\/media\/10772"}],"wp:attachment":[{"href":"https:\/\/sabanadelamartours.com\/es\/wp-json\/wp\/v2\/media?parent=10468"}],"wp:term":[{"taxonomy":"product_brand","embeddable":true,"href":"https:\/\/sabanadelamartours.com\/es\/wp-json\/wp\/v2\/product_brand?post=10468"},{"taxonomy":"product_cat","embeddable":true,"href":"https:\/\/sabanadelamartours.com\/es\/wp-json\/wp\/v2\/product_cat?post=10468"},{"taxonomy":"product_tag","embeddable":true,"href":"https:\/\/sabanadelamartours.com\/es\/wp-json\/wp\/v2\/product_tag?post=10468"}],"curies":[{"name":"wp","href":"https:\/\/api.w.org\/{rel}","templated":true}]}}