{"id":10613,"date":"2025-12-18T09:40:52","date_gmt":"2025-12-18T09:40:52","guid":{"rendered":"https:\/\/sabanadelamartours.com\/?post_type=product&#038;p=10613"},"modified":"2026-01-05T05:06:34","modified_gmt":"2026-01-05T05:06:34","slug":"punta-cana-samana-cayo-levantado-visita-a-la-ballena","status":"publish","type":"product","link":"https:\/\/sabanadelamartours.com\/es\/visita\/punta-cana-samana-cayo-levantado-visita-a-la-ballena\/","title":{"rendered":"Punta Cana: Samana Cayo Levantado \/ Visita a la ballena"},"content":{"rendered":"<p>entre las 7:00 y las 8:00, le recogeremos en su hotel de punta pana para dirigirnos a saman\u00e1. una vez all\u00ed, subiremos a un autob\u00fas que nos llevar\u00e1 en un recorrido panor\u00e1mico por la ciudad de Santa B\u00e1rbara de Saman\u00e1. Desde el autob\u00fas podr\u00e1 ver las encantadoras casas de colores de esta ciudad, as\u00ed como los paisajes tropicales que la rodean. A continuaci\u00f3n nos dirigiremos a una hacienda, desde donde caminaremos hasta llegar a la cascada El Lim\u00f3n. Si lo prefiere, tambi\u00e9n puede hacer este recorrido a caballo. Una vez all\u00ed, podr\u00e1 ba\u00f1arse en la poza de aguas turquesas que se forma bajo la cascada. Al regresar de la cascada, nos dirigiremos al centro de Saman\u00e1 para reponer fuerzas con un delicioso almuerzo buffet que incluir\u00e1 pescado fresco, frijoles, arroz y otras comidas tradicionales. A continuaci\u00f3n, embarcaremos en un catamar\u00e1n para llegar a Cayo Levantado. Este entorno id\u00edlico ser\u00e1 el lugar perfecto para disfrutar de una pi\u00f1a colada, \u00a1chin-chin! Por \u00faltimo, regresaremos a la costa para tomar el minib\u00fas y partir hacia Punta Cana. La llegada a su hotel est\u00e1 prevista entre las 19:00 y las 19:30.<\/p>","protected":false},"excerpt":{"rendered":"<div data-track=\"overview\" data-v-83a2b402=\"\">\n<section id=\"activity-overview\" class=\"activity-overview\" data-component=\"overview\" data-v-83a2b402=\"\" data-v-f3236c42=\"\">\n<p class=\"activity-overview__content\" data-test-id=\"activity-overview-content\" data-v-f3236c42=\"\">Explora un municipio paradis\u00edaco lleno de palmeras y aguas cristalinas con esta excursi\u00f3n a Saman\u00e1 desde Punta Cana. \u00a1No te lo puedes perder!<\/p>\n<\/section>\n<\/div>\n<div data-track=\"key-details\" data-v-83a2b402=\"\"><\/div>","protected":false},"featured_media":10894,"template":"","meta":[],"product_brand":[],"product_cat":[97],"product_tag":[101,102],"class_list":{"0":"post-10613","1":"product","2":"type-product","3":"status-publish","4":"has-post-thumbnail","6":"product_cat-dominican-republic","7":"product_tag-excursion","8":"product_tag-tour","10":"first","11":"instock","12":"shipping-taxable","13":"product-type-external"},"_links":{"self":[{"href":"https:\/\/sabanadelamartours.com\/es\/wp-json\/wp\/v2\/product\/10613","targetHints":{"allow":["GET"]}}],"collection":[{"href":"https:\/\/sabanadelamartours.com\/es\/wp-json\/wp\/v2\/product"}],"about":[{"href":"https:\/\/sabanadelamartours.com\/es\/wp-json\/wp\/v2\/types\/product"}],"version-history":[{"count":1,"href":"https:\/\/sabanadelamartours.com\/es\/wp-json\/wp\/v2\/product\/10613\/revisions"}],"predecessor-version":[{"id":18439,"href":"https:\/\/sabanadelamartours.com\/es\/wp-json\/wp\/v2\/product\/10613\/revisions\/18439"}],"wp:featuredmedia":[{"embeddable":true,"href":"https:\/\/sabanadelamartours.com\/es\/wp-json\/wp\/v2\/media\/10894"}],"wp:attachment":[{"href":"https:\/\/sabanadelamartours.com\/es\/wp-json\/wp\/v2\/media?parent=10613"}],"wp:term":[{"taxonomy":"product_brand","embeddable":true,"href":"https:\/\/sabanadelamartours.com\/es\/wp-json\/wp\/v2\/product_brand?post=10613"},{"taxonomy":"product_cat","embeddable":true,"href":"https:\/\/sabanadelamartours.com\/es\/wp-json\/wp\/v2\/product_cat?post=10613"},{"taxonomy":"product_tag","embeddable":true,"href":"https:\/\/sabanadelamartours.com\/es\/wp-json\/wp\/v2\/product_tag?post=10613"}],"curies":[{"name":"wp","href":"https:\/\/api.w.org\/{rel}","templated":true}]}}