{"id":10667,"date":"2025-12-18T09:42:47","date_gmt":"2025-12-18T09:42:47","guid":{"rendered":"https:\/\/sabanadelamartours.com\/?post_type=product&#038;p=10667"},"modified":"2026-01-05T15:57:37","modified_gmt":"2026-01-05T15:57:37","slug":"scooters-de-buceo-en-punta-cana","status":"publish","type":"product","link":"https:\/\/sabanadelamartours.com\/es\/visita\/scooters-de-buceo-en-punta-cana\/","title":{"rendered":"Scuba Doo - Scooters de Buceo en Punta Cana"},"content":{"rendered":"<p><strong>Scuba Doo - Scooters de Buceo en Punta Cana<\/strong><\/p>\n<p>Comience su aventura con una breve introducci\u00f3n a los scooters de buceo Scuba Doo. Estos innovadores veh\u00edculos submarinos le permiten explorar las profundidades oce\u00e1nicas sin necesidad del equipo de buceo tradicional. Con un asiento c\u00f3modo, una c\u00fapula de visi\u00f3n clara y controles f\u00e1ciles de usar, los scooters Scuba Doo proporcionan una experiencia submarina \u00fanica y sin esfuerzo.<\/p>\n<p>Paseo en barco hasta el punto de inmersi\u00f3n<\/p>\n<p>Suba a bordo de una c\u00f3moda embarcaci\u00f3n para realizar un pintoresco trayecto hasta el punto de inmersi\u00f3n. Disfrute de las hermosas vistas costeras y de la refrescante brisa marina mientras se dirige hacia las aguas cristalinas donde comenzar\u00e1 su aventura submarina.<\/p>\n<p>Experiencia de buceo Scuba Doo<\/p>\n<p>A su llegada al punto de inmersi\u00f3n, recibir\u00e1 una sesi\u00f3n informativa de seguridad e instrucciones sobre el manejo de los scooters Scuba Doo. Una vez que est\u00e9 listo, descienda al agua y comience su exploraci\u00f3n submarina. Los scooters te permiten deslizarte sin esfuerzo por el agua, proporcion\u00e1ndote una visi\u00f3n cercana de los impresionantes arrecifes de coral y la diversa vida marina.<\/p>\n<p>Explorar los arrecifes de coral<\/p>\n<p>Navega por los vibrantes arrecifes de coral, hogar de una gran variedad de peces tropicales, tortugas marinas y otras fascinantes criaturas marinas. La c\u00fapula transparente del scooter Scuba Doo ofrece una vista sin obst\u00e1culos del mundo submarino, lo que le permite sumergirse por completo en la belleza del entorno marino.<\/p>\n<p>Intervalo superficial y relajaci\u00f3n<\/p>\n<p>Despu\u00e9s de su sesi\u00f3n de buceo, t\u00f3mese un descanso en el barco y disfrute de un refrigerio. Rel\u00e1jese al sol, nade en las c\u00e1lidas aguas o simplemente disfrute de las impresionantes vistas del oc\u00e9ano durante el intervalo en superficie.<\/p>\n<p>Sesi\u00f3n de snorkel<\/p>\n<p>Para quienes deseen explorar m\u00e1s, la excursi\u00f3n incluye una segunda sesi\u00f3n de buceo. Sum\u00e9rjase m\u00e1s profundamente en el mundo submarino y descubra nuevas zonas del arrecife, encontrando a\u00fan m\u00e1s vida marina y maravillas submarinas.<\/p>\n<p>Viaje de regreso<\/p>\n<p>A medida que el d\u00eda llega a su fin, suba a bordo del barco para su viaje de regreso a Punta Cana. Reflexione sobre las incre\u00edbles vistas y experiencias que ha vivido durante su aventura submarina. El viaje de vuelta en barco es una relajante conclusi\u00f3n del d\u00eda.<\/p>\n<p>Una aventura submarina \u00fanica<\/p>\n<p>La experiencia de buceo en scooter Scuba Doo ofrece una forma divertida y accesible de explorar el mundo submarino de Punta Cana. Tanto si eres un buceador experimentado como si es tu primera vez, esta excursi\u00f3n promete una aventura inolvidable bajo las olas.<\/p>","protected":false},"excerpt":{"rendered":"<div data-track=\"overview\" data-v-83a2b402=\"\">\n<section id=\"activity-overview\" class=\"activity-overview\" data-component=\"overview\" data-v-83a2b402=\"\" data-v-f3236c42=\"\">\n<p class=\"activity-overview__content\" data-test-id=\"activity-overview-content\" data-v-f3236c42=\"\">Descubra las maravillas submarinas de Punta Cana con la experiencia \u00fanica y emocionante del scooter de buceo Scuba Doo.<\/p>\n<\/section>\n<\/div>\n<div data-track=\"key-details\" data-v-83a2b402=\"\"><\/div>","protected":false},"featured_media":10963,"template":"","meta":[],"product_brand":[],"product_cat":[97],"product_tag":[101,102],"class_list":{"0":"post-10667","1":"product","2":"type-product","3":"status-publish","4":"has-post-thumbnail","6":"product_cat-dominican-republic","7":"product_tag-excursion","8":"product_tag-tour","10":"first","11":"instock","12":"sale","13":"shipping-taxable","14":"product-type-external"},"_links":{"self":[{"href":"https:\/\/sabanadelamartours.com\/es\/wp-json\/wp\/v2\/product\/10667","targetHints":{"allow":["GET"]}}],"collection":[{"href":"https:\/\/sabanadelamartours.com\/es\/wp-json\/wp\/v2\/product"}],"about":[{"href":"https:\/\/sabanadelamartours.com\/es\/wp-json\/wp\/v2\/types\/product"}],"version-history":[{"count":2,"href":"https:\/\/sabanadelamartours.com\/es\/wp-json\/wp\/v2\/product\/10667\/revisions"}],"predecessor-version":[{"id":18446,"href":"https:\/\/sabanadelamartours.com\/es\/wp-json\/wp\/v2\/product\/10667\/revisions\/18446"}],"wp:featuredmedia":[{"embeddable":true,"href":"https:\/\/sabanadelamartours.com\/es\/wp-json\/wp\/v2\/media\/10963"}],"wp:attachment":[{"href":"https:\/\/sabanadelamartours.com\/es\/wp-json\/wp\/v2\/media?parent=10667"}],"wp:term":[{"taxonomy":"product_brand","embeddable":true,"href":"https:\/\/sabanadelamartours.com\/es\/wp-json\/wp\/v2\/product_brand?post=10667"},{"taxonomy":"product_cat","embeddable":true,"href":"https:\/\/sabanadelamartours.com\/es\/wp-json\/wp\/v2\/product_cat?post=10667"},{"taxonomy":"product_tag","embeddable":true,"href":"https:\/\/sabanadelamartours.com\/es\/wp-json\/wp\/v2\/product_tag?post=10667"}],"curies":[{"name":"wp","href":"https:\/\/api.w.org\/{rel}","templated":true}]}}