{"id":10702,"date":"2025-12-18T09:44:01","date_gmt":"2025-12-18T09:44:01","guid":{"rendered":"https:\/\/sabanadelamartours.com\/?post_type=product&#038;p=10702"},"modified":"2026-01-05T16:03:07","modified_gmt":"2026-01-05T16:03:07","slug":"cayo-arena-paradise-island-and-mangroves-tour","status":"publish","type":"product","link":"https:\/\/sabanadelamartours.com\/es\/visita\/cayo-arena-paradise-island-and-mangroves-tour\/","title":{"rendered":"Cayo Arena: Tour Isla Para\u00edso y Manglares"},"content":{"rendered":"<div class=\"woocommerce-product-details__short-description\">\n<div data-track=\"overview\" data-v-83a2b402=\"\">\n<section id=\"activity-overview\" class=\"activity-overview\" data-component=\"overview\" data-v-83a2b402=\"\" data-v-f3236c42=\"\">\n<p data-test-id=\"activity-overview-content\" data-v-f3236c42=\"\"><strong>Cayo Arena: Tour Isla Para\u00edso y Manglares<\/strong><\/p>\n<p class=\"activity-overview__content\" data-test-id=\"activity-overview-content\" data-v-f3236c42=\"\">Explore la costa norte de la Rep\u00fablica Dominicana y rel\u00e1jese en las blancas arenas de Cayo Arena. Nade y practique snorkel con la colorida vida marina en aguas cristalinas, haga una excursi\u00f3n en lancha r\u00e1pida por Monte Cristi...<\/p>\n<\/section>\n<\/div>\n<\/div>\n<p>Disfrute de impresionantes vistas del campo antes de embarcar en una lancha r\u00e1pida para cruzar a Cayo Arena.<\/p>\n<p>D\u00e9jese acoger por las aguas turquesas y las arenas blancas de la paradis\u00edaca isla. Desembarque para hundir los pies en la arena y broncearse. Marav\u00edllese con la colorida vida marina y los jardines de coral en una excursi\u00f3n guiada opcional de snorkel, y disfrute de una selecci\u00f3n de frutas y bebidas frescas.<\/p>\n<p>Navegue en lancha r\u00e1pida por el espeso bosque de manglares del Parque Nacional de Monte Cristi y busque la abundante fauna de las lagunas y canales. Conozca la vida isle\u00f1a en un mercado local antes de tomar la lancha r\u00e1pida de regreso a tierra firme.<\/p>\n<p class=\"p1\"><span class=\"s1\">Cayo Arena, also known as Cayo Paraiso, is a 25-minute boat ride from the departure point in Punta Rucia, located northwest of Puerto Plata. <\/span><\/p>\n<p class=\"p1\"><span class=\"s1\">This sandbar sits in the middle of the bright blue ocean, with fine white sand and shallow waters teeming with tropical fish, ideal for snorkelers of any level, or you can also choose to scuba dive. Most tour operators offer round-trip transportation from Puerto Plata, including boats that will take you to the cay with snorkeling equipment included.<\/span><\/p>","protected":false},"excerpt":{"rendered":"<div data-track=\"overview\" data-v-83a2b402=\"\">\n<section id=\"activity-overview\" class=\"activity-overview\" data-component=\"overview\" data-v-83a2b402=\"\" data-v-f3236c42=\"\">\n<p class=\"activity-overview__content\" data-test-id=\"activity-overview-content\" data-v-f3236c42=\"\">Explore la costa norte de la Rep\u00fablica Dominicana y rel\u00e1jese en las blancas arenas de Cayo Arena. Nade y practique snorkel con la colorida vida marina en aguas cristalinas, haga una excursi\u00f3n en lancha r\u00e1pida por Monte Cristi...<\/p>\n<\/section>\n<\/div>\n<div data-track=\"key-details\" data-v-83a2b402=\"\"><\/div>","protected":false},"featured_media":11014,"template":"","meta":[],"product_brand":[],"product_cat":[97],"product_tag":[101,102],"class_list":{"0":"post-10702","1":"product","2":"type-product","3":"status-publish","4":"has-post-thumbnail","6":"product_cat-dominican-republic","7":"product_tag-excursion","8":"product_tag-tour","10":"first","11":"instock","12":"sale","13":"shipping-taxable","14":"product-type-external"},"_links":{"self":[{"href":"https:\/\/sabanadelamartours.com\/es\/wp-json\/wp\/v2\/product\/10702","targetHints":{"allow":["GET"]}}],"collection":[{"href":"https:\/\/sabanadelamartours.com\/es\/wp-json\/wp\/v2\/product"}],"about":[{"href":"https:\/\/sabanadelamartours.com\/es\/wp-json\/wp\/v2\/types\/product"}],"version-history":[{"count":1,"href":"https:\/\/sabanadelamartours.com\/es\/wp-json\/wp\/v2\/product\/10702\/revisions"}],"predecessor-version":[{"id":18450,"href":"https:\/\/sabanadelamartours.com\/es\/wp-json\/wp\/v2\/product\/10702\/revisions\/18450"}],"wp:featuredmedia":[{"embeddable":true,"href":"https:\/\/sabanadelamartours.com\/es\/wp-json\/wp\/v2\/media\/11014"}],"wp:attachment":[{"href":"https:\/\/sabanadelamartours.com\/es\/wp-json\/wp\/v2\/media?parent=10702"}],"wp:term":[{"taxonomy":"product_brand","embeddable":true,"href":"https:\/\/sabanadelamartours.com\/es\/wp-json\/wp\/v2\/product_brand?post=10702"},{"taxonomy":"product_cat","embeddable":true,"href":"https:\/\/sabanadelamartours.com\/es\/wp-json\/wp\/v2\/product_cat?post=10702"},{"taxonomy":"product_tag","embeddable":true,"href":"https:\/\/sabanadelamartours.com\/es\/wp-json\/wp\/v2\/product_tag?post=10702"}],"curies":[{"name":"wp","href":"https:\/\/api.w.org\/{rel}","templated":true}]}}