{"id":10760,"date":"2025-12-18T09:46:14","date_gmt":"2025-12-18T09:46:14","guid":{"rendered":"https:\/\/sabanadelamartours.com\/?post_type=product&#038;p=10760"},"modified":"2026-02-09T05:04:46","modified_gmt":"2026-02-09T05:04:46","slug":"nados-y-encuentros-con-delfines-punta-cana-dolphin-explorer","status":"publish","type":"product","link":"https:\/\/sabanadelamartours.com\/es\/visita\/nados-y-encuentros-con-delfines-punta-cana-dolphin-explorer\/","title":{"rendered":"Punta Cana: Nados y Encuentros con Delfines"},"content":{"rendered":"<h5 class=\"product_title entry-title\"><span style=\"font-size: 12pt;\">Punta Cana: Nados y Encuentros con Delfines<\/span><\/h5>\n<p>Del\u00e9itese con la experiencia \u00fanica de nadar con delfines en Punta Cana. En esta experiencia envolvente, jugar\u00e1s con delfines que te abrazar\u00e1n y acurrucar\u00e1n, y mostrar\u00e1n sus acrobacias a\u00e9reas.<\/p>\n<p>Tambi\u00e9n tendr\u00e1s acceso a disfrutar del espect\u00e1culo de leones marinos y del espect\u00e1culo de aves All\u00ed, podr\u00e1s jugar en la incre\u00edble Isla Pirata. Tambi\u00e9n dispondr\u00e1s de, duchas, ba\u00f1os y vestuarios.<\/p>\n<p>Nadar es opcional, ya que puede subirse a una plataforma y ver c\u00f3mo los delfines se acercan a usted. Reciba un apret\u00f3n de manos y un abrazo de delf\u00edn y contemple sus incre\u00edbles acrobacias a\u00e9reas. Tambi\u00e9n puede optar por acariciar y nadar con los delfines.<\/p>\n<p>No dude en mejorar su experiencia con los delfines in situ.<\/p>","protected":false},"excerpt":{"rendered":"<div data-track=\"overview\" data-v-83a2b402=\"\">\n<section id=\"activity-overview\" class=\"activity-overview\" data-component=\"overview\" data-v-83a2b402=\"\" data-v-f3236c42=\"\">\n<p class=\"activity-overview__content\" data-test-id=\"activity-overview-content\" data-v-f3236c42=\"\">Dese un chapuz\u00f3n con delfines con uno de los 3 programas. Nade y juegue con los animales, observe sus acrobacias a\u00e9reas y reciba un abrazo y un apret\u00f3n de manos de delf\u00edn. Tambi\u00e9n puede jugar a varios juegos con los delfines.<\/p>\n<\/section>\n<\/div>\n<div data-track=\"key-details\" data-v-83a2b402=\"\"><\/div>","protected":false},"featured_media":11111,"template":"","meta":[],"product_brand":[],"product_cat":[97],"product_tag":[101,102],"class_list":{"0":"post-10760","1":"product","2":"type-product","3":"status-publish","4":"has-post-thumbnail","6":"product_cat-dominican-republic","7":"product_tag-excursion","8":"product_tag-tour","10":"first","11":"instock","12":"sale","13":"shipping-taxable","14":"product-type-external"},"_links":{"self":[{"href":"https:\/\/sabanadelamartours.com\/es\/wp-json\/wp\/v2\/product\/10760","targetHints":{"allow":["GET"]}}],"collection":[{"href":"https:\/\/sabanadelamartours.com\/es\/wp-json\/wp\/v2\/product"}],"about":[{"href":"https:\/\/sabanadelamartours.com\/es\/wp-json\/wp\/v2\/types\/product"}],"version-history":[{"count":1,"href":"https:\/\/sabanadelamartours.com\/es\/wp-json\/wp\/v2\/product\/10760\/revisions"}],"predecessor-version":[{"id":18849,"href":"https:\/\/sabanadelamartours.com\/es\/wp-json\/wp\/v2\/product\/10760\/revisions\/18849"}],"wp:featuredmedia":[{"embeddable":true,"href":"https:\/\/sabanadelamartours.com\/es\/wp-json\/wp\/v2\/media\/11111"}],"wp:attachment":[{"href":"https:\/\/sabanadelamartours.com\/es\/wp-json\/wp\/v2\/media?parent=10760"}],"wp:term":[{"taxonomy":"product_brand","embeddable":true,"href":"https:\/\/sabanadelamartours.com\/es\/wp-json\/wp\/v2\/product_brand?post=10760"},{"taxonomy":"product_cat","embeddable":true,"href":"https:\/\/sabanadelamartours.com\/es\/wp-json\/wp\/v2\/product_cat?post=10760"},{"taxonomy":"product_tag","embeddable":true,"href":"https:\/\/sabanadelamartours.com\/es\/wp-json\/wp\/v2\/product_tag?post=10760"}],"curies":[{"name":"wp","href":"https:\/\/api.w.org\/{rel}","templated":true}]}}