{"id":10771,"date":"2025-12-18T09:46:36","date_gmt":"2025-12-18T09:46:36","guid":{"rendered":"https:\/\/sabanadelamartours.com\/?post_type=product&#038;p=10771"},"modified":"2026-01-05T04:36:42","modified_gmt":"2026-01-05T04:36:42","slug":"punta-cana-higuey-basilica-city-tour-w-local-house-visit","status":"publish","type":"product","link":"https:\/\/sabanadelamartours.com\/es\/visita\/punta-cana-higuey-basilica-city-tour-w-local-house-visit\/","title":{"rendered":"Punta Cana: Fiesta en catamar\u00e1n con bebidas ilimitadas"},"content":{"rendered":"<p><strong>Punta Cana: Fiesta en catamar\u00e1n con bebidas ilimitadas<\/strong><\/p>\n<p>Emb\u00e1rquese en una inolvidable aventura de medio d\u00eda con nuestro emocionante crucero en barco por la impresionante costa de Punta Cana. Su gu\u00eda experto le equipar\u00e1 con equipo de snorkel de alta calidad, lo que le permitir\u00e1 sumergirse en el fascinante mundo submarino del Caribe. Despu\u00e9s, le llevaremos a una serena piscina natural oce\u00e1nica donde podr\u00e1 relajarse y disfrutar del impresionante entorno.<\/p>\n<p>Durante el crucero, tendr\u00e1 la oportunidad de participar en diversas actividades acu\u00e1ticas y disfrutar plenamente del ambiente animado y festivo a bordo. Nuestro bar abierto le mantendr\u00e1 refrescado con una amplia selecci\u00f3n de bebidas mientras baila, socializa y crea recuerdos inolvidables. La m\u00fasica animada que sonar\u00e1 en el camino de vuelta al muelle realzar\u00e1 a\u00fan m\u00e1s el ambiente vibrante y en\u00e9rgico.<\/p>\n<p>Entre los aspectos m\u00e1s destacados de su visita se incluyen:<\/p>\n<p>- Snorkel en las pr\u00edstinas aguas de Punta Cana con el equipo proporcionado.<\/p>\n<p>- Celebraci\u00f3n a bordo con m\u00fasica continua, baile y barra libre.<\/p>\n<p>- Rel\u00e1jese en una piscina oce\u00e1nica natural para vivir una experiencia acu\u00e1tica \u00fanica.<\/p>\n<p>- Sum\u00e9rjase en un ambiente lleno de energ\u00eda, perfecto para cualquier evento, desde fiestas hasta bodas.<\/p>","protected":false},"excerpt":{"rendered":"<div data-track=\"overview\" data-v-83a2b402=\"\">\n<section id=\"activity-overview\" class=\"activity-overview\" data-component=\"overview\" data-v-83a2b402=\"\" data-v-f3236c42=\"\">\n<p class=\"activity-overview__content\" data-test-id=\"activity-overview-content\" data-v-f3236c42=\"\">Emb\u00e1rquese en un festivo crucero en barco de medio d\u00eda de duraci\u00f3n por la costa de Punta Cana, con snorkel, barra libre, m\u00fasica y un chapuz\u00f3n en una piscina natural en el oc\u00e9ano.<\/p>\n<\/section>\n<\/div>\n<div data-track=\"key-details\" data-v-83a2b402=\"\"><\/div>","protected":false},"featured_media":10678,"template":"","meta":[],"product_brand":[],"product_cat":[97],"product_tag":[101,102],"class_list":{"0":"post-10771","1":"product","2":"type-product","3":"status-publish","4":"has-post-thumbnail","6":"product_cat-dominican-republic","7":"product_tag-excursion","8":"product_tag-tour","10":"first","11":"instock","12":"sale","13":"shipping-taxable","14":"product-type-external"},"_links":{"self":[{"href":"https:\/\/sabanadelamartours.com\/es\/wp-json\/wp\/v2\/product\/10771","targetHints":{"allow":["GET"]}}],"collection":[{"href":"https:\/\/sabanadelamartours.com\/es\/wp-json\/wp\/v2\/product"}],"about":[{"href":"https:\/\/sabanadelamartours.com\/es\/wp-json\/wp\/v2\/types\/product"}],"version-history":[{"count":1,"href":"https:\/\/sabanadelamartours.com\/es\/wp-json\/wp\/v2\/product\/10771\/revisions"}],"predecessor-version":[{"id":18427,"href":"https:\/\/sabanadelamartours.com\/es\/wp-json\/wp\/v2\/product\/10771\/revisions\/18427"}],"wp:featuredmedia":[{"embeddable":true,"href":"https:\/\/sabanadelamartours.com\/es\/wp-json\/wp\/v2\/media\/10678"}],"wp:attachment":[{"href":"https:\/\/sabanadelamartours.com\/es\/wp-json\/wp\/v2\/media?parent=10771"}],"wp:term":[{"taxonomy":"product_brand","embeddable":true,"href":"https:\/\/sabanadelamartours.com\/es\/wp-json\/wp\/v2\/product_brand?post=10771"},{"taxonomy":"product_cat","embeddable":true,"href":"https:\/\/sabanadelamartours.com\/es\/wp-json\/wp\/v2\/product_cat?post=10771"},{"taxonomy":"product_tag","embeddable":true,"href":"https:\/\/sabanadelamartours.com\/es\/wp-json\/wp\/v2\/product_tag?post=10771"}],"curies":[{"name":"wp","href":"https:\/\/api.w.org\/{rel}","templated":true}]}}