{"id":10780,"date":"2025-12-18T09:47:15","date_gmt":"2025-12-18T09:47:15","guid":{"rendered":"https:\/\/sabanadelamartours.com\/?post_type=product&#038;p=10780"},"modified":"2026-01-10T16:23:37","modified_gmt":"2026-01-10T16:23:37","slug":"7-cataratas-de-damajagua-puerto-plata","status":"publish","type":"product","link":"https:\/\/sabanadelamartours.com\/es\/visita\/7-cataratas-de-damajagua-puerto-plata\/","title":{"rendered":"Santo Domingo: Tesoros naturales de la ciudad"},"content":{"rendered":"<p>\u00danase a esta excursi\u00f3n privada de un d\u00eda para explorar la capital de la Rep\u00fablica Dominicana. Visite el Parque Nacional de los Tres Ojos y obtenga una entrada para el Jard\u00edn Bot\u00e1nico Nacional de Santo Domingo. Disfrute de un paseo en barco por el parque nacional y marav\u00edllese con las cuevas de piedra caliza y las impresionantes vistas.<\/p>\n<p>Comience el d\u00eda con una visita al Parque Nacional de los Tres Ojos y descubra un mundo surrealista. Sum\u00e9rjase en las famosas cuevas de piedra caliza que le dejar\u00e1n sin aliento.<\/p>\n<p>Disfrute de un paseo en barco que le llevar\u00e1 a trav\u00e9s de un r\u00edo subterr\u00e1neo hasta un hermoso cenote escondido: El cuarto ojo.<\/p>\n<p>A continuaci\u00f3n, s\u00fabase al coche, rel\u00e1jese y disfrute del trayecto hasta el Jard\u00edn Bot\u00e1nico. Disfrute de un ambiente tranquilo en plena madre naturaleza con esta entrada. Si se imagina c\u00f3mo era el jard\u00edn de Ad\u00e1n y Eva, este Jard\u00edn no puede estar muy lejos de \u00e9l.<\/p>\n<p>Pasee por estos extensos y coloridos jardines a su propio ritmo y marav\u00edllese ante la variedad de plantas aut\u00f3ctonas y for\u00e1neas de todo el mundo.<\/p>\n<p>Contemple uno de los relojes de flores m\u00e1s grandes del mundo, admire los estanques de peces y si\u00e9ntase zen mientras pasea por la exuberante vegetaci\u00f3n del Jard\u00edn Zen Japon\u00e9s.<\/p>\n<div class=\"toggle-content__content toggle-content__content--expanded toggle-content__content--packable\" data-v-59485d64=\"\">\n<div data-test-id=\"activity-full-description-text\" data-v-5835c99c=\"\">\n<p>Disfrute con su familia y amigos de un d\u00eda inolvidable que no olvidar\u00e1 en Santo Domingo.<\/p>\n<\/div>\n<\/div>\n<div class=\"toggle-content__label-placeholder\" data-v-59485d64=\"\"><\/div>","protected":false},"excerpt":{"rendered":"<div data-track=\"overview\" data-v-83a2b402=\"\">\n<section id=\"activity-overview\" class=\"activity-overview\" data-component=\"overview\" data-v-83a2b402=\"\" data-v-f3236c42=\"\">\n<p class=\"activity-overview__content\" data-test-id=\"activity-overview-content\" data-v-f3236c42=\"\">Disfrute de una visita guiada a 2 bellezas naturales de Santo Domingo con traslados incluidos. Visita el Parque Nacional de los Tres Ojos, pasea en barco por un r\u00edo subterr\u00e1neo y explora el Jard\u00edn Bot\u00e1nico Nacional.<\/p>\n<\/section>\n<\/div>\n<div data-track=\"key-details\" data-v-83a2b402=\"\"><\/div>","protected":false},"featured_media":10694,"template":"","meta":[],"product_brand":[],"product_cat":[97],"product_tag":[101,102],"class_list":{"0":"post-10780","1":"product","2":"type-product","3":"status-publish","4":"has-post-thumbnail","6":"product_cat-dominican-republic","7":"product_tag-excursion","8":"product_tag-tour","10":"first","11":"instock","12":"sale","13":"shipping-taxable","14":"product-type-external"},"_links":{"self":[{"href":"https:\/\/sabanadelamartours.com\/es\/wp-json\/wp\/v2\/product\/10780","targetHints":{"allow":["GET"]}}],"collection":[{"href":"https:\/\/sabanadelamartours.com\/es\/wp-json\/wp\/v2\/product"}],"about":[{"href":"https:\/\/sabanadelamartours.com\/es\/wp-json\/wp\/v2\/types\/product"}],"version-history":[{"count":1,"href":"https:\/\/sabanadelamartours.com\/es\/wp-json\/wp\/v2\/product\/10780\/revisions"}],"predecessor-version":[{"id":18429,"href":"https:\/\/sabanadelamartours.com\/es\/wp-json\/wp\/v2\/product\/10780\/revisions\/18429"}],"wp:featuredmedia":[{"embeddable":true,"href":"https:\/\/sabanadelamartours.com\/es\/wp-json\/wp\/v2\/media\/10694"}],"wp:attachment":[{"href":"https:\/\/sabanadelamartours.com\/es\/wp-json\/wp\/v2\/media?parent=10780"}],"wp:term":[{"taxonomy":"product_brand","embeddable":true,"href":"https:\/\/sabanadelamartours.com\/es\/wp-json\/wp\/v2\/product_brand?post=10780"},{"taxonomy":"product_cat","embeddable":true,"href":"https:\/\/sabanadelamartours.com\/es\/wp-json\/wp\/v2\/product_cat?post=10780"},{"taxonomy":"product_tag","embeddable":true,"href":"https:\/\/sabanadelamartours.com\/es\/wp-json\/wp\/v2\/product_tag?post=10780"}],"curies":[{"name":"wp","href":"https:\/\/api.w.org\/{rel}","templated":true}]}}