{"id":10812,"date":"2025-12-18T09:48:24","date_gmt":"2025-12-18T09:48:24","guid":{"rendered":"https:\/\/sabanadelamartours.com\/?post_type=product&#038;p=10812"},"modified":"2025-12-18T10:02:16","modified_gmt":"2025-12-18T10:02:16","slug":"dia-de-playa-en-la-isla-saona","status":"publish","type":"product","link":"https:\/\/sabanadelamartours.com\/es\/visita\/dia-de-playa-en-la-isla-saona\/","title":{"rendered":"D\u00eda de playa en la isla Saona"},"content":{"rendered":"<p>D\u00eda de playa en la isla Saona<\/p>\n<p>Punta Cana<\/p>\n<p>Su inolvidable aventura comienza con una c\u00e1lida recogida en su hotel de Punta Cana, donde subir\u00e1 a bordo de un c\u00f3modo autob\u00fas con aire acondicionado. Mientras viaja por los bellos paisajes de la Rep\u00fablica Dominicana, disfrute de las vistas panor\u00e1micas hasta llegar a la pintoresca playa de Bayahibe, en La Romana.<\/p>\n<p>A su llegada a Bayahibe, ser\u00e1 recibido por la vista de vibrantes aguas azules y costas de arena blanca mientras sube a bordo de un espacioso catamar\u00e1n. Zarpe en un crucero memorable por el mar Caribe, donde la suave brisa y el r\u00edtmico oleaje le har\u00e1n sentirse realmente relajado. Pase varias horas de felicidad en la impresionante isla Saona, donde podr\u00e1 explorar sus playas v\u00edrgenes, nadar en sus aguas cristalinas y tomar el sol. Se le ofrecer\u00e1 un delicioso almuerzo, que le permitir\u00e1 degustar los sabores locales mientras disfruta del ambiente tropical.<\/p>\n<p>Experiencia en piscinas naturales<\/p>\n<p>Por la tarde, prep\u00e1rese para un emocionante paseo en una lancha r\u00e1pida que le llevar\u00e1 a una magn\u00edfica piscina natural. Aqu\u00ed encontrar\u00e1 aguas poco profundas y c\u00e1lidas repletas de estrellas de mar, perfectas para un refrescante chapuz\u00f3n y divertidas fotos. Despu\u00e9s de esta experiencia \u00fanica, la lancha r\u00e1pida le llevar\u00e1 de vuelta a la playa de Bayahibe, donde subir\u00e1 a bordo del transporte para su viaje de regreso a Punta Cana, lleno de maravillosos recuerdos de un d\u00eda extraordinario pasado en el para\u00edso.<\/p>","protected":false},"excerpt":{"rendered":"<div data-track=\"overview\" data-v-83a2b402=\"\">\n<section id=\"activity-overview\" class=\"activity-overview\" data-component=\"overview\" data-v-83a2b402=\"\" data-v-f3236c42=\"\">\n<p class=\"activity-overview__content\" data-test-id=\"activity-overview-content\" data-v-f3236c42=\"\">Navegue desde Bayahibe hasta la isla Saona a bordo de un catamar\u00e1n para disfrutar de un relajante d\u00eda de playa durante esta excursi\u00f3n de d\u00eda completo.<\/p>\n<\/section>\n<\/div>\n<div data-track=\"key-details\" data-v-83a2b402=\"\"><\/div>","protected":false},"featured_media":11147,"template":"","meta":[],"product_brand":[],"product_cat":[97,98],"product_tag":[101,102],"class_list":{"0":"post-10812","1":"product","2":"type-product","3":"status-publish","4":"has-post-thumbnail","6":"product_cat-dominican-republic","7":"product_cat-saona-island","8":"product_tag-excursion","9":"product_tag-tour","11":"first","12":"instock","13":"sale","14":"shipping-taxable","15":"product-type-external"},"_links":{"self":[{"href":"https:\/\/sabanadelamartours.com\/es\/wp-json\/wp\/v2\/product\/10812","targetHints":{"allow":["GET"]}}],"collection":[{"href":"https:\/\/sabanadelamartours.com\/es\/wp-json\/wp\/v2\/product"}],"about":[{"href":"https:\/\/sabanadelamartours.com\/es\/wp-json\/wp\/v2\/types\/product"}],"version-history":[{"count":0,"href":"https:\/\/sabanadelamartours.com\/es\/wp-json\/wp\/v2\/product\/10812\/revisions"}],"wp:featuredmedia":[{"embeddable":true,"href":"https:\/\/sabanadelamartours.com\/es\/wp-json\/wp\/v2\/media\/11147"}],"wp:attachment":[{"href":"https:\/\/sabanadelamartours.com\/es\/wp-json\/wp\/v2\/media?parent=10812"}],"wp:term":[{"taxonomy":"product_brand","embeddable":true,"href":"https:\/\/sabanadelamartours.com\/es\/wp-json\/wp\/v2\/product_brand?post=10812"},{"taxonomy":"product_cat","embeddable":true,"href":"https:\/\/sabanadelamartours.com\/es\/wp-json\/wp\/v2\/product_cat?post=10812"},{"taxonomy":"product_tag","embeddable":true,"href":"https:\/\/sabanadelamartours.com\/es\/wp-json\/wp\/v2\/product_tag?post=10812"}],"curies":[{"name":"wp","href":"https:\/\/api.w.org\/{rel}","templated":true}]}}