{"id":10828,"date":"2025-12-18T09:48:51","date_gmt":"2025-12-18T09:48:51","guid":{"rendered":"https:\/\/sabanadelamartours.com\/?post_type=product&#038;p=10828"},"modified":"2026-01-10T15:58:38","modified_gmt":"2026-01-10T15:58:38","slug":"scuba-doo-descubre-la-vida-marina-de-punta-canas-de-forma-divertida","status":"publish","type":"product","link":"https:\/\/sabanadelamartours.com\/es\/visita\/scuba-doo-descubre-la-vida-marina-de-punta-canas-de-forma-divertida\/","title":{"rendered":"Increibles Excursiones en Buggy Punta Cana Con Recogida Hotel"},"content":{"rendered":"<p>Tras recogerte en tu hotel, nos dirigiremos al interior de Punta Cana. Rodeados de plantaciones de caf\u00e9 y cacao, te explicaremos la ruta que seguiremos y todo lo que necesitas saber para conducir un buggy.<\/p>\n<p>Arrancaremos los motores y comenzaremos una emocionante ruta a trav\u00e9s de senderos cubiertos de barro, cafetales y colinas. Pasaremos por el cauce de un r\u00edo y sentiremos la emoci\u00f3n de avanzar campo a trav\u00e9s.<\/p>\n<p>La primera parada ser\u00e1 la playa de Macao. Lejos de los grandes hoteles y de las zonas m\u00e1s tur\u00edsticas, este para\u00edso nos acoger\u00e1 con su arena clara y sus aguas cristalinas. \u00bfA qui\u00e9n le apetece un ba\u00f1o? Tendremos tiempo para pasear y sumergirnos en el Mar Caribe.<\/p>\n<p>Continuaremos la ruta en buggy hacia los llamados Manantiales Ind\u00edgenas. All\u00ed descubriremos uno de los cenotes m\u00e1s id\u00edlicos de Punta Cana. Bajaremos de los veh\u00edculos y dispondremos de media hora para explorar esta piscina subterr\u00e1nea. \u00a1Vamos a nadar en sus aguas turquesas!<\/p>\n<p>Finalmente, dejaremos los buggies y le acompa\u00f1aremos de vuelta a su alojamiento para dar por concluida la excursi\u00f3n tras cuatro horas de experiencia.<\/p>","protected":false},"excerpt":{"rendered":"<div data-track=\"overview\" data-v-83a2b402=\"\">\n<section id=\"activity-overview\" class=\"activity-overview\" data-component=\"overview\" data-v-83a2b402=\"\" data-v-f3236c42=\"\">\n<p class=\"activity-overview__content\" data-test-id=\"activity-overview-content\" data-v-f3236c42=\"\">Emociones en buggy: Vive la experiencia extrema del buggy, con tu familia y amigos en Punta Cana, siente la adrenalina de un buggy por la cueva de la playa de Macao.<\/p>\n<\/section>\n<\/div>\n<div data-track=\"key-details\" data-v-83a2b402=\"\"><\/div>","protected":false},"featured_media":10725,"template":"","meta":[],"product_brand":[],"product_cat":[97],"product_tag":[101,102],"class_list":{"0":"post-10828","1":"product","2":"type-product","3":"status-publish","4":"has-post-thumbnail","6":"product_cat-dominican-republic","7":"product_tag-excursion","8":"product_tag-tour","10":"first","11":"instock","12":"shipping-taxable","13":"product-type-external"},"_links":{"self":[{"href":"https:\/\/sabanadelamartours.com\/es\/wp-json\/wp\/v2\/product\/10828","targetHints":{"allow":["GET"]}}],"collection":[{"href":"https:\/\/sabanadelamartours.com\/es\/wp-json\/wp\/v2\/product"}],"about":[{"href":"https:\/\/sabanadelamartours.com\/es\/wp-json\/wp\/v2\/types\/product"}],"version-history":[{"count":1,"href":"https:\/\/sabanadelamartours.com\/es\/wp-json\/wp\/v2\/product\/10828\/revisions"}],"predecessor-version":[{"id":18431,"href":"https:\/\/sabanadelamartours.com\/es\/wp-json\/wp\/v2\/product\/10828\/revisions\/18431"}],"wp:featuredmedia":[{"embeddable":true,"href":"https:\/\/sabanadelamartours.com\/es\/wp-json\/wp\/v2\/media\/10725"}],"wp:attachment":[{"href":"https:\/\/sabanadelamartours.com\/es\/wp-json\/wp\/v2\/media?parent=10828"}],"wp:term":[{"taxonomy":"product_brand","embeddable":true,"href":"https:\/\/sabanadelamartours.com\/es\/wp-json\/wp\/v2\/product_brand?post=10828"},{"taxonomy":"product_cat","embeddable":true,"href":"https:\/\/sabanadelamartours.com\/es\/wp-json\/wp\/v2\/product_cat?post=10828"},{"taxonomy":"product_tag","embeddable":true,"href":"https:\/\/sabanadelamartours.com\/es\/wp-json\/wp\/v2\/product_tag?post=10828"}],"curies":[{"name":"wp","href":"https:\/\/api.w.org\/{rel}","templated":true}]}}