{"id":10982,"date":"2025-12-18T09:54:36","date_gmt":"2025-12-18T09:54:36","guid":{"rendered":"https:\/\/sabanadelamartours.com\/?post_type=product&#038;p=10982"},"modified":"2026-01-05T16:32:24","modified_gmt":"2026-01-05T16:32:24","slug":"3en1-parque-los-haitises-n-cascadas-montana-redonda","status":"publish","type":"product","link":"https:\/\/sabanadelamartours.com\/es\/visita\/3en1-parque-los-haitises-n-cascadas-montana-redonda\/","title":{"rendered":"3en1: Parque N. Los Haitises + Cascadas + Monta\u00f1a Redonda"},"content":{"rendered":"<p>3en1: Parque N. Los Haitises + Cascadas + Monta\u00f1a Redonda<\/p>\n<p>Las incre\u00edbles rocas sobresalen del agua hasta 30 metros de altura. Cientos de especies de aves en peligro de extinci\u00f3n sobrevuelan el extenso paisaje del parque y sus cuevas y majestuosos manglares.<\/p>\n<p>Viajar\u00e1s a Monta\u00f1a Redonda en un Safari Truck hasta llegar a su cima y disfrutar de sus majestuosas vistas panor\u00e1micas de la costa noreste de la isla. Conocer\u00e1 la cultura dominicana y las plantaciones de Cacao y Caf\u00e9. Se ba\u00f1ar\u00e1 en la cascada Virgen de Cano Hondo y conocer\u00e1 el \u00e1mbar azul.<\/p>\n<p>Disfrutar\u00e1 de un exquisito almuerzo buffet libre y de barra libre sin alcohol en los alrededores del parque nacional. Ser\u00e1 un d\u00eda lleno de experiencias memorables, \u00a1garantizado!<\/p>\n<div id=\"descriptionTab\" class=\"content\" aria-labelledby=\"drawer_descriptionTab\">\n<div class=\"core-styles\">\n<p>Con una extensi\u00f3n de 1.600 km\u00b2, el Parque Nacional de Los Haitises es una de las joyas de la corona del sistema de parques nacionales de la Rep\u00fablica Dominicana. Los Haitises -que en lengua ta\u00edna significa \u201ctierra de colinas\u201d- atrae a numerosos visitantes que llegan en barco para contemplar su magn\u00edfica serie de formaciones rocosas de 30 metros de altura que sobresalen del agua.<\/p>\n<p>El parque tambi\u00e9n cuenta con extensos manglares a lo largo de su bah\u00eda, salpicada de cayos que albergan m\u00faltiples colonias de aves, as\u00ed como una serie de cuevas conocidas por tener uno de los mayores n\u00fameros de petroglifos y pictograf\u00edas del pa\u00eds.<\/p>\n<p>Podr\u00e1 avistar f\u00e1cilmente el halc\u00f3n de Ridgway, en peligro de extinci\u00f3n, el piculet\u00f3n de la Hispaniola, el carpintero de la Hispaniola y la esmeralda de la Hispaniola, as\u00ed como pel\u00edcanos, fragatas, garzas y muchas m\u00e1s aves majestuosas en vuelo sobre el extenso paisaje del parque. Los Haitises tambi\u00e9n alberga una de las pocas selvas tropicales que quedan en la Rep\u00fablica Dominicana, utilizada en su d\u00eda como lugar de rodaje para el largometraje Jurassic Park. Explore el parque en barco desde Saman\u00e1, camine por su selva tropical para ver la flora de cerca o recorra en kayak su exuberante sistema de manglares.<\/p>\n<\/div>\n<\/div>\n<p>&nbsp;<\/p>","protected":false},"excerpt":{"rendered":"<div data-track=\"overview\" data-v-83a2b402=\"\">\n<section id=\"activity-overview\" class=\"activity-overview\" data-component=\"overview\" data-v-83a2b402=\"\" data-v-f3236c42=\"\">\n<p class=\"activity-overview__content\" data-test-id=\"activity-overview-content\" data-v-f3236c42=\"\">Viva la mejor y \u00fanica experiencia de una excursi\u00f3n de d\u00eda completo con todo incluido explorando el Parque Nacional de Los Haitises, recorriendo sus selvas tropicales utilizadas como escenario de rodaje de Parque Jur\u00e1sico.<\/p>\n<\/section>\n<\/div>\n<div data-track=\"key-details\" data-v-83a2b402=\"\"><\/div>","protected":false},"featured_media":11251,"template":"","meta":[],"product_brand":[],"product_cat":[97,103],"product_tag":[101,102],"class_list":{"0":"post-10982","1":"product","2":"type-product","3":"status-publish","4":"has-post-thumbnail","6":"product_cat-dominican-republic","7":"product_cat-los-haitises","8":"product_tag-excursion","9":"product_tag-tour","11":"first","12":"instock","13":"sale","14":"shipping-taxable","15":"product-type-external"},"_links":{"self":[{"href":"https:\/\/sabanadelamartours.com\/es\/wp-json\/wp\/v2\/product\/10982","targetHints":{"allow":["GET"]}}],"collection":[{"href":"https:\/\/sabanadelamartours.com\/es\/wp-json\/wp\/v2\/product"}],"about":[{"href":"https:\/\/sabanadelamartours.com\/es\/wp-json\/wp\/v2\/types\/product"}],"version-history":[{"count":1,"href":"https:\/\/sabanadelamartours.com\/es\/wp-json\/wp\/v2\/product\/10982\/revisions"}],"predecessor-version":[{"id":18460,"href":"https:\/\/sabanadelamartours.com\/es\/wp-json\/wp\/v2\/product\/10982\/revisions\/18460"}],"wp:featuredmedia":[{"embeddable":true,"href":"https:\/\/sabanadelamartours.com\/es\/wp-json\/wp\/v2\/media\/11251"}],"wp:attachment":[{"href":"https:\/\/sabanadelamartours.com\/es\/wp-json\/wp\/v2\/media?parent=10982"}],"wp:term":[{"taxonomy":"product_brand","embeddable":true,"href":"https:\/\/sabanadelamartours.com\/es\/wp-json\/wp\/v2\/product_brand?post=10982"},{"taxonomy":"product_cat","embeddable":true,"href":"https:\/\/sabanadelamartours.com\/es\/wp-json\/wp\/v2\/product_cat?post=10982"},{"taxonomy":"product_tag","embeddable":true,"href":"https:\/\/sabanadelamartours.com\/es\/wp-json\/wp\/v2\/product_tag?post=10982"}],"curies":[{"name":"wp","href":"https:\/\/api.w.org\/{rel}","templated":true}]}}