{"id":11021,"date":"2025-12-18T09:56:28","date_gmt":"2025-12-18T09:56:28","guid":{"rendered":"https:\/\/sabanadelamartours.com\/?post_type=product&#038;p=11021"},"modified":"2026-02-09T05:10:45","modified_gmt":"2026-02-09T05:10:45","slug":"samana-cayo-levantado-isla-bacardi-y-waterfal-avistamiento-de-ballenas","status":"publish","type":"product","link":"https:\/\/sabanadelamartours.com\/es\/visita\/samana-cayo-levantado-isla-bacardi-y-waterfal-avistamiento-de-ballenas\/","title":{"rendered":"Saman\u00e1 Cayo Levantado Isla Bacard\u00ed y Waterfal + Avistamiento de Ballenas"},"content":{"rendered":"<p>Saman\u00e1 Cayo Levantado Isla Bacard\u00ed y Waterfal + Avistamiento de Ballenas<\/p>\n<p>Descubra la magia de Saman\u00e1, una exuberante pen\u00ednsula en la costa noreste de la Rep\u00fablica Dominicana, famosa por su belleza natural y su designaci\u00f3n como una de las Bah\u00edas M\u00e1s Bellas del Mundo por la UNESCO. Este destino tambi\u00e9n reconocido como Para\u00edso Ecotur\u00edstico Mundial, alberga la impresionante migraci\u00f3n de las ballenas jorobadas, observable de enero a principios de abril, cuando m\u00e1s de 3.500 de estas majestuosas criaturas visitan sus c\u00e1lidas aguas.<\/p>\n<p>Su aventura comienza con un pintoresco paseo en barco desde Sabana de la Mar hasta la bah\u00eda de Saman\u00e1. A su llegada, se embarcar\u00e1 en un emocionante paseo a caballo hasta la majestuosa Cascada del Lim\u00f3n. Con 50 metros de altura, esta cascada cuenta con una piscina natural rodeada de exuberante selva tropical, perfecta para darse un refrescante chapuz\u00f3n.<\/p>\n<p>A continuaci\u00f3n, subir\u00e1 a bordo de un cami\u00f3n safari para recorrer la hist\u00f3rica ciudad de Saman\u00e1, descubierta por Crist\u00f3bal Col\u00f3n en 1493. Durante el recorrido, conocer\u00e1 su rica historia y el primer encuentro entre europeos y nativos.<\/p>\n<p>Tras la visita de la ciudad, disfrutar\u00e1 de un buf\u00e9 dominicano en un restaurante rural, con una gran variedad de platos locales y frutas tropicales frescas. A continuaci\u00f3n, se dirigir\u00e1 a Cayo Levantado, tambi\u00e9n conocido como \u201cIsla Bacard\u00ed\u201d, donde dispondr\u00e1 de tiempo libre para relajarse en sus playas de arena blanca y aguas turquesas.<\/p>\n<p>Por \u00faltimo, regresar\u00e1 a tierra firme y ser\u00e1 trasladado de vuelta a su alojamiento, llev\u00e1ndose consigo recuerdos inolvidables de un d\u00eda lleno de naturaleza, historia y relax en uno de los rincones m\u00e1s bellos del Caribe.<\/p>","protected":false},"excerpt":{"rendered":"<div data-track=\"overview\" data-v-83a2b402=\"\">\n<section id=\"activity-overview\" class=\"activity-overview\" data-component=\"overview\" data-v-83a2b402=\"\" data-v-f3236c42=\"\">\n<p class=\"activity-overview__content\" data-test-id=\"activity-overview-content\" data-v-f3236c42=\"\">No se pierda la oportunidad de contemplar las majestuosas ballenas jorobadas de enero a principios de abril, a\u00f1adiendo un toque de maravilla a su escapada caribe\u00f1a.<\/p>\n<\/section>\n<\/div>\n<div data-track=\"key-details\" data-v-83a2b402=\"\"><\/div>","protected":false},"featured_media":11277,"template":"","meta":[],"product_brand":[],"product_cat":[97],"product_tag":[101,102],"class_list":{"0":"post-11021","1":"product","2":"type-product","3":"status-publish","4":"has-post-thumbnail","6":"product_cat-dominican-republic","7":"product_tag-excursion","8":"product_tag-tour","10":"first","11":"instock","12":"sale","13":"shipping-taxable","14":"product-type-external"},"_links":{"self":[{"href":"https:\/\/sabanadelamartours.com\/es\/wp-json\/wp\/v2\/product\/11021","targetHints":{"allow":["GET"]}}],"collection":[{"href":"https:\/\/sabanadelamartours.com\/es\/wp-json\/wp\/v2\/product"}],"about":[{"href":"https:\/\/sabanadelamartours.com\/es\/wp-json\/wp\/v2\/types\/product"}],"version-history":[{"count":1,"href":"https:\/\/sabanadelamartours.com\/es\/wp-json\/wp\/v2\/product\/11021\/revisions"}],"predecessor-version":[{"id":18853,"href":"https:\/\/sabanadelamartours.com\/es\/wp-json\/wp\/v2\/product\/11021\/revisions\/18853"}],"wp:featuredmedia":[{"embeddable":true,"href":"https:\/\/sabanadelamartours.com\/es\/wp-json\/wp\/v2\/media\/11277"}],"wp:attachment":[{"href":"https:\/\/sabanadelamartours.com\/es\/wp-json\/wp\/v2\/media?parent=11021"}],"wp:term":[{"taxonomy":"product_brand","embeddable":true,"href":"https:\/\/sabanadelamartours.com\/es\/wp-json\/wp\/v2\/product_brand?post=11021"},{"taxonomy":"product_cat","embeddable":true,"href":"https:\/\/sabanadelamartours.com\/es\/wp-json\/wp\/v2\/product_cat?post=11021"},{"taxonomy":"product_tag","embeddable":true,"href":"https:\/\/sabanadelamartours.com\/es\/wp-json\/wp\/v2\/product_tag?post=11021"}],"curies":[{"name":"wp","href":"https:\/\/api.w.org\/{rel}","templated":true}]}}