{"id":11038,"date":"2025-12-18T09:57:03","date_gmt":"2025-12-18T09:57:03","guid":{"rendered":"https:\/\/sabanadelamartours.com\/?post_type=product&#038;p=11038"},"modified":"2026-01-05T16:38:18","modified_gmt":"2026-01-05T16:38:18","slug":"paseo-en-buggy-zipline-chapoteo-cascada-piscina-combo-con-almuerzo","status":"publish","type":"product","link":"https:\/\/sabanadelamartours.com\/es\/visita\/paseo-en-buggy-zipline-chapoteo-cascada-piscina-combo-con-almuerzo\/","title":{"rendered":"Combo de paseo en buggy, chapoteo en tirolina y piscina con cascada y almuerzo"},"content":{"rendered":"<div class=\"woocommerce-product-details__short-description\">\n<div data-track=\"overview\" data-v-83a2b402=\"\">\n<section id=\"activity-overview\" class=\"activity-overview\" data-component=\"overview\" data-v-83a2b402=\"\" data-v-f3236c42=\"\">\n<p data-test-id=\"activity-overview-content\" data-v-f3236c42=\"\">Combo de paseo en buggy, chapoteo en tirolina y piscina con cascada y almuerzo<\/p>\n<p class=\"activity-overview__content\" data-test-id=\"activity-overview-content\" data-v-f3236c42=\"\">Prep\u00e1rese para un d\u00eda lleno de aventuras en esta excursi\u00f3n en buggy con almuerzo. Corre dentro de una mina abandonada, haz tirolesa, explora un pueblo dominicano, nada en un cenote y visita una piscina con cascada.<\/p>\n<\/section>\n<\/div>\n<\/div>\n<p>Emb\u00e1rquese en una divertida excursi\u00f3n en Buggy todoterreno de 2 horas. La excursi\u00f3n en buggy es completamente todoterreno, sin tomar carreteras p\u00fablicas y con la m\u00e1xima seguridad. Avent\u00farese hasta una mente abandonada, experimente una tirolina en el dosel y visite un cenote para nadar.<\/p>\n<p>Acelera tu adrenalina al m\u00e1ximo con un circuito exclusivo en una mina abandonada. Visite un pueblo dominicano (Museo) y ad\u00e9ntrese en la cultura local mostrando c\u00f3mo se viv\u00eda en el campo. Conozca productos t\u00edpicos como el caf\u00e9, el cacao, la ca\u00f1a de az\u00facar, la mamajuana y los puros.<\/p>\n<p>A continuaci\u00f3n, vuele alto en tirolinas en Mega Splash con la gu\u00eda de un equipo experimentado. Las tirolinas incluyen un circuito de 6 l\u00edneas, el puente del Himalaya y el emocionante aterrizaje en el agua del Mega Splash Cable.<\/p>\n<p>Despu\u00e9s de sus actividades, tendr\u00e1 la oportunidad de ba\u00f1arse en la piscina de la cascada y relajarse rodeado de naturaleza serena. Disfrute de una combinaci\u00f3n perfecta de adrenalina y diversi\u00f3n.<\/p>","protected":false},"excerpt":{"rendered":"<div data-track=\"overview\" data-v-83a2b402=\"\">\n<section id=\"activity-overview\" class=\"activity-overview\" data-component=\"overview\" data-v-83a2b402=\"\" data-v-f3236c42=\"\">\n<p class=\"activity-overview__content\" data-test-id=\"activity-overview-content\" data-v-f3236c42=\"\">Prep\u00e1rese para un d\u00eda lleno de aventuras en esta excursi\u00f3n en buggy con almuerzo. Corre dentro de una mina abandonada, haz tirolesa, explora un pueblo dominicano, nada en un cenote y visita una piscina con cascada.<\/p>\n<\/section>\n<\/div>\n<div data-track=\"key-details\" data-v-83a2b402=\"\"><\/div>","protected":false},"featured_media":11283,"template":"","meta":[],"product_brand":[],"product_cat":[97],"product_tag":[101,102],"class_list":{"0":"post-11038","1":"product","2":"type-product","3":"status-publish","4":"has-post-thumbnail","6":"product_cat-dominican-republic","7":"product_tag-excursion","8":"product_tag-tour","10":"first","11":"instock","12":"sale","13":"shipping-taxable","14":"product-type-external"},"_links":{"self":[{"href":"https:\/\/sabanadelamartours.com\/es\/wp-json\/wp\/v2\/product\/11038","targetHints":{"allow":["GET"]}}],"collection":[{"href":"https:\/\/sabanadelamartours.com\/es\/wp-json\/wp\/v2\/product"}],"about":[{"href":"https:\/\/sabanadelamartours.com\/es\/wp-json\/wp\/v2\/types\/product"}],"version-history":[{"count":1,"href":"https:\/\/sabanadelamartours.com\/es\/wp-json\/wp\/v2\/product\/11038\/revisions"}],"predecessor-version":[{"id":18461,"href":"https:\/\/sabanadelamartours.com\/es\/wp-json\/wp\/v2\/product\/11038\/revisions\/18461"}],"wp:featuredmedia":[{"embeddable":true,"href":"https:\/\/sabanadelamartours.com\/es\/wp-json\/wp\/v2\/media\/11283"}],"wp:attachment":[{"href":"https:\/\/sabanadelamartours.com\/es\/wp-json\/wp\/v2\/media?parent=11038"}],"wp:term":[{"taxonomy":"product_brand","embeddable":true,"href":"https:\/\/sabanadelamartours.com\/es\/wp-json\/wp\/v2\/product_brand?post=11038"},{"taxonomy":"product_cat","embeddable":true,"href":"https:\/\/sabanadelamartours.com\/es\/wp-json\/wp\/v2\/product_cat?post=11038"},{"taxonomy":"product_tag","embeddable":true,"href":"https:\/\/sabanadelamartours.com\/es\/wp-json\/wp\/v2\/product_tag?post=11038"}],"curies":[{"name":"wp","href":"https:\/\/api.w.org\/{rel}","templated":true}]}}