{"id":11039,"date":"2025-12-18T09:57:03","date_gmt":"2025-12-18T09:57:03","guid":{"rendered":"https:\/\/sabanadelamartours.com\/?post_type=product&#038;p=11039"},"modified":"2026-01-05T16:39:12","modified_gmt":"2026-01-05T16:39:12","slug":"excursion-en-4x4-por-la-bahia-de-taino-en-puerto-plata","status":"publish","type":"product","link":"https:\/\/sabanadelamartours.com\/es\/visita\/excursion-en-4x4-por-la-bahia-de-taino-en-puerto-plata\/","title":{"rendered":"Excursi\u00f3n en 4x4 a Amber Cove y Bah\u00eda Ta\u00edna en Puerto Plata"},"content":{"rendered":"<p>Excursi\u00f3n en 4x4 a Amber Cove y Bah\u00eda Ta\u00edna en Puerto Plata<\/p>\n<p>Pasar por: Terminal de cruceros Amber Cove Cruise Park, Puerto Plata 57000 Rep\u00fablica Dominicana<\/p>\n<p>La excursi\u00f3n en tierra a Amber Cove incluye recogida en el puerto y regreso, parada para fumar puros, playa, gu\u00edas experimentados, casco y degustaci\u00f3n de regreso al puerto. Disfrute de la espectacular vista panor\u00e1mica, las playas y los sabores locales.<\/p>\n<p>Parada en: Maimon, Maimon, Provincia de Puerto Plata, Rep\u00fablica Dominicana<\/p>\n<p>A s\u00f3lo 15 minutos del hermoso puerto de la campi\u00f1a dominicana siguiendo el Oc\u00e9ano Atl\u00e1ntico, donde podr\u00e1 hacer fotos. Haga una parada para un aut\u00e9ntico peque\u00f1o liado de puros donde podr\u00e1 aprender sobre puros, probar caf\u00e9 org\u00e1nico local e incluso degustar mamajuana.<\/p>","protected":false},"excerpt":{"rendered":"<div data-track=\"overview\" data-v-83a2b402=\"\">\n<section id=\"activity-overview\" class=\"activity-overview\" data-component=\"overview\" data-v-83a2b402=\"\" data-v-f3236c42=\"\">\n<p class=\"activity-overview__content\" data-test-id=\"activity-overview-content\" data-v-f3236c42=\"\">Explore las playas y el campo de Puerto Plate en quad. Los gu\u00edas le llevar\u00e1n por peque\u00f1as granjas donde podr\u00e1 aprender a liar puros y degustar caf\u00e9 org\u00e1nico, chocolate caliente y ron locales.<\/p>\n<\/section>\n<\/div>\n<div data-track=\"key-details\" data-v-83a2b402=\"\"><\/div>","protected":false},"featured_media":11297,"template":"","meta":[],"product_brand":[],"product_cat":[97],"product_tag":[101,102],"class_list":{"0":"post-11039","1":"product","2":"type-product","3":"status-publish","4":"has-post-thumbnail","6":"product_cat-dominican-republic","7":"product_tag-excursion","8":"product_tag-tour","10":"first","11":"instock","12":"sale","13":"shipping-taxable","14":"product-type-external"},"_links":{"self":[{"href":"https:\/\/sabanadelamartours.com\/es\/wp-json\/wp\/v2\/product\/11039","targetHints":{"allow":["GET"]}}],"collection":[{"href":"https:\/\/sabanadelamartours.com\/es\/wp-json\/wp\/v2\/product"}],"about":[{"href":"https:\/\/sabanadelamartours.com\/es\/wp-json\/wp\/v2\/types\/product"}],"version-history":[{"count":1,"href":"https:\/\/sabanadelamartours.com\/es\/wp-json\/wp\/v2\/product\/11039\/revisions"}],"predecessor-version":[{"id":18462,"href":"https:\/\/sabanadelamartours.com\/es\/wp-json\/wp\/v2\/product\/11039\/revisions\/18462"}],"wp:featuredmedia":[{"embeddable":true,"href":"https:\/\/sabanadelamartours.com\/es\/wp-json\/wp\/v2\/media\/11297"}],"wp:attachment":[{"href":"https:\/\/sabanadelamartours.com\/es\/wp-json\/wp\/v2\/media?parent=11039"}],"wp:term":[{"taxonomy":"product_brand","embeddable":true,"href":"https:\/\/sabanadelamartours.com\/es\/wp-json\/wp\/v2\/product_brand?post=11039"},{"taxonomy":"product_cat","embeddable":true,"href":"https:\/\/sabanadelamartours.com\/es\/wp-json\/wp\/v2\/product_cat?post=11039"},{"taxonomy":"product_tag","embeddable":true,"href":"https:\/\/sabanadelamartours.com\/es\/wp-json\/wp\/v2\/product_tag?post=11039"}],"curies":[{"name":"wp","href":"https:\/\/api.w.org\/{rel}","templated":true}]}}