{"id":11146,"date":"2025-12-18T10:01:08","date_gmt":"2025-12-18T10:01:08","guid":{"rendered":"https:\/\/sabanadelamartours.com\/?post_type=product&#038;p=11146"},"modified":"2026-01-05T16:48:16","modified_gmt":"2026-01-05T16:48:16","slug":"visita-privada-de-medio-dia-de-puerto-plata","status":"publish","type":"product","link":"https:\/\/sabanadelamartours.com\/es\/visita\/visita-privada-de-medio-dia-de-puerto-plata\/","title":{"rendered":"Visita privada de medio d\u00eda a Puerto Plata"},"content":{"rendered":"<h4 class=\"product_title entry-title\">Visita privada de medio d\u00eda a Puerto Plata<\/h4>\n<p>1. Aqu\u00ed veremos c\u00f3mo se elabora el ron, uno de los principales productos de exportaci\u00f3n de la Rep\u00fablica Dominicana. Los visitantes podr\u00e1n ver de primera mano c\u00f3mo se elaboran y embotellan los distintos tipos de ron.<\/p>\n<p>2. Parque Central Independencia, Esta parada dura unos 30 minutos Aqu\u00ed visitaremos el famoso parque central y la antigua Catedral de San Felipe construida antes de 1863. El Parque Central de Puerto Plata se ha convertido en un lugar perfecto para sumergirse de lleno en la cultura y costumbres dominicanas, ya que el parque es una de las zonas m\u00e1s animadas y divertidas de la ciudad.<\/p>\n<p>3. Aqu\u00ed veremos c\u00f3mo se elabora el chocolate desde el \u00e1rbol del cacao hasta el producto final, un delicioso chocolate dulce. Los visitantes tambi\u00e9n podr\u00e1n degustar las distintas formas de chocolate: la fruta, la semilla seca, la manteca y, por \u00faltimo, los distintos tipos de chocolate.<\/p>\n<p>4. Fortaleza San Felipe, Esta parada dura unos 30 minutos Construida en 1577, esta antigua fortaleza fue el lugar donde los primeros colonizadores de la Rep\u00fablica Dominicana encarcelaron a muchos luchadores por la independencia de la RD.<\/p>\n<p>5. Monte Isabel de Torres, Esta parada dura aproximadamente 1 hora y 30 minutos. Aqu\u00ed subir\u00e1 en telef\u00e9rico al 20\u00ba pico m\u00e1s alto de la Rep\u00fablica Dominicana. Ver\u00e1 la hermosa costa plateada de Puerto Plata y en la cima de la monta\u00f1a podr\u00e1 explorar jardines bot\u00e1nicos, paisajes pintorescos y la famosa estatua de Jes\u00fas con los brazos abiertos.<\/p>\n<p>6. Paseo de Do\u00f1a Blanca, Esta parada dura unos 20 minutos El Paseo de Do\u00f1a Blanca en Puerto Plata es un callej\u00f3n \u00fanico creado para conmemorar la llegada de la Sra. Bianca Franceschini, pionera en el desarrollo de la temprana industria tur\u00edstica en Puerto Plata a finales del siglo XVIII. Este callej\u00f3n de estilo victoriano est\u00e1 pintado totalmente de rosa, incluidas paredes, suelos, elementos decorativos, bancos y flores; un gran tel\u00f3n de fondo para la fotograf\u00eda que ahora atrae bodas, cumplea\u00f1os y otras sesiones fotogr\u00e1ficas.<\/p>\n<p>7. Calle del Paraguas, Esta parada dura unos 20 minutos El Paseo Do\u00f1a Blanca de Puerto Plata es un callej\u00f3n \u00fanico creado para conmemorar la llegada de la se\u00f1ora Bianca Franceschini, pionera en el desarrollo de la primitiva industria tur\u00edstica de Puerto Plata a finales del siglo XVIII. Este callej\u00f3n de estilo victoriano est\u00e1 pintado totalmente de rosa, incluidas paredes, suelos, elementos decorativos, bancos y flores; un gran tel\u00f3n de fondo para la fotograf\u00eda que ahora atrae bodas, cumplea\u00f1os y otras sesiones fotogr\u00e1ficas.<\/p>\n<p>8. Museo del \u00c1mbar Dominicano, Esta parada dura unos 20 minutos El Museo del \u00c1mbar Dominicano est\u00e1 situado en el centro de la ciudad de Puerto Plata, en una casa de estilo victoriano, donde se exponen en varias plantas algunas de las piedras m\u00e1s impresionantes del \u00e1mbar dominicano, incluidas muestras que contienen f\u00f3siles de animales.<\/p>","protected":false},"excerpt":{"rendered":"<div data-track=\"overview\" data-v-83a2b402=\"\">\n<section id=\"activity-overview\" class=\"activity-overview\" data-component=\"overview\" data-v-83a2b402=\"\" data-v-f3236c42=\"\">\n<p class=\"activity-overview__content\" data-test-id=\"activity-overview-content\" data-v-f3236c42=\"\">Conozca la vibrante cultura y la rica historia de Puerto Plata con un recorrido privado por la ciudad que ofrece una exploraci\u00f3n exclusiva y personalizada de este cautivador destino.<\/p>\n<\/section>\n<\/div>\n<div data-track=\"key-details\" data-v-83a2b402=\"\"><\/div>","protected":false},"featured_media":11393,"template":"","meta":[],"product_brand":[],"product_cat":[97],"product_tag":[101,102],"class_list":{"0":"post-11146","1":"product","2":"type-product","3":"status-publish","4":"has-post-thumbnail","6":"product_cat-dominican-republic","7":"product_tag-excursion","8":"product_tag-tour","10":"first","11":"instock","12":"sale","13":"shipping-taxable","14":"product-type-external"},"_links":{"self":[{"href":"https:\/\/sabanadelamartours.com\/es\/wp-json\/wp\/v2\/product\/11146","targetHints":{"allow":["GET"]}}],"collection":[{"href":"https:\/\/sabanadelamartours.com\/es\/wp-json\/wp\/v2\/product"}],"about":[{"href":"https:\/\/sabanadelamartours.com\/es\/wp-json\/wp\/v2\/types\/product"}],"version-history":[{"count":1,"href":"https:\/\/sabanadelamartours.com\/es\/wp-json\/wp\/v2\/product\/11146\/revisions"}],"predecessor-version":[{"id":18469,"href":"https:\/\/sabanadelamartours.com\/es\/wp-json\/wp\/v2\/product\/11146\/revisions\/18469"}],"wp:featuredmedia":[{"embeddable":true,"href":"https:\/\/sabanadelamartours.com\/es\/wp-json\/wp\/v2\/media\/11393"}],"wp:attachment":[{"href":"https:\/\/sabanadelamartours.com\/es\/wp-json\/wp\/v2\/media?parent=11146"}],"wp:term":[{"taxonomy":"product_brand","embeddable":true,"href":"https:\/\/sabanadelamartours.com\/es\/wp-json\/wp\/v2\/product_brand?post=11146"},{"taxonomy":"product_cat","embeddable":true,"href":"https:\/\/sabanadelamartours.com\/es\/wp-json\/wp\/v2\/product_cat?post=11146"},{"taxonomy":"product_tag","embeddable":true,"href":"https:\/\/sabanadelamartours.com\/es\/wp-json\/wp\/v2\/product_tag?post=11146"}],"curies":[{"name":"wp","href":"https:\/\/api.w.org\/{rel}","templated":true}]}}