{"id":11176,"date":"2025-12-18T10:02:59","date_gmt":"2025-12-18T10:02:59","guid":{"rendered":"https:\/\/sabanadelamartours.com\/?post_type=product&#038;p=11176"},"modified":"2026-01-05T16:50:29","modified_gmt":"2026-01-05T16:50:29","slug":"descubra-la-isla-de-saona-disfrute-del-paraiso","status":"publish","type":"product","link":"https:\/\/sabanadelamartours.com\/es\/visita\/descubra-la-isla-de-saona-disfrute-del-paraiso\/","title":{"rendered":"Descubra la isla Saona: Disfrute del para\u00edso"},"content":{"rendered":"<div class=\"woocommerce-product-details__short-description\">\n<div data-track=\"overview\" data-v-83a2b402=\"\">\n<section id=\"activity-overview\" class=\"activity-overview\" data-component=\"overview\" data-v-83a2b402=\"\" data-v-f3236c42=\"\">\n<p data-test-id=\"activity-overview-content\" data-v-f3236c42=\"\">Descubra la isla Saona: Disfrute del para\u00edso<\/p>\n<p class=\"activity-overview__content\" data-test-id=\"activity-overview-content\" data-v-f3236c42=\"\">Disfrute de un d\u00eda en playas paradis\u00edacas de aguas turquesas y arenas blancas. Explore vibrantes arrecifes de coral mientras practica snorkel en el Caribe.<\/p>\n<\/section>\n<\/div>\n<\/div>\n<p>Viva la experiencia \u00fanica de la Isla Saona, \u00a1el destino m\u00e1s espectacular del Caribe! Comienza tu aventura a bordo de un catamar\u00e1n donde disfrutar\u00e1s de m\u00fasica tropical e impresionantes vistas mientras navegas hacia esta paradis\u00edaca isla.<\/p>\n<p>A su llegada, le recibir\u00e1n playas de arena blanca y aguas cristalinas perfectas para nadar y relajarse al sol. Sum\u00e9rjase en las vibrantes aguas practicando snorkel, explore las ex\u00f3ticas piscinas naturales llenas de estrellas de mar y disfrute de un delicioso almuerzo t\u00edpico dominicano rodeado de palmeras.<\/p>\n<p>Esta excursi\u00f3n ofrece el equilibrio perfecto entre aventura y relajaci\u00f3n, creando recuerdos inolvidables. \u00a1Reserve ahora y descubra el para\u00edso en la isla Saona!<\/p>\n<p>Situada a 19 kil\u00f3metros al sur del continente, las playas de ensue\u00f1o de la isla de Saona atraen a m\u00e1s visitantes que todos los parques nacionales del pa\u00eds juntos. Saona, un paraje protegido de 110 km2 que forma parte del Parque Nacional de Cotubanam\u00e1, es una escapada tropical de ensue\u00f1o, donde largas extensiones de brillante arena blanca y sus gigantescos cocoteros parecen fundirse en iridiscentes aguas turquesas.<\/p>\n<p>Los visitantes pueden realizar excursiones de un d\u00eda para disfrutar de las playas, a trav\u00e9s de un sinf\u00edn de opciones que van desde la lancha r\u00e1pida al catamar\u00e1n. Recorrer el impresionante paisaje costero de Saona ya merece la pena. La mayor\u00eda de las excursiones parten del pueblo de Bayah\u00edbe, desde su peque\u00f1o paseo mar\u00edtimo. Las paradas en Saona incluyen un ba\u00f1o en Palmilla, un tramo blanco con una amplia piscina natural, y en Mano Juan, la \u00fanica parte habitada de la isla. La isla Saona es tambi\u00e9n el lugar de desove de tortugas m\u00e1s importante de la Rep\u00fablica Dominicana.<\/p>","protected":false},"excerpt":{"rendered":"<div data-track=\"overview\" data-v-83a2b402=\"\">\n<section id=\"activity-overview\" class=\"activity-overview\" data-component=\"overview\" data-v-83a2b402=\"\" data-v-f3236c42=\"\">\n<p class=\"activity-overview__content\" data-test-id=\"activity-overview-content\" data-v-f3236c42=\"\">Disfrute de un d\u00eda en playas paradis\u00edacas de aguas turquesas y arenas blancas. Explore vibrantes arrecifes de coral mientras practica snorkel en el Caribe.<\/p>\n<\/section>\n<\/div>\n<div data-track=\"key-details\" data-v-83a2b402=\"\"><\/div>","protected":false},"featured_media":11408,"template":"","meta":[],"product_brand":[],"product_cat":[97],"product_tag":[101,102],"class_list":{"0":"post-11176","1":"product","2":"type-product","3":"status-publish","4":"has-post-thumbnail","6":"product_cat-dominican-republic","7":"product_tag-excursion","8":"product_tag-tour","10":"first","11":"instock","12":"sale","13":"shipping-taxable","14":"product-type-external"},"_links":{"self":[{"href":"https:\/\/sabanadelamartours.com\/es\/wp-json\/wp\/v2\/product\/11176","targetHints":{"allow":["GET"]}}],"collection":[{"href":"https:\/\/sabanadelamartours.com\/es\/wp-json\/wp\/v2\/product"}],"about":[{"href":"https:\/\/sabanadelamartours.com\/es\/wp-json\/wp\/v2\/types\/product"}],"version-history":[{"count":1,"href":"https:\/\/sabanadelamartours.com\/es\/wp-json\/wp\/v2\/product\/11176\/revisions"}],"predecessor-version":[{"id":18470,"href":"https:\/\/sabanadelamartours.com\/es\/wp-json\/wp\/v2\/product\/11176\/revisions\/18470"}],"wp:featuredmedia":[{"embeddable":true,"href":"https:\/\/sabanadelamartours.com\/es\/wp-json\/wp\/v2\/media\/11408"}],"wp:attachment":[{"href":"https:\/\/sabanadelamartours.com\/es\/wp-json\/wp\/v2\/media?parent=11176"}],"wp:term":[{"taxonomy":"product_brand","embeddable":true,"href":"https:\/\/sabanadelamartours.com\/es\/wp-json\/wp\/v2\/product_brand?post=11176"},{"taxonomy":"product_cat","embeddable":true,"href":"https:\/\/sabanadelamartours.com\/es\/wp-json\/wp\/v2\/product_cat?post=11176"},{"taxonomy":"product_tag","embeddable":true,"href":"https:\/\/sabanadelamartours.com\/es\/wp-json\/wp\/v2\/product_tag?post=11176"}],"curies":[{"name":"wp","href":"https:\/\/api.w.org\/{rel}","templated":true}]}}