{"id":11203,"date":"2025-12-18T10:03:55","date_gmt":"2025-12-18T10:03:55","guid":{"rendered":"https:\/\/sabanadelamartours.com\/?post_type=product&#038;p=11203"},"modified":"2026-02-09T05:15:44","modified_gmt":"2026-02-09T05:15:44","slug":"traslado-vip-entre-el-aeropuerto-de-punta-cana-y-los-hoteles-de-bayahibe","status":"publish","type":"product","link":"https:\/\/sabanadelamartours.com\/es\/visita\/traslado-vip-entre-el-aeropuerto-de-punta-cana-y-los-hoteles-de-bayahibe\/","title":{"rendered":"Traslado VIP entre el aeropuerto de Punta Cana y los hoteles de Bayahibe"},"content":{"rendered":"<p>Traslado VIP entre el aeropuerto de Punta Cana y los hoteles de Bayahibe<\/p>\n<p>Reserve el traslado de su preferencia sin complicaciones, nosotros nos encargaremos de acompa\u00f1arlo durante su recorrido en la Rep\u00fablica Dominicana, usted no tiene de que preocuparse, somos expertos en traslados y esto ayuda a que usted reciba el servicio que se merece de la mano de un profesional, hacemos que sus viajes sean m\u00e1s seguros y relajantes, solo reserve con anticipaci\u00f3n para tener su servicio programado y su chofer listo para recogerlo en el aeropuerto de su preferencia en la Rep\u00fablica Dominicana, en Diamante estamos listos para su llegada.<\/p>\n<p>Acerca de Bayahibe:<\/p>\n<p>Bayah\u00edbe es un pintoresco pueblo de la Rep\u00fablica Dominicana, con una rica historia y una vibrante escena tur\u00edstica. Situado a unos 16 km al este de La Romana, en la costa del mar Caribe, Bayah\u00edbe fue fundado en 1874 como pueblo pesquero por Juan Brito y su familia, procedentes de Puerto Rico. En la actualidad, es un destino muy solicitado por los viajeros que buscan disfrutar de su belleza natural y su encanto hist\u00f3rico.<\/p>\n<p>Acerca de Punta Cana:<\/p>\n<p>Punta Cana es una ciudad tur\u00edstica situada en la regi\u00f3n m\u00e1s oriental de la Rep\u00fablica Dominicana. Fue incorporado pol\u00edticamente como el \u201cmunicipio Ver\u00f3n-Punta Cana\u201d en 2006, y est\u00e1 sujeto al municipio de Hig\u00fcey (Provincia La Altagracia). Seg\u00fan el censo de 2022, este municipio o distrito ten\u00eda una poblaci\u00f3n de 138.919 habitantes.<\/p>\n<p>&nbsp;<\/p>\n<p>&nbsp;<\/p>","protected":false},"excerpt":{"rendered":"<div data-track=\"overview\" data-v-83a2b402=\"\">\n<section id=\"activity-overview\" class=\"activity-overview\" data-component=\"overview\" data-v-83a2b402=\"\" data-v-f3236c42=\"\">\n<p class=\"activity-overview__content\" data-test-id=\"activity-overview-content\" data-v-f3236c42=\"\">Listo, reserve su traslado con antelaci\u00f3n, en diamond transportation nos encargamos de ofrecerle un servicio econ\u00f3mico y c\u00f3modo.<\/p>\n<\/section>\n<\/div>\n<div data-track=\"key-details\" data-v-83a2b402=\"\"><\/div>","protected":false},"featured_media":11459,"template":"","meta":[],"product_brand":[],"product_cat":[97],"product_tag":[101,102],"class_list":{"0":"post-11203","1":"product","2":"type-product","3":"status-publish","4":"has-post-thumbnail","6":"product_cat-dominican-republic","7":"product_tag-excursion","8":"product_tag-tour","10":"first","11":"instock","12":"sale","13":"shipping-taxable","14":"product-type-external"},"_links":{"self":[{"href":"https:\/\/sabanadelamartours.com\/es\/wp-json\/wp\/v2\/product\/11203","targetHints":{"allow":["GET"]}}],"collection":[{"href":"https:\/\/sabanadelamartours.com\/es\/wp-json\/wp\/v2\/product"}],"about":[{"href":"https:\/\/sabanadelamartours.com\/es\/wp-json\/wp\/v2\/types\/product"}],"version-history":[{"count":1,"href":"https:\/\/sabanadelamartours.com\/es\/wp-json\/wp\/v2\/product\/11203\/revisions"}],"predecessor-version":[{"id":18471,"href":"https:\/\/sabanadelamartours.com\/es\/wp-json\/wp\/v2\/product\/11203\/revisions\/18471"}],"wp:featuredmedia":[{"embeddable":true,"href":"https:\/\/sabanadelamartours.com\/es\/wp-json\/wp\/v2\/media\/11459"}],"wp:attachment":[{"href":"https:\/\/sabanadelamartours.com\/es\/wp-json\/wp\/v2\/media?parent=11203"}],"wp:term":[{"taxonomy":"product_brand","embeddable":true,"href":"https:\/\/sabanadelamartours.com\/es\/wp-json\/wp\/v2\/product_brand?post=11203"},{"taxonomy":"product_cat","embeddable":true,"href":"https:\/\/sabanadelamartours.com\/es\/wp-json\/wp\/v2\/product_cat?post=11203"},{"taxonomy":"product_tag","embeddable":true,"href":"https:\/\/sabanadelamartours.com\/es\/wp-json\/wp\/v2\/product_tag?post=11203"}],"curies":[{"name":"wp","href":"https:\/\/api.w.org\/{rel}","templated":true}]}}