{"id":11204,"date":"2025-12-18T10:03:55","date_gmt":"2025-12-18T10:03:55","guid":{"rendered":"https:\/\/sabanadelamartours.com\/?post_type=product&#038;p=11204"},"modified":"2026-02-14T07:09:52","modified_gmt":"2026-02-14T07:09:52","slug":"traslado-privado-aeropuerto-de-punta-cana-a-nickelodeon","status":"publish","type":"product","link":"https:\/\/sabanadelamartours.com\/es\/visita\/traslado-privado-aeropuerto-de-punta-cana-a-nickelodeon\/","title":{"rendered":"Traslado Privado Aeropuerto Punta Cana a Nickelodeon"},"content":{"rendered":"<div class=\"woocommerce-product-details__short-description\">\n<div data-track=\"overview\" data-v-83a2b402=\"\">\n<section id=\"activity-overview\" class=\"activity-overview\" data-component=\"overview\" data-v-83a2b402=\"\" data-v-f3236c42=\"\">\n<p data-test-id=\"activity-overview-content\" data-v-f3236c42=\"\">Traslado Privado Aeropuerto Punta Cana a Nickelodeon<\/p>\n<p class=\"activity-overview__content\" data-test-id=\"activity-overview-content\" data-v-f3236c42=\"\">S\u00e1ltese la espera y dir\u00edjase directamente al para\u00edso. En cuanto llegue, su conductor estar\u00e1 a la salida de la terminal con un cartel con su nombre, listo para llevarle directamente a su complejo.<\/p>\n<\/section>\n<\/div>\n<\/div>\n<p>Punta Cana Transfer es l\u00edder en la prestaci\u00f3n de transporte privado en todo Punta Cana. Como empresa, tenemos m\u00e1s de 4 a\u00f1os de experiencia y m\u00e1s de 1000 opiniones de 5 estrellas en TripAdvisor.<\/p>\n<p>Disfrute de la facilidad que supone ser atendido por su representante de atenci\u00f3n al cliente antes, durante y despu\u00e9s de su viaje. Sin billetes, sin tener que esperar correos electr\u00f3nicos ni largas colas, toda la comunicaci\u00f3n es inmediata y a trav\u00e9s de SMS. Su conductor le estar\u00e1 esperando con un cartel a su llegada y le llevar\u00e1 directamente a su resort sin paradas ni sorpresas indeseadas.<\/p>\n<p>Reserve su transporte y vaya directamente del Aeropuerto de Punta Cana a Nickelodeon o de Nickelodeon al Aeropuerto de Punta Cana para coger su vuelo.<\/p>","protected":false},"excerpt":{"rendered":"<div data-track=\"overview\" data-v-83a2b402=\"\">\n<section id=\"activity-overview\" class=\"activity-overview\" data-component=\"overview\" data-v-83a2b402=\"\" data-v-f3236c42=\"\">\n<p class=\"activity-overview__content\" data-test-id=\"activity-overview-content\" data-v-f3236c42=\"\">S\u00e1ltese la espera y dir\u00edjase directamente al para\u00edso. En cuanto llegue, su conductor estar\u00e1 a la salida de la terminal con un cartel con su nombre, listo para llevarle directamente a su complejo.<\/p>\n<\/section>\n<\/div>\n<div data-track=\"key-details\" data-v-83a2b402=\"\"><\/div>","protected":false},"featured_media":11465,"template":"","meta":[],"product_brand":[],"product_cat":[97],"product_tag":[101,102],"class_list":{"0":"post-11204","1":"product","2":"type-product","3":"status-publish","4":"has-post-thumbnail","6":"product_cat-dominican-republic","7":"product_tag-excursion","8":"product_tag-tour","10":"first","11":"instock","12":"sale","13":"shipping-taxable","14":"product-type-external"},"_links":{"self":[{"href":"https:\/\/sabanadelamartours.com\/es\/wp-json\/wp\/v2\/product\/11204","targetHints":{"allow":["GET"]}}],"collection":[{"href":"https:\/\/sabanadelamartours.com\/es\/wp-json\/wp\/v2\/product"}],"about":[{"href":"https:\/\/sabanadelamartours.com\/es\/wp-json\/wp\/v2\/types\/product"}],"version-history":[{"count":1,"href":"https:\/\/sabanadelamartours.com\/es\/wp-json\/wp\/v2\/product\/11204\/revisions"}],"predecessor-version":[{"id":19270,"href":"https:\/\/sabanadelamartours.com\/es\/wp-json\/wp\/v2\/product\/11204\/revisions\/19270"}],"wp:featuredmedia":[{"embeddable":true,"href":"https:\/\/sabanadelamartours.com\/es\/wp-json\/wp\/v2\/media\/11465"}],"wp:attachment":[{"href":"https:\/\/sabanadelamartours.com\/es\/wp-json\/wp\/v2\/media?parent=11204"}],"wp:term":[{"taxonomy":"product_brand","embeddable":true,"href":"https:\/\/sabanadelamartours.com\/es\/wp-json\/wp\/v2\/product_brand?post=11204"},{"taxonomy":"product_cat","embeddable":true,"href":"https:\/\/sabanadelamartours.com\/es\/wp-json\/wp\/v2\/product_cat?post=11204"},{"taxonomy":"product_tag","embeddable":true,"href":"https:\/\/sabanadelamartours.com\/es\/wp-json\/wp\/v2\/product_tag?post=11204"}],"curies":[{"name":"wp","href":"https:\/\/api.w.org\/{rel}","templated":true}]}}