{"id":11233,"date":"2025-12-18T10:04:57","date_gmt":"2025-12-18T10:04:57","guid":{"rendered":"https:\/\/sabanadelamartours.com\/?post_type=product&#038;p=11233"},"modified":"2025-12-18T10:16:06","modified_gmt":"2025-12-18T10:16:06","slug":"reliable-airport-transfers-to-and-from-punta-cana-airport","status":"publish","type":"product","link":"https:\/\/sabanadelamartours.com\/es\/visita\/reliable-airport-transfers-to-and-from-punta-cana-airport\/","title":{"rendered":"Reliable Airport Transfers to and From Punta Cana Airport"},"content":{"rendered":"<h4 class=\"product_title entry-title\">Reliable Airport Transfers to and From Punta Cana Airport<\/h4>\n<p>Enjoy a seamless and reliable airport transfer service in Punta Cana. Whether you\u2019re arriving in paradise or heading home after a relaxing vacation, the dedicated team is here to provide you with a smooth, stress-free travel experience.<\/p>\n<p>Book your airport transfer with a focus on comfort, convenience, and efficiency. With a modern fleet of vehicles and professional drivers, enjoy a hassle-free start or end to your journey.<\/p>\n<p>To guarantee a seamless experience, make your reservation in advance. When booking, provide your flight details and destination information so that the most convenient pick-up and drop-off times can be arranged.<\/p>\n<p>The service covers transfers to and from Punta Cana International Airport (PUJ) and any destination within the Punta Cana area.<\/p>\n<p>About Punta Cana<\/p>\n<p>Punta Cana es una ciudad tur\u00edstica situada en la regi\u00f3n m\u00e1s oriental de la Rep\u00fablica Dominicana. Fue incorporado pol\u00edticamente como el \u201cmunicipio Ver\u00f3n-Punta Cana\u201d en 2006, y est\u00e1 sujeto al municipio de Hig\u00fcey (Provincia La Altagracia). Seg\u00fan el censo de 2022, este municipio o distrito ten\u00eda una poblaci\u00f3n de 138.919 habitantes.<\/p>","protected":false},"excerpt":{"rendered":"<div data-track=\"overview\" data-v-83a2b402=\"\">\n<section id=\"activity-overview\" class=\"activity-overview\" data-component=\"overview\" data-v-83a2b402=\"\" data-v-f3236c42=\"\">\n<p class=\"activity-overview__content\" data-test-id=\"activity-overview-content\" data-v-f3236c42=\"\">Enjoy a hassle-free start or end to your vacation in Punta Cana with a private airport transfer. Relax in the comfort of a modern vehicle with a professional driver.<\/p>\n<\/section>\n<\/div>\n<div data-track=\"key-details\" data-v-83a2b402=\"\"><\/div>","protected":false},"featured_media":11530,"template":"","meta":[],"product_brand":[],"product_cat":[97],"product_tag":[101,102],"class_list":{"0":"post-11233","1":"product","2":"type-product","3":"status-publish","4":"has-post-thumbnail","6":"product_cat-dominican-republic","7":"product_tag-excursion","8":"product_tag-tour","10":"first","11":"instock","12":"sale","13":"shipping-taxable","14":"product-type-external"},"_links":{"self":[{"href":"https:\/\/sabanadelamartours.com\/es\/wp-json\/wp\/v2\/product\/11233","targetHints":{"allow":["GET"]}}],"collection":[{"href":"https:\/\/sabanadelamartours.com\/es\/wp-json\/wp\/v2\/product"}],"about":[{"href":"https:\/\/sabanadelamartours.com\/es\/wp-json\/wp\/v2\/types\/product"}],"version-history":[{"count":0,"href":"https:\/\/sabanadelamartours.com\/es\/wp-json\/wp\/v2\/product\/11233\/revisions"}],"wp:featuredmedia":[{"embeddable":true,"href":"https:\/\/sabanadelamartours.com\/es\/wp-json\/wp\/v2\/media\/11530"}],"wp:attachment":[{"href":"https:\/\/sabanadelamartours.com\/es\/wp-json\/wp\/v2\/media?parent=11233"}],"wp:term":[{"taxonomy":"product_brand","embeddable":true,"href":"https:\/\/sabanadelamartours.com\/es\/wp-json\/wp\/v2\/product_brand?post=11233"},{"taxonomy":"product_cat","embeddable":true,"href":"https:\/\/sabanadelamartours.com\/es\/wp-json\/wp\/v2\/product_cat?post=11233"},{"taxonomy":"product_tag","embeddable":true,"href":"https:\/\/sabanadelamartours.com\/es\/wp-json\/wp\/v2\/product_tag?post=11233"}],"curies":[{"name":"wp","href":"https:\/\/api.w.org\/{rel}","templated":true}]}}