{"id":11264,"date":"2025-12-18T10:06:06","date_gmt":"2025-12-18T10:06:06","guid":{"rendered":"https:\/\/sabanadelamartours.com\/?post_type=product&#038;p=11264"},"modified":"2026-01-05T17:07:17","modified_gmt":"2026-01-05T17:07:17","slug":"excursion-en-barco-de-dia-completo-a-la-isla-saona-con-almuerzo-buffet-bebidas","status":"publish","type":"product","link":"https:\/\/sabanadelamartours.com\/es\/visita\/excursion-en-barco-de-dia-completo-a-la-isla-saona-con-almuerzo-buffet-bebidas\/","title":{"rendered":"Isla Saona: Excursi\u00f3n en barco de d\u00eda completo con almuerzo buffet y bebidas"},"content":{"rendered":"<div class=\"woocommerce-product-details__short-description\">\n<div data-track=\"overview\" data-v-83a2b402=\"\">\n<section id=\"activity-overview\" class=\"activity-overview\" data-component=\"overview\" data-v-83a2b402=\"\" data-v-f3236c42=\"\">\n<p data-test-id=\"activity-overview-content\" data-v-f3236c42=\"\">Isla Saona: Excursi\u00f3n en barco de d\u00eda completo con almuerzo buffet y bebidas<\/p>\n<p class=\"activity-overview__content\" data-test-id=\"activity-overview-content\" data-v-f3236c42=\"\">Conozca las hermosas costas del mar Caribe en esta excursi\u00f3n en barco de un d\u00eda completo. Disfrute de las exuberantes playas de la isla Saona. Benef\u00edciese de un programa con todo incluido que incluye un almuerzo buf\u00e9, bebidas locales y diversas actividades.<\/p>\n<\/section>\n<\/div>\n<\/div>\n<p>Suba a bordo y sienta la brisa mientras cruza el mar Caribe en lancha r\u00e1pida en esta excursi\u00f3n isle\u00f1a de d\u00eda completo. Viaje a la hermosa isla de Saona y dese un ba\u00f1o en una piscina natural y un banco de arena en medio del mar. Comience su excursi\u00f3n en el Parque Nacional de Cotubanam\u00e1. Dir\u00edjase a Palmilla, una piscina natural, y disfrute de bebidas mientras retoza en las aguas turquesas. Interact\u00fae con las estrellas de mar y otros animales marinos.<\/p>\n<p>Despu\u00e9s, dir\u00edjase al club de playa de la isla para disfrutar de tres horas de tiempo libre: holgazanear en la playa, nadar o jugar al voley playa. Disfrute de un almuerzo buffet antes de continuar con un crucero en catamar\u00e1n por las tranquilas aguas.<\/p>\n<p>Explore las impresionantes playas de la isla Saona con una excursi\u00f3n en barco con todo incluido que incluye un almuerzo buf\u00e9 y refrescantes bebidas locales.<\/p>","protected":false},"excerpt":{"rendered":"<div data-track=\"overview\" data-v-83a2b402=\"\">\n<section id=\"activity-overview\" class=\"activity-overview\" data-component=\"overview\" data-v-83a2b402=\"\" data-v-f3236c42=\"\">\n<p class=\"activity-overview__content\" data-test-id=\"activity-overview-content\" data-v-f3236c42=\"\">Conozca las hermosas costas del mar Caribe en esta excursi\u00f3n en barco de un d\u00eda completo. Disfrute de las exuberantes playas de la isla Saona. Benef\u00edciese de un programa con todo incluido que incluye un almuerzo buf\u00e9, bebidas locales y diversas actividades.<\/p>\n<\/section>\n<\/div>\n<div data-track=\"key-details\" data-v-83a2b402=\"\"><\/div>","protected":false},"featured_media":11560,"template":"","meta":[],"product_brand":[],"product_cat":[97],"product_tag":[101,102],"class_list":{"0":"post-11264","1":"product","2":"type-product","3":"status-publish","4":"has-post-thumbnail","6":"product_cat-dominican-republic","7":"product_tag-excursion","8":"product_tag-tour","10":"first","11":"instock","12":"sale","13":"shipping-taxable","14":"product-type-external"},"_links":{"self":[{"href":"https:\/\/sabanadelamartours.com\/es\/wp-json\/wp\/v2\/product\/11264","targetHints":{"allow":["GET"]}}],"collection":[{"href":"https:\/\/sabanadelamartours.com\/es\/wp-json\/wp\/v2\/product"}],"about":[{"href":"https:\/\/sabanadelamartours.com\/es\/wp-json\/wp\/v2\/types\/product"}],"version-history":[{"count":2,"href":"https:\/\/sabanadelamartours.com\/es\/wp-json\/wp\/v2\/product\/11264\/revisions"}],"predecessor-version":[{"id":18481,"href":"https:\/\/sabanadelamartours.com\/es\/wp-json\/wp\/v2\/product\/11264\/revisions\/18481"}],"wp:featuredmedia":[{"embeddable":true,"href":"https:\/\/sabanadelamartours.com\/es\/wp-json\/wp\/v2\/media\/11560"}],"wp:attachment":[{"href":"https:\/\/sabanadelamartours.com\/es\/wp-json\/wp\/v2\/media?parent=11264"}],"wp:term":[{"taxonomy":"product_brand","embeddable":true,"href":"https:\/\/sabanadelamartours.com\/es\/wp-json\/wp\/v2\/product_brand?post=11264"},{"taxonomy":"product_cat","embeddable":true,"href":"https:\/\/sabanadelamartours.com\/es\/wp-json\/wp\/v2\/product_cat?post=11264"},{"taxonomy":"product_tag","embeddable":true,"href":"https:\/\/sabanadelamartours.com\/es\/wp-json\/wp\/v2\/product_tag?post=11264"}],"curies":[{"name":"wp","href":"https:\/\/api.w.org\/{rel}","templated":true}]}}