{"id":11275,"date":"2025-12-18T10:06:31","date_gmt":"2025-12-18T10:06:31","guid":{"rendered":"https:\/\/sabanadelamartours.com\/?post_type=product&#038;p=11275"},"modified":"2026-02-09T05:21:45","modified_gmt":"2026-02-09T05:21:45","slug":"excursion-de-un-dia-al-parque-nacional-santo-domingo-los-haitises","status":"publish","type":"product","link":"https:\/\/sabanadelamartours.com\/es\/visita\/excursion-de-un-dia-al-parque-nacional-santo-domingo-los-haitises\/","title":{"rendered":"Santo Domingo: Excursi\u00f3n de un d\u00eda al Parque Nacional de Los Haitises"},"content":{"rendered":"<p>Esta excursi\u00f3n sin igual le ofrece la oportunidad de descubrir la mayor reserva natural de la Rep\u00fablica Dominicana. Sea testigo de la joya de los viajes ecotur\u00edsticos por el Caribe.<\/p>\n<p>\u00bfCu\u00e1ntos parques nacionales tiene la Rep\u00fablica Dominicana? \u00bfD\u00f3nde est\u00e1 el Parque Nacional de Los Haitises? \u00bfQu\u00e9 significa Los Haitises? \u00bfQu\u00e9 tipo de naturaleza se puede encontrar en Los Haitises? \u00bfQu\u00e9 relaci\u00f3n hay entre la pel\u00edcula Parque Jur\u00e1sico y Los Haitises? \u00bfPor qu\u00e9 deber\u00eda ir pronto a Los Haitises?. .<\/p>\n<p>Descubrir\u00e1 el hermoso escenario natural de ensue\u00f1o de los bosques marinos y de manglares de la Bah\u00eda de San Lorenzo. Un d\u00eda inolvidable de aventura que te sumergir\u00e1 en la verdadera esencia de lo que la Rep\u00fablica Dominicana tiene que dar.<\/p>\n<section class=\"full-description activity-experience__item\" data-test-id=\"activity-full-description\" data-v-2760aec9=\"\" data-v-5835c99c=\"\">\n<div class=\"activity-accordion-item\" data-v-5835c99c=\"\">\n<div class=\"activity-accordion-item__content--hidden activity-accordion-item__content\">\n<section class=\"toggle-content\" data-v-5835c99c=\"\" data-v-59485d64=\"\">\n<div class=\"toggle-content__content toggle-content__content--expanded\" data-v-59485d64=\"\">\n<div data-test-id=\"activity-full-description-text\" data-v-5835c99c=\"\">Prep\u00e1rese para conocer la Rep\u00fablica Dominicana desde una perspectiva diferente. Un carism\u00e1tico gu\u00eda local te revelar\u00e1 datos interesantes sobre el Parque Nacional de Los Haitises.<\/div>\n<\/div>\n<\/section>\n<\/div>\n<\/div>\n<\/section>\n<section class=\"activity-includes activity-experience__item\" data-test-id=\"activity-includes-section\" data-v-2760aec9=\"\" data-v-7976cbc6=\"\">\n<div class=\"activity-accordion-item\" data-v-7976cbc6=\"\">\n<div class=\"activity-accordion-item-header\"><\/div>\n<\/div>\n<\/section>","protected":false},"excerpt":{"rendered":"<div data-track=\"overview\" data-v-83a2b402=\"\">\n<section id=\"activity-overview\" class=\"activity-overview\" data-component=\"overview\" data-v-83a2b402=\"\" data-v-f3236c42=\"\">\n<p class=\"activity-overview__content\" data-test-id=\"activity-overview-content\" data-v-f3236c42=\"\">Haga una excursi\u00f3n a la mayor reserva natural de la Rep\u00fablica Dominicana. Explore cuevas \u00fanicas con hermosas playas, contemple exuberantes manglares en barco y visite la apartada localidad de Sabana de La Mar.<\/p>\n<\/section>\n<\/div>\n<div data-track=\"key-details\" data-v-83a2b402=\"\"><\/div>","protected":false},"featured_media":11574,"template":"","meta":[],"product_brand":[],"product_cat":[97],"product_tag":[101,102],"class_list":{"0":"post-11275","1":"product","2":"type-product","3":"status-publish","4":"has-post-thumbnail","6":"product_cat-dominican-republic","7":"product_tag-excursion","8":"product_tag-tour","10":"first","11":"instock","12":"shipping-taxable","13":"product-type-external"},"_links":{"self":[{"href":"https:\/\/sabanadelamartours.com\/es\/wp-json\/wp\/v2\/product\/11275","targetHints":{"allow":["GET"]}}],"collection":[{"href":"https:\/\/sabanadelamartours.com\/es\/wp-json\/wp\/v2\/product"}],"about":[{"href":"https:\/\/sabanadelamartours.com\/es\/wp-json\/wp\/v2\/types\/product"}],"version-history":[{"count":1,"href":"https:\/\/sabanadelamartours.com\/es\/wp-json\/wp\/v2\/product\/11275\/revisions"}],"predecessor-version":[{"id":18482,"href":"https:\/\/sabanadelamartours.com\/es\/wp-json\/wp\/v2\/product\/11275\/revisions\/18482"}],"wp:featuredmedia":[{"embeddable":true,"href":"https:\/\/sabanadelamartours.com\/es\/wp-json\/wp\/v2\/media\/11574"}],"wp:attachment":[{"href":"https:\/\/sabanadelamartours.com\/es\/wp-json\/wp\/v2\/media?parent=11275"}],"wp:term":[{"taxonomy":"product_brand","embeddable":true,"href":"https:\/\/sabanadelamartours.com\/es\/wp-json\/wp\/v2\/product_brand?post=11275"},{"taxonomy":"product_cat","embeddable":true,"href":"https:\/\/sabanadelamartours.com\/es\/wp-json\/wp\/v2\/product_cat?post=11275"},{"taxonomy":"product_tag","embeddable":true,"href":"https:\/\/sabanadelamartours.com\/es\/wp-json\/wp\/v2\/product_tag?post=11275"}],"curies":[{"name":"wp","href":"https:\/\/api.w.org\/{rel}","templated":true}]}}