{"id":11326,"date":"2025-12-18T10:08:17","date_gmt":"2025-12-18T10:08:17","guid":{"rendered":"https:\/\/sabanadelamartours.com\/?post_type=product&#038;p=11326"},"modified":"2026-02-09T05:24:20","modified_gmt":"2026-02-09T05:24:20","slug":"punta-cana-samana-tour-con-paseo-a-caballo-crucero-y-almuerzo","status":"publish","type":"product","link":"https:\/\/sabanadelamartours.com\/es\/visita\/punta-cana-samana-tour-con-paseo-a-caballo-crucero-y-almuerzo\/","title":{"rendered":"Punta Cana: Excursi\u00f3n a Saman\u00e1 con paseo a caballo, crucero y almuerzo"},"content":{"rendered":"<p>Explore la pen\u00ednsula de Saman\u00e1 en una excursi\u00f3n de un d\u00eda mientras descubre algunos de sus lugares m\u00e1s destacados en una excursi\u00f3n de un d\u00eda desde Punta Cana. Visite la impresionante cascada de El L\u00edmon, disfrute de un almuerzo t\u00edpico dominicano y disfrute de un crucero en catamar\u00e1n hasta el impresionante Cay\u00f3 Levanto.<\/p>\n<p>Comience con la recogida en Punta Cana, Bayahibe o B\u00e1varo y viaje por la zona de Miches, pasando por pintorescos pueblos. Una vez en el pueblo de La Ca\u00f1ita, tome el barco a la pen\u00ednsula de Saman\u00e1.<\/p>\n<p>Una vez all\u00ed, s\u00fabase a bordo de un cami\u00f3n safari que le adentrar\u00e1 en la selva de monta\u00f1a para realizar el recorrido a caballo hasta la cascada de El L\u00edmon. Disfrute de un refrescante chapuz\u00f3n en sus cascadas, rodeado de la exuberante selva.<\/p>\n<p>Vuelva al muelle para disfrutar de un delicioso almuerzo de cocina tradicional dominicana.<\/p>\n<p>Contin\u00fae la aventura en un crucero en catamar\u00e1n hasta Cay\u00f3 Levanto. Disfrute de 90 minutos para relajarse en sus playas de arena blanca y brillantes aguas turquesas. Despu\u00e9s, regrese a La Ca\u00f1ita para tomar el autob\u00fas de vuelta a su alojamiento.<\/p>","protected":false},"excerpt":{"rendered":"<div data-track=\"overview\" data-v-83a2b402=\"\">\n<section id=\"activity-overview\" class=\"activity-overview\" data-component=\"overview\" data-v-83a2b402=\"\" data-v-f3236c42=\"\">\n<p class=\"activity-overview__content\" data-test-id=\"activity-overview-content\" data-v-f3236c42=\"\">Vea ballenas en un crucero en catamar\u00e1n hasta Cay\u00f3 Levanto, monte a caballo hasta la cascada El L\u00edmon y descubra la belleza de la pen\u00ednsula de Saman\u00e1 reservando esta excursi\u00f3n de un d\u00eda desde Punta Cana. Reserve ahora y pague el resto m\u00e1s tarde.<\/p>\n<\/section>\n<\/div>\n<div data-track=\"key-details\" data-v-83a2b402=\"\"><\/div>","protected":false},"featured_media":11642,"template":"","meta":[],"product_brand":[],"product_cat":[97],"product_tag":[101,102],"class_list":{"0":"post-11326","1":"product","2":"type-product","3":"status-publish","4":"has-post-thumbnail","6":"product_cat-dominican-republic","7":"product_tag-excursion","8":"product_tag-tour","10":"first","11":"instock","12":"shipping-taxable","13":"product-type-external"},"_links":{"self":[{"href":"https:\/\/sabanadelamartours.com\/es\/wp-json\/wp\/v2\/product\/11326","targetHints":{"allow":["GET"]}}],"collection":[{"href":"https:\/\/sabanadelamartours.com\/es\/wp-json\/wp\/v2\/product"}],"about":[{"href":"https:\/\/sabanadelamartours.com\/es\/wp-json\/wp\/v2\/types\/product"}],"version-history":[{"count":1,"href":"https:\/\/sabanadelamartours.com\/es\/wp-json\/wp\/v2\/product\/11326\/revisions"}],"predecessor-version":[{"id":18486,"href":"https:\/\/sabanadelamartours.com\/es\/wp-json\/wp\/v2\/product\/11326\/revisions\/18486"}],"wp:featuredmedia":[{"embeddable":true,"href":"https:\/\/sabanadelamartours.com\/es\/wp-json\/wp\/v2\/media\/11642"}],"wp:attachment":[{"href":"https:\/\/sabanadelamartours.com\/es\/wp-json\/wp\/v2\/media?parent=11326"}],"wp:term":[{"taxonomy":"product_brand","embeddable":true,"href":"https:\/\/sabanadelamartours.com\/es\/wp-json\/wp\/v2\/product_brand?post=11326"},{"taxonomy":"product_cat","embeddable":true,"href":"https:\/\/sabanadelamartours.com\/es\/wp-json\/wp\/v2\/product_cat?post=11326"},{"taxonomy":"product_tag","embeddable":true,"href":"https:\/\/sabanadelamartours.com\/es\/wp-json\/wp\/v2\/product_tag?post=11326"}],"curies":[{"name":"wp","href":"https:\/\/api.w.org\/{rel}","templated":true}]}}