{"id":11365,"date":"2025-12-18T10:09:48","date_gmt":"2025-12-18T10:09:48","guid":{"rendered":"https:\/\/sabanadelamartours.com\/?post_type=product&#038;p=11365"},"modified":"2026-01-05T17:26:10","modified_gmt":"2026-01-05T17:26:10","slug":"samana-fronton-madame-beach-tour-las-galeras","status":"publish","type":"product","link":"https:\/\/sabanadelamartours.com\/es\/visita\/samana-fronton-madame-beach-tour-las-galeras\/","title":{"rendered":"Saman\u00e1: Front\u00f3n y Madame Beach tour Las Galeras"},"content":{"rendered":"<p>Mejor Tour a Playa Front\u00f3n + Playa Madame playas en Las Galeras, Saman\u00e1. Entre en el ambiente \u00fanico de Playa Front\u00f3n, una playa a la que s\u00f3lo se puede llegar en barco rodeado de un arrecife de coral alrededor del cual se puede bucear, nadar con peces y descubrir sus corales y relajarse y disfrutar del incre\u00edble paisaje. Despu\u00e9s del tiempo en Playa Front\u00f3n, visitaremos otra incre\u00edble playa que es Playa Madame. Antes de regresar al punto de encuentro.<\/p>\n<p>Esta es una de las excursiones m\u00e1s bonitas de la pen\u00ednsula de Saman\u00e1. Ad\u00e9ntrese en el ambiente \u00fanico de Playa Front\u00f3n, una playa a la que s\u00f3lo se puede llegar en barco y rodeada por un arrecife de coral alrededor del cual podr\u00e1 practicar snorkel, nadar con peces y descubrir sus corales, as\u00ed como relajarse y disfrutar del incre\u00edble paisaje. Almorzar\u00e1 con los dedos de los pies en la arena al son de la Bachata en \u201cEl Para\u00edso\u201d - El \u00faltimo restaurante antes de la selva - donde le servir\u00e1n una comida completa que incluye un \u201cplato de pescado\u201d compuesto de langosta o wassou (camar\u00f3n de agua dulce servido durante las temporadas de reproducci\u00f3n de las langostas), pescado y calamares, acompa\u00f1ado de bebidas y c\u00f3cteles locales.<\/p>\n<p>De regreso nos detendremos en Playa Madama, una peque\u00f1a playa bordeada de corales donde tambi\u00e9n se puede visitar una cueva.<\/p>","protected":false},"excerpt":{"rendered":"<div data-track=\"overview\" data-v-83a2b402=\"\">\n<section id=\"activity-overview\" class=\"activity-overview\" data-component=\"overview\" data-v-83a2b402=\"\" data-v-f3236c42=\"\">\n<p class=\"activity-overview__content\" data-test-id=\"activity-overview-content\" data-v-f3236c42=\"\">Explore los tesoros de Las Galeras y disfrute de una excursi\u00f3n de calidad para descubrir sus joyas: playas de ensue\u00f1o, aguas transl\u00facidas turquesas, peces y arrecifes de coral desde la playa del Front\u00f3n y Madame.<\/p>\n<\/section>\n<\/div>\n<div data-track=\"key-details\" data-v-83a2b402=\"\"><\/div>","protected":false},"featured_media":11672,"template":"","meta":[],"product_brand":[],"product_cat":[97],"product_tag":[101,102],"class_list":{"0":"post-11365","1":"product","2":"type-product","3":"status-publish","4":"has-post-thumbnail","6":"product_cat-dominican-republic","7":"product_tag-excursion","8":"product_tag-tour","10":"first","11":"instock","12":"shipping-taxable","13":"product-type-external"},"_links":{"self":[{"href":"https:\/\/sabanadelamartours.com\/es\/wp-json\/wp\/v2\/product\/11365","targetHints":{"allow":["GET"]}}],"collection":[{"href":"https:\/\/sabanadelamartours.com\/es\/wp-json\/wp\/v2\/product"}],"about":[{"href":"https:\/\/sabanadelamartours.com\/es\/wp-json\/wp\/v2\/types\/product"}],"version-history":[{"count":1,"href":"https:\/\/sabanadelamartours.com\/es\/wp-json\/wp\/v2\/product\/11365\/revisions"}],"predecessor-version":[{"id":18491,"href":"https:\/\/sabanadelamartours.com\/es\/wp-json\/wp\/v2\/product\/11365\/revisions\/18491"}],"wp:featuredmedia":[{"embeddable":true,"href":"https:\/\/sabanadelamartours.com\/es\/wp-json\/wp\/v2\/media\/11672"}],"wp:attachment":[{"href":"https:\/\/sabanadelamartours.com\/es\/wp-json\/wp\/v2\/media?parent=11365"}],"wp:term":[{"taxonomy":"product_brand","embeddable":true,"href":"https:\/\/sabanadelamartours.com\/es\/wp-json\/wp\/v2\/product_brand?post=11365"},{"taxonomy":"product_cat","embeddable":true,"href":"https:\/\/sabanadelamartours.com\/es\/wp-json\/wp\/v2\/product_cat?post=11365"},{"taxonomy":"product_tag","embeddable":true,"href":"https:\/\/sabanadelamartours.com\/es\/wp-json\/wp\/v2\/product_tag?post=11365"}],"curies":[{"name":"wp","href":"https:\/\/api.w.org\/{rel}","templated":true}]}}