{"id":11401,"date":"2025-12-18T10:11:36","date_gmt":"2025-12-18T10:11:36","guid":{"rendered":"https:\/\/sabanadelamartours.com\/?post_type=product&#038;p=11401"},"modified":"2025-12-18T10:22:16","modified_gmt":"2025-12-18T10:22:16","slug":"11401","status":"publish","type":"product","link":"https:\/\/sabanadelamartours.com\/es\/visita\/11401\/","title":{"rendered":""},"content":{"rendered":"<p>Descubra la rica historia y la vibrante cultura de la Rep\u00fablica Dominicana en nuestra excursi\u00f3n de d\u00eda completo por la ciudad de Santo Domingo, con salida desde Punta Cana. Esta experiencia de inmersi\u00f3n de 9-10 horas combina el transporte a pie y en autob\u00fas, ofreciendo una exploraci\u00f3n completa de la capital del pa\u00eds.<\/p>\n<p>Su viaje comienza con c\u00f3modas recogidas en hoteles y complejos tur\u00edsticos de Punta Cana, que preparan el terreno para un d\u00eda de aventuras. Visitar\u00e1 lugares emblem\u00e1ticos como Los Tres Ojos, un impresionante sistema de cuevas subterr\u00e1neas con lagunas cristalinas, y el Faro a Col\u00f3n, un faro monumental dedicado a Crist\u00f3bal Col\u00f3n. Explore la Casa de Col\u00f3n y pasee por los hist\u00f3ricos Parque Col\u00f3n y Parque Duarte, en el coraz\u00f3n de la Zona Colonial, declarada Patrimonio de la Humanidad por la UNESCO.<\/p>\n<p>Marav\u00edllese ante el esplendor arquitect\u00f3nico del Alc\u00e1zar de Col\u00f3n y la Catedral Primada de Am\u00e9rica, la m\u00e1s antigua del Nuevo Mundo. Disfrute de un delicioso almuerzo en el restaurante Mugado, en la Zona Colonial, degustando los sabores tradicionales dominicanos. El recorrido tambi\u00e9n incluye una visita a una f\u00e1brica de larimar, donde podr\u00e1 conocer y adquirir esta bella y rara gema azul exclusiva de la Rep\u00fablica Dominicana.<\/p>\n<p>Ofrecido en espa\u00f1ol, ingl\u00e9s, franc\u00e9s y portugu\u00e9s, este recorrido es perfecto para los entusiastas de la historia, los amantes de la cultura y cualquiera que desee experimentar la esencia de Santo Domingo.<\/p>","protected":false},"excerpt":{"rendered":"<div data-track=\"overview\" data-v-83a2b402=\"\">\n<section id=\"activity-overview\" class=\"activity-overview\" data-component=\"overview\" data-v-83a2b402=\"\" data-v-f3236c42=\"\">\n<p class=\"activity-overview__content\" data-test-id=\"activity-overview-content\" data-v-f3236c42=\"\">Explore la rica historia y la vibrante cultura de Santo Domingo en una excursi\u00f3n por la ciudad de 9 a 10 horas desde Punta Cana, combinando el transporte a pie y en autob\u00fas para vivir una experiencia completa de la Rep\u00fablica Dominicana.<\/p>\n<\/section>\n<\/div>\n<div data-track=\"key-details\" data-v-83a2b402=\"\"><\/div>","protected":false},"featured_media":11702,"template":"","meta":[],"product_brand":[],"product_cat":[97],"product_tag":[101,102],"class_list":{"0":"post-11401","1":"product","2":"type-product","3":"status-publish","4":"has-post-thumbnail","6":"product_cat-dominican-republic","7":"product_tag-excursion","8":"product_tag-tour","10":"first","11":"instock","12":"sale","13":"shipping-taxable","14":"product-type-external"},"_links":{"self":[{"href":"https:\/\/sabanadelamartours.com\/es\/wp-json\/wp\/v2\/product\/11401","targetHints":{"allow":["GET"]}}],"collection":[{"href":"https:\/\/sabanadelamartours.com\/es\/wp-json\/wp\/v2\/product"}],"about":[{"href":"https:\/\/sabanadelamartours.com\/es\/wp-json\/wp\/v2\/types\/product"}],"version-history":[{"count":0,"href":"https:\/\/sabanadelamartours.com\/es\/wp-json\/wp\/v2\/product\/11401\/revisions"}],"wp:featuredmedia":[{"embeddable":true,"href":"https:\/\/sabanadelamartours.com\/es\/wp-json\/wp\/v2\/media\/11702"}],"wp:attachment":[{"href":"https:\/\/sabanadelamartours.com\/es\/wp-json\/wp\/v2\/media?parent=11401"}],"wp:term":[{"taxonomy":"product_brand","embeddable":true,"href":"https:\/\/sabanadelamartours.com\/es\/wp-json\/wp\/v2\/product_brand?post=11401"},{"taxonomy":"product_cat","embeddable":true,"href":"https:\/\/sabanadelamartours.com\/es\/wp-json\/wp\/v2\/product_cat?post=11401"},{"taxonomy":"product_tag","embeddable":true,"href":"https:\/\/sabanadelamartours.com\/es\/wp-json\/wp\/v2\/product_tag?post=11401"}],"curies":[{"name":"wp","href":"https:\/\/api.w.org\/{rel}","templated":true}]}}