{"id":11420,"date":"2025-12-18T10:12:17","date_gmt":"2025-12-18T10:12:17","guid":{"rendered":"https:\/\/sabanadelamartours.com\/?post_type=product&#038;p=11420"},"modified":"2026-02-14T07:08:28","modified_gmt":"2026-02-14T07:08:28","slug":"paseo-historico-descubra-la-zona-colonial","status":"publish","type":"product","link":"https:\/\/sabanadelamartours.com\/es\/visita\/paseo-historico-descubra-la-zona-colonial\/","title":{"rendered":"Paseo Hist\u00f3rico, Descubra la Zona Colonial"},"content":{"rendered":"<p>Ad\u00e9ntrese en la riqueza cultural e hist\u00f3rica de Santo Domingo con este recorrido por la zona colonial. Acompa\u00f1e a su gu\u00eda mientras explora los monumentos m\u00e1s notables de la ciudad colonial.<\/p>\n<p>En esta experiencia exploraremos a fondo cada punto emblem\u00e1tico de la zona tur\u00edstica de Santo Domingo, proporcionando informaci\u00f3n detallada y tom\u00e1ndonos el tiempo necesario para ello.<\/p>\n<p>En nuestro recorrido visitar\u00e1 los siguientes lugares:<\/p>\n<p>Colon Park:<\/p>\n<p>Comenzaremos nuestro recorrido en el Parque Col\u00f3n, que es el epicentro de la ciudad colonial y sirve como espacio central de recreo. Aqu\u00ed encontrar\u00e1 una rica concentraci\u00f3n de monumentos notables, como la Catedral Primada de Am\u00e9rica, el Primer Ayuntamiento de Santo Domingo, la pintoresca calle El Conde, famosos restaurantes, tiendas y muchas otras atracciones. En el coraz\u00f3n de este parque se encuentra una estatua de Crist\u00f3bal Col\u00f3n, erigida en 1887 por el talentoso escultor franc\u00e9s Ernesto Gilbert.<\/p>\n<p>Catedral Primada de Am\u00e9rica:<\/p>\n<p>Esta Catedral y Bas\u00edlica Menor, situada en la ciudad colonial de Santo Domingo, Rep\u00fablica Dominicana, est\u00e1 consagrada a Santa Mar\u00eda de la Encarnaci\u00f3n, tambi\u00e9n conocida como la Anunciaci\u00f3n. Oficialmente, lleva el nombre de Santa Iglesia Catedral Bas\u00edlica Metropolitana de Nuestra Se\u00f1ora Santa Mar\u00eda de la Encarnaci\u00f3n o de la Anunciaci\u00f3n. Est\u00e1 situada en la intersecci\u00f3n de las calles Arzobispo Meri\u00f1o e Isabela la Cat\u00f3lica, cerca del Parque Col\u00f3n, con su entrada principal orientada al oeste, frente a la calle Arzobispo Meri\u00f1o, cerca de la esquina con Arzobispo Nouel.<\/p>\n<p>Pante\u00f3n Nacional:<\/p>\n<p>El Pante\u00f3n Nacional es un lugar dedicado a ser un mausoleo donde se conservan los restos mortales de destacadas figuras de la historia de la Rep\u00fablica Dominicana. Este recinto cuenta con unos 36 espacios vac\u00edos destinados a albergar los restos de futuros h\u00e9roes nacionales. Adem\u00e1s, incluye un espacio sin placa espec\u00edfica en honor al soldado desconocido.<\/p>\n<p>Museo de las Casas Reales:<\/p>\n<p>El Museo de las Casas Reales, antes conocido como Palacios Reales en tiempos de Capitan\u00eda General y Provincia, se asienta sobre dos palacios del siglo XVI. Fue construido por orden de la Corona de Castilla, bajo el reinado de Fernando II de Arag\u00f3n.<\/p>\n<p>Alc\u00e1zar de Col\u00f3n:<\/p>\n<p>El Alc\u00e1zar de Col\u00f3n fue erigido entre 1511 y 1514, tomando como inspiraci\u00f3n el dise\u00f1o de un castillo ya existente en Mancera de Abajo, Salamanca (Espa\u00f1a), del que a\u00fan quedan restos en ruinas.<\/p>\n<p>Museo Duarte:<\/p>\n<p>El Museo Duarte es un espacio dedicado a la preservaci\u00f3n y difusi\u00f3n de la historia y el legado de Juan Pablo Duarte, considerado uno de los padres fundadores de la naci\u00f3n dominicana y l\u00edder en la lucha por la independencia del pa\u00eds.<\/p>","protected":false},"excerpt":{"rendered":"<div data-track=\"overview\" data-v-83a2b402=\"\">\n<section id=\"activity-overview\" class=\"activity-overview\" data-component=\"overview\" data-v-83a2b402=\"\" data-v-f3236c42=\"\">\n<p class=\"activity-overview__content\" data-test-id=\"activity-overview-content\" data-v-f3236c42=\"\">Ad\u00e9ntrese en la riqueza cultural e hist\u00f3rica de Santo Domingo con este recorrido por la zona colonial. Acompa\u00f1a a tu gu\u00eda mientras exploras los monumentos m\u00e1s destacados de la ciudad colonial.<\/p>\n<\/section>\n<\/div>\n<div data-track=\"key-details\" data-v-83a2b402=\"\"><\/div>","protected":false},"featured_media":11714,"template":"","meta":[],"product_brand":[],"product_cat":[97],"product_tag":[101,102],"class_list":{"0":"post-11420","1":"product","2":"type-product","3":"status-publish","4":"has-post-thumbnail","6":"product_cat-dominican-republic","7":"product_tag-excursion","8":"product_tag-tour","10":"first","11":"instock","12":"shipping-taxable","13":"product-type-external"},"_links":{"self":[{"href":"https:\/\/sabanadelamartours.com\/es\/wp-json\/wp\/v2\/product\/11420","targetHints":{"allow":["GET"]}}],"collection":[{"href":"https:\/\/sabanadelamartours.com\/es\/wp-json\/wp\/v2\/product"}],"about":[{"href":"https:\/\/sabanadelamartours.com\/es\/wp-json\/wp\/v2\/types\/product"}],"version-history":[{"count":1,"href":"https:\/\/sabanadelamartours.com\/es\/wp-json\/wp\/v2\/product\/11420\/revisions"}],"predecessor-version":[{"id":18493,"href":"https:\/\/sabanadelamartours.com\/es\/wp-json\/wp\/v2\/product\/11420\/revisions\/18493"}],"wp:featuredmedia":[{"embeddable":true,"href":"https:\/\/sabanadelamartours.com\/es\/wp-json\/wp\/v2\/media\/11714"}],"wp:attachment":[{"href":"https:\/\/sabanadelamartours.com\/es\/wp-json\/wp\/v2\/media?parent=11420"}],"wp:term":[{"taxonomy":"product_brand","embeddable":true,"href":"https:\/\/sabanadelamartours.com\/es\/wp-json\/wp\/v2\/product_brand?post=11420"},{"taxonomy":"product_cat","embeddable":true,"href":"https:\/\/sabanadelamartours.com\/es\/wp-json\/wp\/v2\/product_cat?post=11420"},{"taxonomy":"product_tag","embeddable":true,"href":"https:\/\/sabanadelamartours.com\/es\/wp-json\/wp\/v2\/product_tag?post=11420"}],"curies":[{"name":"wp","href":"https:\/\/api.w.org\/{rel}","templated":true}]}}