{"id":11451,"date":"2025-12-18T10:13:12","date_gmt":"2025-12-18T10:13:12","guid":{"rendered":"https:\/\/sabanadelamartours.com\/?post_type=product&#038;p=11451"},"modified":"2026-02-09T05:29:06","modified_gmt":"2026-02-09T05:29:06","slug":"tour-de-baile-social-de-bachata-en-santo-domingo","status":"publish","type":"product","link":"https:\/\/sabanadelamartours.com\/es\/visita\/tour-de-baile-social-de-bachata-en-santo-domingo\/","title":{"rendered":"Santo Domingo: Tour de Baile Social de Bachata"},"content":{"rendered":"<p>\u00a1\u00danase a nosotros para una aut\u00e9ntica experiencia de baile social de Bachata en Santo Domingo! Prep\u00e1rate para sumergirte en la cultura, la m\u00fasica y el baile dominicanos durante una emocionante velada.<\/p>\n<p>Te llevaremos a algunos de los mejores bares y clubes de baile de la ciudad, donde podr\u00e1s probar la escena local de la bachata.<\/p>\n<p>Todo el mundo es bienvenido. Tanto si eres un bailar\u00edn experimentado como si nunca has bailado, nuestros amables instructores estar\u00e1n ah\u00ed para ayudarte a disfrutar de la m\u00fasica y los movimientos.<\/p>\n<p>M\u00e1s all\u00e1 de la pista de baile, tendr\u00e1s la oportunidad de conectar con otros bailarines, compartir historias y risas mientras haces nuevos amigos.<\/p>\n<p>Nos reunimos en Zona Colonial y empezamos el baile all\u00ed.<\/p>\n<div class=\"toggle-content__content toggle-content__content--expanded toggle-content__content--packable\" data-v-59485d64=\"\">\n<div data-test-id=\"activity-full-description-text\" data-v-5835c99c=\"\">No te pierdas esta oportunidad de vivir el verdadero esp\u00edritu de la Bachata en Santo Domingo. \u00a1Prep\u00e1rate para una noche de m\u00fasica, baile y diversi\u00f3n!<\/div>\n<\/div>\n<div class=\"toggle-content__label-placeholder\" data-v-59485d64=\"\"><\/div>","protected":false},"excerpt":{"rendered":"<div data-track=\"overview\" data-v-83a2b402=\"\">\n<section id=\"activity-overview\" class=\"activity-overview\" data-component=\"overview\" data-v-83a2b402=\"\" data-v-f3236c42=\"\">\n<p class=\"activity-overview__content\" data-test-id=\"activity-overview-content\" data-v-f3236c42=\"\">Experimente el aut\u00e9ntico baile de Bachata. Visitaremos algunos de los bares y clubes de baile m\u00e1s emblem\u00e1ticos. Disfrute de una noche amistosa llena de baile y diversi\u00f3n. Con una introducci\u00f3n a otros bailarines si lo desea.<\/p>\n<\/section>\n<\/div>\n<div data-track=\"key-details\" data-v-83a2b402=\"\"><\/div>","protected":false},"featured_media":11733,"template":"","meta":[],"product_brand":[],"product_cat":[97],"product_tag":[101,102],"class_list":{"0":"post-11451","1":"product","2":"type-product","3":"status-publish","4":"has-post-thumbnail","6":"product_cat-dominican-republic","7":"product_tag-excursion","8":"product_tag-tour","10":"first","11":"instock","12":"shipping-taxable","13":"product-type-external"},"_links":{"self":[{"href":"https:\/\/sabanadelamartours.com\/es\/wp-json\/wp\/v2\/product\/11451","targetHints":{"allow":["GET"]}}],"collection":[{"href":"https:\/\/sabanadelamartours.com\/es\/wp-json\/wp\/v2\/product"}],"about":[{"href":"https:\/\/sabanadelamartours.com\/es\/wp-json\/wp\/v2\/types\/product"}],"version-history":[{"count":1,"href":"https:\/\/sabanadelamartours.com\/es\/wp-json\/wp\/v2\/product\/11451\/revisions"}],"predecessor-version":[{"id":18494,"href":"https:\/\/sabanadelamartours.com\/es\/wp-json\/wp\/v2\/product\/11451\/revisions\/18494"}],"wp:featuredmedia":[{"embeddable":true,"href":"https:\/\/sabanadelamartours.com\/es\/wp-json\/wp\/v2\/media\/11733"}],"wp:attachment":[{"href":"https:\/\/sabanadelamartours.com\/es\/wp-json\/wp\/v2\/media?parent=11451"}],"wp:term":[{"taxonomy":"product_brand","embeddable":true,"href":"https:\/\/sabanadelamartours.com\/es\/wp-json\/wp\/v2\/product_brand?post=11451"},{"taxonomy":"product_cat","embeddable":true,"href":"https:\/\/sabanadelamartours.com\/es\/wp-json\/wp\/v2\/product_cat?post=11451"},{"taxonomy":"product_tag","embeddable":true,"href":"https:\/\/sabanadelamartours.com\/es\/wp-json\/wp\/v2\/product_tag?post=11451"}],"curies":[{"name":"wp","href":"https:\/\/api.w.org\/{rel}","templated":true}]}}