{"id":11541,"date":"2025-12-18T10:16:15","date_gmt":"2025-12-18T10:16:15","guid":{"rendered":"https:\/\/sabanadelamartours.com\/?post_type=product&#038;p=11541"},"modified":"2026-01-06T10:47:31","modified_gmt":"2026-01-06T10:47:31","slug":"bahia-de-aguilas-barahona-experiencia-todo-incluido","status":"publish","type":"product","link":"https:\/\/sabanadelamartours.com\/es\/visita\/bahia-de-aguilas-barahona-experiencia-todo-incluido\/","title":{"rendered":"Bah\u00eda de \u00c1guilas, Barahona Experiencia Todo Incluido"},"content":{"rendered":"<p>Nuestra excursi\u00f3n a Eagle Bay es una experiencia \u00fanica en la naturaleza que ofrece un servicio al cliente excepcional. Nos preocupamos por el bienestar de nuestros clientes, por lo que incluimos comodidades que garantizar\u00e1n su confort en todo momento. Disfrute de un delicioso almuerzo en un ambiente paradis\u00edaco mientras admira la belleza natural de la bah\u00eda. Adem\u00e1s, hemos incluido tiendas de campa\u00f1a en la playa para que nuestros clientes puedan relajarse con mayor comodidad y privacidad.<\/p>\n<p>Viajar\u00e1 en una c\u00f3moda y moderna minivan con aire acondicionado, lo que le permitir\u00e1 disfrutar del viaje sin preocuparse por el clima tropical. Nuestro experto y amable personal estar\u00e1 siempre disponible para atender cualquier necesidad que pueda tener durante el recorrido y asegurarse de que su experiencia sea inolvidable.<\/p>\n<div class=\"toggle-content__content toggle-content__content--expanded toggle-content__content--packable\" data-v-59485d64=\"\">\n<div data-test-id=\"activity-full-description-text\" data-v-5835c99c=\"\">En resumen, nuestra excursi\u00f3n a Bah\u00eda de las \u00c1guilas es la combinaci\u00f3n perfecta de naturaleza, comodidad y un servicio al cliente excepcional.<\/div>\n<\/div>\n<div class=\"toggle-content__label-placeholder\" data-v-59485d64=\"\"><\/div>","protected":false},"excerpt":{"rendered":"<div data-track=\"overview\" data-v-83a2b402=\"\">\n<section id=\"activity-overview\" class=\"activity-overview\" data-component=\"overview\" data-v-83a2b402=\"\" data-v-f3236c42=\"\">\n<p class=\"activity-overview__content\" data-test-id=\"activity-overview-content\" data-v-f3236c42=\"\">Bah\u00eda de \u00c1guilas, experiencia todo incluido desde Pedernales<\/p>\n<\/section>\n<\/div>\n<div data-track=\"key-details\" data-v-83a2b402=\"\"><\/div>","protected":false},"featured_media":11849,"template":"","meta":[],"product_brand":[],"product_cat":[97],"product_tag":[101,102],"class_list":{"0":"post-11541","1":"product","2":"type-product","3":"status-publish","4":"has-post-thumbnail","6":"product_cat-dominican-republic","7":"product_tag-excursion","8":"product_tag-tour","10":"first","11":"instock","12":"shipping-taxable","13":"product-type-external"},"_links":{"self":[{"href":"https:\/\/sabanadelamartours.com\/es\/wp-json\/wp\/v2\/product\/11541","targetHints":{"allow":["GET"]}}],"collection":[{"href":"https:\/\/sabanadelamartours.com\/es\/wp-json\/wp\/v2\/product"}],"about":[{"href":"https:\/\/sabanadelamartours.com\/es\/wp-json\/wp\/v2\/types\/product"}],"version-history":[{"count":1,"href":"https:\/\/sabanadelamartours.com\/es\/wp-json\/wp\/v2\/product\/11541\/revisions"}],"predecessor-version":[{"id":18500,"href":"https:\/\/sabanadelamartours.com\/es\/wp-json\/wp\/v2\/product\/11541\/revisions\/18500"}],"wp:featuredmedia":[{"embeddable":true,"href":"https:\/\/sabanadelamartours.com\/es\/wp-json\/wp\/v2\/media\/11849"}],"wp:attachment":[{"href":"https:\/\/sabanadelamartours.com\/es\/wp-json\/wp\/v2\/media?parent=11541"}],"wp:term":[{"taxonomy":"product_brand","embeddable":true,"href":"https:\/\/sabanadelamartours.com\/es\/wp-json\/wp\/v2\/product_brand?post=11541"},{"taxonomy":"product_cat","embeddable":true,"href":"https:\/\/sabanadelamartours.com\/es\/wp-json\/wp\/v2\/product_cat?post=11541"},{"taxonomy":"product_tag","embeddable":true,"href":"https:\/\/sabanadelamartours.com\/es\/wp-json\/wp\/v2\/product_tag?post=11541"}],"curies":[{"name":"wp","href":"https:\/\/api.w.org\/{rel}","templated":true}]}}