{"id":11554,"date":"2025-12-18T10:16:35","date_gmt":"2025-12-18T10:16:35","guid":{"rendered":"https:\/\/sabanadelamartours.com\/?post_type=product&#038;p=11554"},"modified":"2026-01-06T10:52:56","modified_gmt":"2026-01-06T10:52:56","slug":"experiencia-de-avistamiento-de-ballenas-en-la-bahia-de-samana","status":"publish","type":"product","link":"https:\/\/sabanadelamartours.com\/es\/visita\/experiencia-de-avistamiento-de-ballenas-en-la-bahia-de-samana\/","title":{"rendered":"Saman\u00e1: Experiencia de avistamiento de ballenas en la Bah\u00eda de Saman\u00e1"},"content":{"rendered":"<p>Disfrute de una experiencia de avistamiento de ballenas en la bah\u00eda de Saman\u00e1, donde las ballenas jorobadas visitan cada a\u00f1o y vea de cerca a estas hermosas criaturas en esta excursi\u00f3n \u00fanica de avistamiento de ballenas.<\/p>\n<p>Explore la Bah\u00eda de Saman\u00e1, que acoge a miles de ballenas jorobadas durante la \u00e9poca invernal de apareamiento. Vive esta incre\u00edble experiencia en compa\u00f1\u00eda de un gu\u00eda especializado y disfruta de aperitivos a bordo (agua, refresco, coco).<\/p>\n<p>Re\u00fanase en la oficina de la excursi\u00f3n y re\u00fanase con el resto de los miembros de la excursi\u00f3n y el personal especializado en el muelle, y parta del muelle privado de Saman\u00e1 a las 9:30 horas.<\/p>\n<p>Viaje por la Bah\u00eda de Saman\u00e1 en busca de las ballenas jorobadas, hasta llegar al Santuario de Mam\u00edferos Marinos. Marav\u00edllese con la fauna acu\u00e1tica y los hermosos paisajes de la Bah\u00eda de Saman\u00e1, y viva una experiencia \u00fanica y emocionante de avistamiento de ballenas antes de regresar al muelle alrededor de las 13:30.<\/p>","protected":false},"excerpt":{"rendered":"<div data-track=\"overview\" data-v-83a2b402=\"\">\n<section id=\"activity-overview\" class=\"activity-overview\" data-component=\"overview\" data-v-83a2b402=\"\" data-v-f3236c42=\"\">\n<p class=\"activity-overview__content\" data-test-id=\"activity-overview-content\" data-v-f3236c42=\"\">Contemple a los gigantes del mar, las ballenas jorobadas, en una excursi\u00f3n de avistamiento de ballenas en la bah\u00eda de Saman\u00e1. Disfrute de una experiencia inolvidable para ver de cerca a estas bellezas y viaje a bordo de catamaranes seguros.<\/p>\n<\/section>\n<\/div>\n<div data-track=\"key-details\" data-v-83a2b402=\"\"><\/div>","protected":false},"featured_media":11885,"template":"","meta":[],"product_brand":[],"product_cat":[97],"product_tag":[101,102],"class_list":{"0":"post-11554","1":"product","2":"type-product","3":"status-publish","4":"has-post-thumbnail","6":"product_cat-dominican-republic","7":"product_tag-excursion","8":"product_tag-tour","10":"first","11":"instock","12":"shipping-taxable","13":"product-type-external"},"_links":{"self":[{"href":"https:\/\/sabanadelamartours.com\/es\/wp-json\/wp\/v2\/product\/11554","targetHints":{"allow":["GET"]}}],"collection":[{"href":"https:\/\/sabanadelamartours.com\/es\/wp-json\/wp\/v2\/product"}],"about":[{"href":"https:\/\/sabanadelamartours.com\/es\/wp-json\/wp\/v2\/types\/product"}],"version-history":[{"count":1,"href":"https:\/\/sabanadelamartours.com\/es\/wp-json\/wp\/v2\/product\/11554\/revisions"}],"predecessor-version":[{"id":18503,"href":"https:\/\/sabanadelamartours.com\/es\/wp-json\/wp\/v2\/product\/11554\/revisions\/18503"}],"wp:featuredmedia":[{"embeddable":true,"href":"https:\/\/sabanadelamartours.com\/es\/wp-json\/wp\/v2\/media\/11885"}],"wp:attachment":[{"href":"https:\/\/sabanadelamartours.com\/es\/wp-json\/wp\/v2\/media?parent=11554"}],"wp:term":[{"taxonomy":"product_brand","embeddable":true,"href":"https:\/\/sabanadelamartours.com\/es\/wp-json\/wp\/v2\/product_brand?post=11554"},{"taxonomy":"product_cat","embeddable":true,"href":"https:\/\/sabanadelamartours.com\/es\/wp-json\/wp\/v2\/product_cat?post=11554"},{"taxonomy":"product_tag","embeddable":true,"href":"https:\/\/sabanadelamartours.com\/es\/wp-json\/wp\/v2\/product_tag?post=11554"}],"curies":[{"name":"wp","href":"https:\/\/api.w.org\/{rel}","templated":true}]}}