{"id":11614,"date":"2025-12-18T10:18:36","date_gmt":"2025-12-18T10:18:36","guid":{"rendered":"https:\/\/sabanadelamartours.com\/?post_type=product&#038;p=11614"},"modified":"2026-02-09T05:31:40","modified_gmt":"2026-02-09T05:31:40","slug":"excursion-de-un-dia-desde-punta-cana-a-los-haitises","status":"publish","type":"product","link":"https:\/\/sabanadelamartours.com\/es\/visita\/excursion-de-un-dia-desde-punta-cana-a-los-haitises\/","title":{"rendered":"Excursi\u00f3n de un d\u00eda desde Punta Cana a Los Haitises"},"content":{"rendered":"<p>Los Haitises Day Trip We&#8217;ll pick you up at your hotel in Punta Cana from 6:30 am onwards and set off for Los Haitises National Park, a unique karst landscape bathed by the waters of Saman\u00e1 Bay.<\/p>\n<p>Al llegar, embarcaremos y navegaremos por el r\u00edo Ca\u00f1o Hondo hacia la bah\u00eda de San Lorenzo, mientras buscamos mara\u00f1as de manglares rojos en la orilla. En aguas abiertas, podremos avistar mogotes rocosos repletos de pel\u00edcanos y papamoscas de cola bifurcada.<\/p>\n<p>La expedici\u00f3n contin\u00faa hacia las cuevas de la Arena y la L\u00ednea, que en su d\u00eda fueron utilizadas por los ind\u00edgenas ta\u00ednos. En su interior, veremos estas cuevas decoradas con pictogramas y petroglifos ind\u00edgenas.<\/p>\n<p>Nuestra siguiente parada ser\u00e1 el Hotel Para\u00edso de Ca\u00f1o Hondo, donde bajaremos del barco y veremos hermosas piscinas naturales dentro del recinto del hotel. Podr\u00e1 darse un refrescante chapuz\u00f3n en el r\u00edo Jivales antes de tomar un almuerzo tradicional dominicano, que degustaremos en este id\u00edlico lugar.<\/p>\n<p>Con las energ\u00edas recuperadas, subiremos a un jeep y nos dirigiremos a la cima de la monta\u00f1a Redonda, enclavada entre dos lagunas: Lim\u00f3n y Redonda. Desde la cima, las vistas de la selva parecer\u00e1n sacadas de un cuento de hadas.<\/p>\n<p>Finalmente, volveremos a tierra firme y regresaremos a Punta Cana, donde llegaremos a su hotel entre las 16:30 y las 18:30.<\/p>","protected":false},"excerpt":{"rendered":"<p>Day Trip the natural wonders of Los Haitises National Park on an excursion from Punta Cana. River on a boat, visit natural caves and pools, and ride a jeep to the top of Monta\u00f1a Redonda.<\/p>\n<div data-track=\"key-details\" data-v-83a2b402=\"\"><\/div>","protected":false},"featured_media":11924,"template":"","meta":[],"product_brand":[],"product_cat":[97],"product_tag":[101,102],"class_list":{"0":"post-11614","1":"product","2":"type-product","3":"status-publish","4":"has-post-thumbnail","6":"product_cat-dominican-republic","7":"product_tag-excursion","8":"product_tag-tour","10":"first","11":"instock","12":"shipping-taxable","13":"product-type-external"},"_links":{"self":[{"href":"https:\/\/sabanadelamartours.com\/es\/wp-json\/wp\/v2\/product\/11614","targetHints":{"allow":["GET"]}}],"collection":[{"href":"https:\/\/sabanadelamartours.com\/es\/wp-json\/wp\/v2\/product"}],"about":[{"href":"https:\/\/sabanadelamartours.com\/es\/wp-json\/wp\/v2\/types\/product"}],"version-history":[{"count":2,"href":"https:\/\/sabanadelamartours.com\/es\/wp-json\/wp\/v2\/product\/11614\/revisions"}],"predecessor-version":[{"id":18864,"href":"https:\/\/sabanadelamartours.com\/es\/wp-json\/wp\/v2\/product\/11614\/revisions\/18864"}],"wp:featuredmedia":[{"embeddable":true,"href":"https:\/\/sabanadelamartours.com\/es\/wp-json\/wp\/v2\/media\/11924"}],"wp:attachment":[{"href":"https:\/\/sabanadelamartours.com\/es\/wp-json\/wp\/v2\/media?parent=11614"}],"wp:term":[{"taxonomy":"product_brand","embeddable":true,"href":"https:\/\/sabanadelamartours.com\/es\/wp-json\/wp\/v2\/product_brand?post=11614"},{"taxonomy":"product_cat","embeddable":true,"href":"https:\/\/sabanadelamartours.com\/es\/wp-json\/wp\/v2\/product_cat?post=11614"},{"taxonomy":"product_tag","embeddable":true,"href":"https:\/\/sabanadelamartours.com\/es\/wp-json\/wp\/v2\/product_tag?post=11614"}],"curies":[{"name":"wp","href":"https:\/\/api.w.org\/{rel}","templated":true}]}}