{"id":11628,"date":"2025-12-18T10:19:06","date_gmt":"2025-12-18T10:19:06","guid":{"rendered":"https:\/\/sabanadelamartours.com\/?post_type=product&#038;p=11628"},"modified":"2026-02-09T05:32:24","modified_gmt":"2026-02-09T05:32:24","slug":"encuentro-con-delfines-en-ocean-world-puerto-plata","status":"publish","type":"product","link":"https:\/\/sabanadelamartours.com\/es\/visita\/encuentro-con-delfines-en-ocean-world-puerto-plata\/","title":{"rendered":"Encuentro con delfines en Ocean World, Puerto Plata"},"content":{"rendered":"<p>El Encuentro con delfines ofrece un contacto cercano con un delf\u00edn mular, en aguas hasta la cintura.<\/p>\n<p>Durante estos programas interactivos, podr\u00e1 tocar y alimentar a estos tiernos mam\u00edferos, jugando con ellos en un entorno seguro. \u00a1Incluso bailar\u00e1 con ellos!<\/p>\n<p>Esta interacci\u00f3n es a la vez divertida y educativa para todas las edades, ideal para los no nadadores y las familias con ni\u00f1os peque\u00f1os.<\/p>\n<p>El programa Dolphin Encounter tambi\u00e9n incluye un pase de un d\u00eda para el Ocean World Adventure Park, con todas sus atracciones, y el traslado de ida y vuelta en autob\u00fas desde los hoteles cercanos.<\/p>\n<p>Con el mayor h\u00e1bitat artificial de delfines del mundo, Ocean World es una atracci\u00f3n imprescindible para todos los que visitan la Rep\u00fablica Dominicana. Los visitantes del Pase de un D\u00eda tienen la oportunidad de practicar snorkel en nuestro Acuario de Arrecife Tropical, visitar la Piscina de los Piratas, aprender sobre mam\u00edferos marinos, dar de comer a aves tropicales ex\u00f3ticas, pasear por una selva tropical y ver el Espect\u00e1culo de Delfines, el Espect\u00e1culo de Tiburones, el Espect\u00e1culo de Leones Marinos y el Espect\u00e1culo de Aves Tropicales. El almuerzo est\u00e1 incluido.<\/p>","protected":false},"excerpt":{"rendered":"<div data-track=\"overview\" data-v-83a2b402=\"\">\n<section id=\"activity-overview\" class=\"activity-overview\" data-component=\"overview\" data-v-83a2b402=\"\" data-v-f3236c42=\"\">\n<p class=\"activity-overview__content\" data-test-id=\"activity-overview-content\" data-v-f3236c42=\"\">Estar\u00e1 en estrecho contacto con un delf\u00edn mular, jugando con ellos en aguas hasta la cintura. Es a la vez divertido y educativo para todas las edades, ideal para no nadadores y familias con ni\u00f1os peque\u00f1os.<\/p>\n<\/section>\n<\/div>\n<div data-track=\"key-details\" data-v-83a2b402=\"\"><\/div>","protected":false},"featured_media":11946,"template":"","meta":[],"product_brand":[],"product_cat":[97],"product_tag":[101,102],"class_list":{"0":"post-11628","1":"product","2":"type-product","3":"status-publish","4":"has-post-thumbnail","6":"product_cat-dominican-republic","7":"product_tag-excursion","8":"product_tag-tour","10":"first","11":"instock","12":"shipping-taxable","13":"product-type-external"},"_links":{"self":[{"href":"https:\/\/sabanadelamartours.com\/es\/wp-json\/wp\/v2\/product\/11628","targetHints":{"allow":["GET"]}}],"collection":[{"href":"https:\/\/sabanadelamartours.com\/es\/wp-json\/wp\/v2\/product"}],"about":[{"href":"https:\/\/sabanadelamartours.com\/es\/wp-json\/wp\/v2\/types\/product"}],"version-history":[{"count":1,"href":"https:\/\/sabanadelamartours.com\/es\/wp-json\/wp\/v2\/product\/11628\/revisions"}],"predecessor-version":[{"id":18510,"href":"https:\/\/sabanadelamartours.com\/es\/wp-json\/wp\/v2\/product\/11628\/revisions\/18510"}],"wp:featuredmedia":[{"embeddable":true,"href":"https:\/\/sabanadelamartours.com\/es\/wp-json\/wp\/v2\/media\/11946"}],"wp:attachment":[{"href":"https:\/\/sabanadelamartours.com\/es\/wp-json\/wp\/v2\/media?parent=11628"}],"wp:term":[{"taxonomy":"product_brand","embeddable":true,"href":"https:\/\/sabanadelamartours.com\/es\/wp-json\/wp\/v2\/product_brand?post=11628"},{"taxonomy":"product_cat","embeddable":true,"href":"https:\/\/sabanadelamartours.com\/es\/wp-json\/wp\/v2\/product_cat?post=11628"},{"taxonomy":"product_tag","embeddable":true,"href":"https:\/\/sabanadelamartours.com\/es\/wp-json\/wp\/v2\/product_tag?post=11628"}],"curies":[{"name":"wp","href":"https:\/\/api.w.org\/{rel}","templated":true}]}}