{"id":11641,"date":"2025-12-18T10:19:29","date_gmt":"2025-12-18T10:19:29","guid":{"rendered":"https:\/\/sabanadelamartours.com\/?post_type=product&#038;p=11641"},"modified":"2025-12-18T10:32:43","modified_gmt":"2025-12-18T10:32:43","slug":"silla-de-paseo-para-2","status":"publish","type":"product","link":"https:\/\/sabanadelamartours.com\/es\/visita\/silla-de-paseo-para-2\/","title":{"rendered":"Cochecito para 2"},"content":{"rendered":"<p>Excursi\u00f3n en Buggy en Puerto Plata es una experiencia emocionante para los amantes de la aventura y la exploraci\u00f3n. Con J Carlos Travel, puede disfrutar de esta incre\u00edble experiencia, que incluye transporte y aperitivos.<\/p>\n<p>Para asegurarse de que disfruta de la excursi\u00f3n en Buggy en Puerto Plata, es importante que lleve ropa c\u00f3moda y deportiva. La actividad consiste en conducir un buggy por caminos de tierra y senderos naturales, por lo que es recomendable llevar ropa que te permita moverte con libertad y te proteja del sol y la brisa marina.<\/p>\n<p>Una vez llegues al punto de encuentro con J Carlos Travel, te recibir\u00e1n y te proporcionar\u00e1n todo el equipo necesario para la excursi\u00f3n en Buggy. A continuaci\u00f3n, te trasladar\u00e1n en un c\u00f3modo transporte hasta el lugar donde comenzar\u00e1 la aventura.<\/p>\n<p>Durante la excursi\u00f3n en Buggy en Puerto Plata, podr\u00e1 disfrutar de hermosos paisajes e impresionantes vistas de la costa y las monta\u00f1as. La ruta le llevar\u00e1 por caminos de tierra, arroyos y senderos naturales, donde podr\u00e1 sentir la frescura de la naturaleza y la brisa marina.<\/p>\n<p>Para que puedas disfrutar de la excursi\u00f3n sin preocupaciones, J Carlos Travel incluye tentempi\u00e9s durante la actividad. Podr\u00e1s disfrutar de una bebida refrescante y un peque\u00f1o tentempi\u00e9 para reponer fuerzas durante la aventura.<\/p>\n<p>Adem\u00e1s, el equipo de gu\u00edas tur\u00edsticos de J Carlos Travel est\u00e1 altamente capacitado y experimentado en excursiones en Buggy en Puerto Plata. Ellos le proporcionar\u00e1n informaci\u00f3n sobre la historia y la cultura de la zona, y responder\u00e1n a cualquier pregunta que tenga sobre la actividad o el lugar.<\/p>\n<div class=\"toggle-content__content toggle-content__content--expanded toggle-content__content--packable\" data-v-59485d64=\"\">\n<div data-test-id=\"activity-full-description-text\" data-v-5835c99c=\"\">En resumen, si busca una aventura emocionante en Puerto Plata, la excursi\u00f3n en Buggy con J Carlos Travel es una excelente opci\u00f3n. No pierda la oportunidad de explorar los tesoros escondidos de la costa norte de la Rep\u00fablica Dominicana en buggy. Con transporte y refrescos incluidos, s\u00f3lo necesitas traer ropa deportiva y muchas ganas de disfrutar de una experiencia inolvidable.<\/div>\n<\/div>\n<div class=\"toggle-content__label-placeholder\" data-v-59485d64=\"\"><\/div>","protected":false},"excerpt":{"rendered":"<div data-track=\"overview\" data-v-83a2b402=\"\">\n<section id=\"activity-overview\" class=\"activity-overview\" data-component=\"overview\" data-v-83a2b402=\"\" data-v-f3236c42=\"\">\n<p class=\"activity-overview__content\" data-test-id=\"activity-overview-content\" data-v-f3236c42=\"\">Para amantes de la aventura y la adrenalina Carreteras sucias Comparte la conducci\u00f3n<\/p>\n<\/section>\n<\/div>\n<div data-track=\"key-details\" data-v-83a2b402=\"\"><\/div>","protected":false},"featured_media":11958,"template":"","meta":[],"product_brand":[],"product_cat":[97],"product_tag":[101,102],"class_list":{"0":"post-11641","1":"product","2":"type-product","3":"status-publish","4":"has-post-thumbnail","6":"product_cat-dominican-republic","7":"product_tag-excursion","8":"product_tag-tour","10":"first","11":"instock","12":"shipping-taxable","13":"product-type-external"},"_links":{"self":[{"href":"https:\/\/sabanadelamartours.com\/es\/wp-json\/wp\/v2\/product\/11641","targetHints":{"allow":["GET"]}}],"collection":[{"href":"https:\/\/sabanadelamartours.com\/es\/wp-json\/wp\/v2\/product"}],"about":[{"href":"https:\/\/sabanadelamartours.com\/es\/wp-json\/wp\/v2\/types\/product"}],"version-history":[{"count":0,"href":"https:\/\/sabanadelamartours.com\/es\/wp-json\/wp\/v2\/product\/11641\/revisions"}],"wp:featuredmedia":[{"embeddable":true,"href":"https:\/\/sabanadelamartours.com\/es\/wp-json\/wp\/v2\/media\/11958"}],"wp:attachment":[{"href":"https:\/\/sabanadelamartours.com\/es\/wp-json\/wp\/v2\/media?parent=11641"}],"wp:term":[{"taxonomy":"product_brand","embeddable":true,"href":"https:\/\/sabanadelamartours.com\/es\/wp-json\/wp\/v2\/product_brand?post=11641"},{"taxonomy":"product_cat","embeddable":true,"href":"https:\/\/sabanadelamartours.com\/es\/wp-json\/wp\/v2\/product_cat?post=11641"},{"taxonomy":"product_tag","embeddable":true,"href":"https:\/\/sabanadelamartours.com\/es\/wp-json\/wp\/v2\/product_tag?post=11641"}],"curies":[{"name":"wp","href":"https:\/\/api.w.org\/{rel}","templated":true}]}}