{"id":11812,"date":"2025-12-18T10:25:51","date_gmt":"2025-12-18T10:25:51","guid":{"rendered":"https:\/\/sabanadelamartours.com\/?post_type=product&#038;p=11812"},"modified":"2026-01-06T12:01:58","modified_gmt":"2026-01-06T12:01:58","slug":"excursion-en-barco-y-a-pie-por-el-parque-nacional-de-los-haitises-con-almuerzo","status":"publish","type":"product","link":"https:\/\/sabanadelamartours.com\/es\/visita\/excursion-en-barco-y-a-pie-por-el-parque-nacional-de-los-haitises-con-almuerzo\/","title":{"rendered":"Parque Nacional de Los Haitises: Excursi\u00f3n en barco y a pie con almuerzo"},"content":{"rendered":"<p>Embark on a full-day trip from Saman\u00e1 to Los Haitises National park, and explore the park&#8217;s natural beauty. See the park&#8217;s beautiful scenery, and look for a variety of species while you explore. Enjoy a typical Dominican lunch buffet on Cayo Levantado.<\/p>\n<p>Recorra en eslalon los numerosos islotes que forman este asombroso Parque Nacional. Contemple las atracciones naturales del parque, como los manglares, y algunas de las diversas especies de aves del parque, como pel\u00edcanos, garzas y el halc\u00f3n de Ridgway.<\/p>\n<p>T\u00f3mese su tiempo para contemplar cuevas hist\u00f3ricas y paisajes espectaculares. Marav\u00edllese ante las cuevas, que cuentan con algunos de los mayores n\u00fameros de petroglifos y pictograf\u00edas ind\u00edgenas del pa\u00eds.<\/p>\n<div class=\"toggle-content__content toggle-content__content--expanded toggle-content__content--packable\" data-v-59485d64=\"\">\n<div data-test-id=\"activity-full-description-text\" data-v-5835c99c=\"\">Travel to Cayo Levantado, also known as Bacardi Island, and enjoy the picturesque destination&#8217;s warm beaches, and a buffet lunch of typical Dominican food.<\/div>\n<\/div>\n<div class=\"toggle-content__label-placeholder\" data-v-59485d64=\"\"><\/div>","protected":false},"excerpt":{"rendered":"<div data-track=\"overview\" data-v-83a2b402=\"\">\n<section id=\"activity-overview\" class=\"activity-overview\" data-component=\"overview\" data-v-83a2b402=\"\" data-v-f3236c42=\"\">\n<p class=\"activity-overview__content\" data-test-id=\"activity-overview-content\" data-v-f3236c42=\"\">Visit Los Haitises National Park by boat with a guide on a full-day trip from Saman\u00e1. Explore caves on foot and enjoy a typical Dominican buffet lunch on the picturesque island of Cayo Levantado.<\/p>\n<\/section>\n<\/div>\n<div data-track=\"key-details\" data-v-83a2b402=\"\"><\/div>","protected":false},"featured_media":12106,"template":"","meta":[],"product_brand":[],"product_cat":[97],"product_tag":[101,102],"class_list":{"0":"post-11812","1":"product","2":"type-product","3":"status-publish","4":"has-post-thumbnail","6":"product_cat-dominican-republic","7":"product_tag-excursion","8":"product_tag-tour","10":"first","11":"instock","12":"shipping-taxable","13":"product-type-external"},"_links":{"self":[{"href":"https:\/\/sabanadelamartours.com\/es\/wp-json\/wp\/v2\/product\/11812","targetHints":{"allow":["GET"]}}],"collection":[{"href":"https:\/\/sabanadelamartours.com\/es\/wp-json\/wp\/v2\/product"}],"about":[{"href":"https:\/\/sabanadelamartours.com\/es\/wp-json\/wp\/v2\/types\/product"}],"version-history":[{"count":1,"href":"https:\/\/sabanadelamartours.com\/es\/wp-json\/wp\/v2\/product\/11812\/revisions"}],"predecessor-version":[{"id":18523,"href":"https:\/\/sabanadelamartours.com\/es\/wp-json\/wp\/v2\/product\/11812\/revisions\/18523"}],"wp:featuredmedia":[{"embeddable":true,"href":"https:\/\/sabanadelamartours.com\/es\/wp-json\/wp\/v2\/media\/12106"}],"wp:attachment":[{"href":"https:\/\/sabanadelamartours.com\/es\/wp-json\/wp\/v2\/media?parent=11812"}],"wp:term":[{"taxonomy":"product_brand","embeddable":true,"href":"https:\/\/sabanadelamartours.com\/es\/wp-json\/wp\/v2\/product_brand?post=11812"},{"taxonomy":"product_cat","embeddable":true,"href":"https:\/\/sabanadelamartours.com\/es\/wp-json\/wp\/v2\/product_cat?post=11812"},{"taxonomy":"product_tag","embeddable":true,"href":"https:\/\/sabanadelamartours.com\/es\/wp-json\/wp\/v2\/product_tag?post=11812"}],"curies":[{"name":"wp","href":"https:\/\/api.w.org\/{rel}","templated":true}]}}