{"id":11945,"date":"2025-12-18T10:32:15","date_gmt":"2025-12-18T10:32:15","guid":{"rendered":"https:\/\/sabanadelamartours.com\/?post_type=product&#038;p=11945"},"modified":"2025-12-18T10:45:31","modified_gmt":"2025-12-18T10:45:31","slug":"cano-hondo-hotel-habitacion-desayuno-gratis-para-1-huesped","status":"publish","type":"product","link":"https:\/\/sabanadelamartours.com\/es\/visita\/cano-hondo-hotel-habitacion-desayuno-gratis-para-1-huesped\/","title":{"rendered":"Ca\u00f1o Hondo Hotel Habitaci\u00f3n y Desayuno Gratis para 1 Invitado"},"content":{"rendered":"<div class=\"wpb-content-wrapper\"><div class=\"vc_row wpb_row st bg-holder\"><div class='container'><div class='row'>\n\t<div class=\"wpb_column column_container col-md-12\"><div class=\"vc_column-inner wpb_wrapper\">\n\t\t\t\n\t<div class=\"wpb_text_column wpb_content_element\" >\n\t\t<div class=\"wpb_wrapper\">\n\t\t\t<p data-name-en=\"roomsize\"><strong>WiFi gratuito en la habitaci\u00f3n o en el vest\u00edbulo,\u00a0<\/strong><strong>Aparcamiento gratuito, limpieza diaria<\/strong><\/p>\n<p data-name-en=\"roomsize\"><em>(Desayuno gratuito para 2 hu\u00e9spedes)<\/em><\/p>\n<h4 class=\"hprt-lightbox-title\" data-et-view=\"ZdffZZLJbFcFbRAOAcEUJXDbNZRO:1\"><strong>En tu cuarto de ba\u00f1o:<\/strong><\/h4>\n<ul class=\"hprt-lightbox-list js-lightbox-facilities\" data-nr-of-facilities=\"4\" data-et-view=\"\">\n<li class=\"hprt-lightbox-list__item js-lightbox-facility\" data-name-en=\"Shower\" data-id=\"4\">- Ducha<\/li>\n<li class=\"hprt-lightbox-list__item js-lightbox-facility\" data-name-en=\"Free Toiletries\" data-id=\"27\">- Art\u00edculos de aseo gratuitos<\/li>\n<li class=\"hprt-lightbox-list__item js-lightbox-facility\" data-name-en=\"Bathroom\" data-id=\"38\">- Ba\u00f1o privado<\/li>\n<li class=\"hprt-lightbox-list__item js-lightbox-facility\" data-name-en=\"higher level toilet\" data-id=\"151\">- Inodoro elevado<\/li>\n<\/ul>\n<h4 class=\"hprt-lightbox-title\"><strong>Habitaciones:<\/strong><\/h4>\n<ul class=\"hprt-lightbox-list js-lightbox-facilities\" data-nr-of-facilities=\"10\">\n<li style=\"list-style-type: none;\">\n<ul class=\"hprt-lightbox-list js-lightbox-facilities\" data-nr-of-facilities=\"10\">\n<li class=\"hprt-lightbox-list__item js-lightbox-facility\" data-name-en=\"Balcony\" data-id=\"17\">- Balc\u00f3n<\/li>\n<li class=\"hprt-lightbox-list__item js-lightbox-facility\" data-name-en=\"Garden View\" data-id=\"110\">- Vista al mar<\/li>\n<li class=\"hprt-lightbox-list__item js-lightbox-facility\" data-name-en=\"Fan\" data-id=\"30\">- Ventilador<\/li>\n<li class=\"hprt-lightbox-list__item js-lightbox-facility\" data-name-en=\"Tumble dryer (machine)\" data-id=\"94\">- Mobiliario<\/li>\n<li>- 2 camas dobles<\/li>\n<li class=\"hprt-lightbox-list__item js-lightbox-facility\" data-name-en=\"Wardrobe\/Closet\" data-id=\"95\">- Armario o ropero<\/li>\n<\/ul>\n<\/li>\n<\/ul>\n<p>[leer m\u00e1s]<\/p>\n<div>\n<h4><strong>Acceso para invitados:<\/strong><\/h4>\n<ul>\n<li>- Recepci\u00f3n 24 horas<\/li>\n<li>- 16 habitaciones libres de humo<\/li>\n<li>- Restaurante y bar<\/li>\n<li>- Personal multiling\u00fce<\/li>\n<li>- Un r\u00edo lento y 11 piscinas naturales al aire libre<\/li>\n<li>- Azotea<\/li>\n<li>- Jard\u00edn<\/li>\n<li>- Zona de picnic<\/li>\n<li>- Limpieza diaria<\/li>\n<li>- Servicio de lavander\u00eda<\/li>\n<\/ul>\n<h2><strong><em>Comodidades de la habitaci\u00f3n:<\/em><\/strong><\/h2>\n<ul>\n<li>Ventilador de techo<\/li>\n<li>Decoraci\u00f3n individual<\/li>\n<li>Secador de pelo (bajo petici\u00f3n)<\/li>\n<li>Agua embotellada gratuita<\/li>\n<li>Balc\u00f3n<\/li>\n<li>Limpieza diaria<\/li>\n<li>Recepci\u00f3n 24 horas<\/li>\n<li>Hermosa vista<\/li>\n<\/ul>\n<p>[\/leer]<\/p>\n<hr \/>\n<h2>M\u00e1s detalles sobre Ca\u00f1o Hondo:<\/h2>\n<h2><strong><em>Hoguera y camping<\/em><\/strong><\/h2>\n<p>Disfrute de una hoguera nocturna bajo un manto de estrellas... sin contaminaci\u00f3n lum\u00ednica, s\u00f3lo un cielo nocturno oscuro y los sonidos de la vida en la selva tropical.<\/p>\n<p>Adem\u00e1s de un gran servicio, podr\u00e1 disfrutar de la comida t\u00edpica local (marisco fresco) o de actividades y excursiones al aire libre con un gu\u00eda tur\u00edstico profesional local.<\/p>\n<p>Cada una de nuestras 16 habitaciones lleva el nombre de aves que se pueden encontrar en el Parque Nacional Los Haitises (hay alrededor de 110 especies en el parque). Sobre todo las habitaciones est\u00e1n decoradas individualmente, energ\u00eda totalmente positiva que trae en mejor estancia en Ca\u00f1o Hondo. Podr\u00e1 disfrutar de vistas a la bah\u00eda de San Lorenzo y a la bah\u00eda de Saman\u00e1.<\/p>\n<p>&nbsp;<\/p>\n<hr \/>\n<h2>Ofertas especiales Ca\u00f1o Hondo Actividades y Excursiones<\/h2>\n<ul>\n<li>Lista de actividades y excursiones:<\/li>\n<li>Tirolina<\/li>\n<li>Escalada en roc\u00f3dromo<\/li>\n<li>Equitaci\u00f3n<\/li>\n<li>Ruta de senderismo por el Parque Nacional (2 \u00f3 4 horas, puede combinarse con kayak)<\/li>\n<li>Kayak (2 \u00f3 4 horas, puede combinarse con senderismo)<\/li>\n<li>Excursiones guiadas en barco por Los Haitises visitando cuevas<\/li>\n<li>Avistamiento de cet\u00e1ceos (Temporada del 15 de enero al 30 de marzo)<\/li>\n<li>Observaci\u00f3n guiada de aves<\/li>\n<li>Descubra el parque de Los Haitises en canoa<\/li>\n<li>Cayo Levantado\/Isla Bacardi<\/li>\n<li>Cascadas El Limon<\/li>\n<li>Playa de Front\u00f3n<\/li>\n<li>Boca del Diablo<\/li>\n<li>ATV + Playa El Valle<\/li>\n<\/ul>\n<p>Realizamos Tours privados o en grupo, paquetes combinados a la medida de nuestros hu\u00e9spedes. Para m\u00e1s informaci\u00f3n sobre actividades y excursiones, p\u00f3ngase en contacto con nosotros.<\/p>\n<h2><span class=\"_6ijom0\">Acceso hu\u00e9spedes Ca\u00f1o Hondo<\/span><\/h2>\n<p>Lo que hay alrededor...<\/p>\n<ol>\n<li>16 habitaciones libres de humo<\/li>\n<li>Restaurante y bar\/sal\u00f3n<\/li>\n<li>R\u00edo artificial y 15 piscinas al aire libre<\/li>\n<li>Parque acu\u00e1tico gratuito<\/li>\n<li>Azotea<\/li>\n<li>Recepci\u00f3n 24 horas<\/li>\n<li>Limpieza diaria<\/li>\n<li>Vistas al jard\u00edn<\/li>\n<li>Servicio de lavander\u00eda<\/li>\n<li>Personal multiling\u00fce<\/li>\n<li>Servicios de conserjer\u00eda<\/li>\n<li>Zona de picnic<\/li>\n<li>Desayuno buf\u00e9 gratuito, WiFi gratuito en las zonas comunes y aparcamiento gratuito<\/li>\n<\/ol>\n<h4><b><i>Pol\u00edtica de cancelaci\u00f3n<\/i><\/b><\/h4>\n<p>Para obtener un reembolso completo, lea nuestra Pol\u00edtica de cancelaci\u00f3n.\u00a0<a href=\"https:\/\/ticketswhales.com\/online-booking\/\" target=\"_blank\" rel=\"noopener\" data-saferedirecturl=\"https:\/\/www.google.com\/url?q=https:\/\/ticketswhales.com\/online-booking\/&amp;source=gmail&amp;ust=1672449202351000&amp;usg=AOvVaw1yAeVAPktmaVCqDujgUn90\">Pulse aqu\u00ed<\/a>. Se perder\u00e1n los fondos si se cancela la reserva el mismo d\u00eda del viaje.<\/p>\n<\/div>\n\n\t\t<\/div>\n\t<\/div>\n<\/div>\n\t<\/div> \n<\/div><!--End .row--><\/div><!--End .container--><\/div><div class=\"vc_row wpb_row st bg-holder\"><div class='container'><div class='row'>\n\t<div class=\"wpb_column column_container col-md-12\"><div class=\"vc_column-inner wpb_wrapper\">\n\t\t\t\n\t<div class=\"wpb_text_column wpb_content_element\" >\n\t\t<div class=\"wpb_wrapper\">\n\t\t\t<h2><em>Otras opciones de habitaciones<\/em><\/h2>\n<div id=\"gtx-trans\" style=\"position: absolute; left: -6px; top: 45.275px;\">\n<div class=\"gtx-trans-icon\"><\/div>\n<\/div>\n\n\t\t<\/div>\n\t<\/div>\n<\/div>\n\t<\/div> \n<\/div><!--End .row--><\/div><!--End .container--><\/div><div class=\"vc_row wpb_row st bg-holder\"><div class='container'><div class='row'>\n\t<div class=\"wpb_column column_container col-md-12\"><div class=\"vc_column-inner wpb_wrapper\">\n\t\t\t<div class=\"woocommerce columns-3\"><ul class=\"products columns-3\">\n<li class=\"product type-product post-18203 status-publish first instock product_cat-walking-tour product_cat-city-tour product_cat-dominican-republic product_cat-samana product_tag-samana product_tag-samana-city-tour product_tag-samana-walking-tour has-post-thumbnail sale shipping-taxable product-type-external\">\r\n\t<a href=\"https:\/\/sabanadelamartours.com\/es\/visita\/samana-walking-city-tour\/\" class=\"woocommerce-LoopProduct-link woocommerce-loop-product__link\">\r\n\t<span class=\"onsale\" data-no-translation=\"\" data-trp-gettext=\"\">\u00a1Rebajas!<\/span>\r\n<img fetchpriority=\"high\" decoding=\"async\" width=\"300\" height=\"300\" src=\"https:\/\/sabanadelamartours.com\/wp-content\/uploads\/2025\/12\/fullsizeoutput_eed-scaled-1-300x300.jpeg\" class=\"attachment-woocommerce_thumbnail size-woocommerce_thumbnail\" alt=\"Saman\u00e1: Paseo por la ciudad\" srcset=\"https:\/\/sabanadelamartours.com\/wp-content\/uploads\/2025\/12\/fullsizeoutput_eed-scaled-1-300x300.jpeg 300w, https:\/\/sabanadelamartours.com\/wp-content\/uploads\/2025\/12\/fullsizeoutput_eed-scaled-1-768x768.jpeg 768w, https:\/\/sabanadelamartours.com\/wp-content\/uploads\/2025\/12\/fullsizeoutput_eed-scaled-1-1536x1536.jpeg 1536w, https:\/\/sabanadelamartours.com\/wp-content\/uploads\/2025\/12\/fullsizeoutput_eed-scaled-1-2048x2048.jpeg 2048w, https:\/\/sabanadelamartours.com\/wp-content\/uploads\/2025\/12\/fullsizeoutput_eed-scaled-1-600x600.jpeg 600w, https:\/\/sabanadelamartours.com\/wp-content\/uploads\/2025\/12\/fullsizeoutput_eed-scaled-1-100x100.jpeg 100w, https:\/\/sabanadelamartours.com\/wp-content\/uploads\/2025\/12\/fullsizeoutput_eed-scaled-1-266x266.jpeg 266w, https:\/\/sabanadelamartours.com\/wp-content\/uploads\/2025\/12\/fullsizeoutput_eed-scaled-1.jpeg 1600w\" sizes=\"(max-width: 300px) 100vw, 300px\" \/><h2 class=\"woocommerce-loop-product__title\">Saman\u00e1: Paseo por la ciudad<\/h2>\n\t<span class=\"price\"><span class=\"woocs_price_code\" data-currency=\"\" data-redraw-id=\"69ed225a858ef\"  data-product-id=\"18203\"><del aria-hidden=\"true\"><span class=\"woocommerce-Price-amount amount\"><bdi>45.00<span class=\"woocommerce-Price-currencySymbol\">&#36;<\/span><\/bdi><\/span><\/del> <span class=\"screen-reader-text\" data-no-translation=\"\" data-trp-gettext=\"\">El precio original era: 45.00&#036;.<\/span><ins aria-hidden=\"true\"><span class=\"woocommerce-Price-amount amount\"><bdi>25.00<span class=\"woocommerce-Price-currencySymbol\">&#36;<\/span><\/bdi><\/span><\/ins><span class=\"screen-reader-text\" data-no-translation=\"\" data-trp-gettext=\"\">El precio actual es: 25.00&#036;.<\/span><\/span><\/span>\n<\/a><a href=\"\" aria-describedby=\"woocommerce_loop_add_to_cart_link_describedby_18203\" data-quantity=\"1\" class=\"button product_type_external\" data-product_id=\"18203\" data-product_sku=\"\" aria-label=\"Comprar \u201cSamana: Walking City Tour\u201d\" rel=\"nofollow\" data-no-translation=\"\" data-trp-gettext=\"\" data-no-translation-aria-label=\"\">Comprar producto<\/a>\t<span id=\"woocommerce_loop_add_to_cart_link_describedby_18203\" class=\"screen-reader-text\">\n\t\t\t<\/span>\n<\/li>\r\n<li class=\"product type-product post-18202 status-publish instock product_cat-samana product_cat-city-tour product_cat-walking-tour product_tag-samana product_tag-samana-city-tour product_tag-samana-walking-tour has-post-thumbnail sale shipping-taxable product-type-external\">\r\n\t<a href=\"https:\/\/sabanadelamartours.com\/es\/visita\/samana-walking-city-tour-with-moto-safari\/\" class=\"woocommerce-LoopProduct-link woocommerce-loop-product__link\">\r\n\t<span class=\"onsale\" data-no-translation=\"\" data-trp-gettext=\"\">\u00a1Rebajas!<\/span>\r\n<img decoding=\"async\" width=\"300\" height=\"300\" src=\"https:\/\/sabanadelamartours.com\/wp-content\/uploads\/2025\/12\/fullsizeoutput_f2d-scaled-1-300x300.jpeg\" class=\"attachment-woocommerce_thumbnail size-woocommerce_thumbnail\" alt=\"Samana: Paseo por la ciudad con Moto Safari\" srcset=\"https:\/\/sabanadelamartours.com\/wp-content\/uploads\/2025\/12\/fullsizeoutput_f2d-scaled-1-300x300.jpeg 300w, https:\/\/sabanadelamartours.com\/wp-content\/uploads\/2025\/12\/fullsizeoutput_f2d-scaled-1-768x768.jpeg 768w, https:\/\/sabanadelamartours.com\/wp-content\/uploads\/2025\/12\/fullsizeoutput_f2d-scaled-1-1536x1536.jpeg 1536w, https:\/\/sabanadelamartours.com\/wp-content\/uploads\/2025\/12\/fullsizeoutput_f2d-scaled-1-2048x2048.jpeg 2048w, https:\/\/sabanadelamartours.com\/wp-content\/uploads\/2025\/12\/fullsizeoutput_f2d-scaled-1-600x600.jpeg 600w, https:\/\/sabanadelamartours.com\/wp-content\/uploads\/2025\/12\/fullsizeoutput_f2d-scaled-1-100x100.jpeg 100w, https:\/\/sabanadelamartours.com\/wp-content\/uploads\/2025\/12\/fullsizeoutput_f2d-scaled-1.jpeg 1600w\" sizes=\"(max-width: 300px) 100vw, 300px\" \/><h2 class=\"woocommerce-loop-product__title\">Samana: Paseo por la ciudad con Moto Safari<\/h2>\n\t<span class=\"price\"><span class=\"woocs_price_code\" data-currency=\"\" data-redraw-id=\"69ed225a86872\"  data-product-id=\"18202\"><del aria-hidden=\"true\"><span class=\"woocommerce-Price-amount amount\"><bdi>50.00<span class=\"woocommerce-Price-currencySymbol\">&#36;<\/span><\/bdi><\/span><\/del> <span class=\"screen-reader-text\" data-no-translation=\"\" data-trp-gettext=\"\">El precio original era: 50.00&#036;.<\/span><ins aria-hidden=\"true\"><span class=\"woocommerce-Price-amount amount\"><bdi>35.00<span class=\"woocommerce-Price-currencySymbol\">&#36;<\/span><\/bdi><\/span><\/ins><span class=\"screen-reader-text\" data-no-translation=\"\" data-trp-gettext=\"\">El precio actual es: 35.00&#036;.<\/span><\/span><\/span>\n<\/a><a href=\"\" aria-describedby=\"woocommerce_loop_add_to_cart_link_describedby_18202\" data-quantity=\"1\" class=\"button product_type_external\" data-product_id=\"18202\" data-product_sku=\"\" aria-label=\"Comprar \u201cSamana: Walking City Tour With Moto Safari\u201d\" rel=\"nofollow\" data-no-translation=\"\" data-trp-gettext=\"\" data-no-translation-aria-label=\"\">Comprar producto<\/a>\t<span id=\"woocommerce_loop_add_to_cart_link_describedby_18202\" class=\"screen-reader-text\">\n\t\t\t<\/span>\n<\/li>\r\n<li class=\"product type-product post-18192 status-publish last instock product_cat-dominican-republic product_cat-saona-island product_tag-excursion product_tag-tour has-post-thumbnail sale shipping-taxable product-type-external\">\r\n\t<a href=\"https:\/\/sabanadelamartours.com\/es\/visita\/aventura-a-caballo-salto-jimenoa-jarabacoa\/\" class=\"woocommerce-LoopProduct-link woocommerce-loop-product__link\">\r\n\t<span class=\"onsale\" data-no-translation=\"\" data-trp-gettext=\"\">\u00a1Rebajas!<\/span>\r\n<img decoding=\"async\" width=\"300\" height=\"300\" src=\"https:\/\/sabanadelamartours.com\/wp-content\/uploads\/2025\/12\/99-274-300x300.jpg\" class=\"attachment-woocommerce_thumbnail size-woocommerce_thumbnail\" alt=\"Punta Cana: Asombrosa Isla Saona Clasica Dia Completo\" srcset=\"https:\/\/sabanadelamartours.com\/wp-content\/uploads\/2025\/12\/99-274-300x300.jpg 300w, https:\/\/sabanadelamartours.com\/wp-content\/uploads\/2025\/12\/99-274-1536x1536.jpg 1536w, https:\/\/sabanadelamartours.com\/wp-content\/uploads\/2025\/12\/99-274-2048x2048.jpg 2048w, https:\/\/sabanadelamartours.com\/wp-content\/uploads\/2025\/12\/99-274-100x100.jpg 100w, https:\/\/sabanadelamartours.com\/wp-content\/uploads\/2025\/12\/99-274-266x266.jpg 266w\" sizes=\"(max-width: 300px) 100vw, 300px\" \/><h2 class=\"woocommerce-loop-product__title\">Punta Cana: Asombrosa Isla Saona Clasica Dia Completo<\/h2>\n\t<span class=\"price\"><span class=\"woocs_price_code\" data-currency=\"\" data-redraw-id=\"69ed225a874ea\"  data-product-id=\"18192\"><del aria-hidden=\"true\"><span class=\"woocommerce-Price-amount amount\"><bdi>100.00<span class=\"woocommerce-Price-currencySymbol\">&#36;<\/span><\/bdi><\/span><\/del> <span class=\"screen-reader-text\" data-no-translation=\"\" data-trp-gettext=\"\">El precio original era: 100.00&#036;.<\/span><ins aria-hidden=\"true\"><span class=\"woocommerce-Price-amount amount\"><bdi>85.00<span class=\"woocommerce-Price-currencySymbol\">&#36;<\/span><\/bdi><\/span><\/ins><span class=\"screen-reader-text\" data-no-translation=\"\" data-trp-gettext=\"\">El precio actual es: 85.00&#036;.<\/span><\/span><\/span>\n<\/a><a href=\"https:\/\/tourreservationlink.com\/en\/booking\/punta-cana-amazing-saona-island-clasica-full-day\" aria-describedby=\"woocommerce_loop_add_to_cart_link_describedby_18192\" data-quantity=\"1\" class=\"button product_type_external\" data-product_id=\"18192\" data-product_sku=\"\" aria-label=\"COMPRAR ENTRADA\" rel=\"nofollow noopener\" target=\"_blank\">COMPRAR ENTRADA<\/a>\t<span id=\"woocommerce_loop_add_to_cart_link_describedby_18192\" class=\"screen-reader-text\">\n\t\t\t<\/span>\n<\/li>\r\n<\/ul>\n<\/div><\/div>\n\t<\/div> \n<\/div><!--End .row--><\/div><!--End .container--><\/div>\n<\/div>","protected":false},"excerpt":{"rendered":"<h2><strong>Hotel Ca\u00f1o Hondo<\/strong><\/h2>\n<p><em>(Desayuno gratuito para 1 hu\u00e9sped)<\/em><\/p>\n<p>Eco-Lodge es un lugar m\u00e1gico, tranquilo y original donde alojarse. Este hotel natural y aut\u00e9ntico se encuentra en el famoso Parque Nacional Los Haitises en Sabana de la Mar. \u00a1Todas nuestras habitaciones estan llenas de energia positiva con increibles vistas a la Bahia de San Lorenzo y la Bahia de Samana! Las habitaciones tienen ba\u00f1o privado con agua caliente y ventilador de techo. El desayuno est\u00e1 incluido, agua potable gratuita y caf\u00e9 se ofrecen durante todo el d\u00eda. Tambi\u00e9n puede elegir entre nuestros planes de comidas.<br \/>\n[leer m\u00e1s]<\/p>\n<h2><strong><em><span class=\"_6ijom0\">\u00a0Cano Hondo <\/span><\/em><\/strong><em><strong>Piscinas naturales<\/strong><\/em><\/h2>\n<p>Disfrute con su familia o sus invitados de unas piscinas ecol\u00f3gicas naturales con agua sana y refrescante que se integran perfectamente en el paisaje. Las piscinas son totalmente biol\u00f3gicas sin necesidad de cloro o productos qu\u00edmicos que desarrolla su propia ecolog\u00eda natural y equilibrado ecosistema por ser dise\u00f1ado y construido de una manera determinada.<\/p>\n<h2><em><strong>Reglas para ni\u00f1os de Ca\u00f1o Hondo:<\/strong><\/em><\/h2>\n<p>-Los ni\u00f1os de 2 a 10 a\u00f1os pagan la tarifa infantil<br \/>\n-Menores de 2 a\u00f1os gratis<\/p>\n<h2><em><strong>Restaurante Ca\u00f1o Hondo:\u00a0<\/strong><\/em><\/h2>\n<p>Hay un men\u00fa con numerosas opciones para elegir. Tambi\u00e9n se incluye una bebida por persona con cada comida. Las bebidas alcoh\u00f3licas son de pago, al igual que las bebidas adicionales.<\/p>\n<p>El men\u00fa del hotel cuenta extravagantes relatos de palabras ind\u00edgenas e historias de f\u00e1bula de la zona. Tambi\u00e9n destaca los platos t\u00edpicos de la regi\u00f3n, como el cangrejo, la concha y las minutas, un peque\u00f1o pez de agua dulce que se disfruta, localmente, sazonado y frito. Los zumos de fruta natural fresca rotan a diario: lima, mel\u00f3n, mango, tamarindo, pi\u00f1a, etc.<br \/>\n[\/leer]<\/p>","protected":false},"featured_media":12268,"template":"","meta":[],"product_brand":[],"product_cat":[105,106],"product_tag":[107,108,109,110,111,112,113,114],"class_list":{"0":"post-11945","1":"product","2":"type-product","3":"status-publish","4":"has-post-thumbnail","6":"product_cat-hotel-cano-hondo","7":"product_cat-room-offers","8":"product_tag-altos-cano-hondo","9":"product_tag-altos-de-cano-hondo","10":"product_tag-cano-hondo","11":"product_tag-cano-hondo-day-pass","12":"product_tag-cano-hondo-hotel","13":"product_tag-hotel-cano-hondo","14":"product_tag-hotel-sabana-de-la-mar","15":"product_tag-paraiso-cano-hondo","17":"first","18":"instock","19":"shipping-taxable","20":"product-type-external"},"_links":{"self":[{"href":"https:\/\/sabanadelamartours.com\/es\/wp-json\/wp\/v2\/product\/11945","targetHints":{"allow":["GET"]}}],"collection":[{"href":"https:\/\/sabanadelamartours.com\/es\/wp-json\/wp\/v2\/product"}],"about":[{"href":"https:\/\/sabanadelamartours.com\/es\/wp-json\/wp\/v2\/types\/product"}],"version-history":[{"count":0,"href":"https:\/\/sabanadelamartours.com\/es\/wp-json\/wp\/v2\/product\/11945\/revisions"}],"wp:featuredmedia":[{"embeddable":true,"href":"https:\/\/sabanadelamartours.com\/es\/wp-json\/wp\/v2\/media\/12268"}],"wp:attachment":[{"href":"https:\/\/sabanadelamartours.com\/es\/wp-json\/wp\/v2\/media?parent=11945"}],"wp:term":[{"taxonomy":"product_brand","embeddable":true,"href":"https:\/\/sabanadelamartours.com\/es\/wp-json\/wp\/v2\/product_brand?post=11945"},{"taxonomy":"product_cat","embeddable":true,"href":"https:\/\/sabanadelamartours.com\/es\/wp-json\/wp\/v2\/product_cat?post=11945"},{"taxonomy":"product_tag","embeddable":true,"href":"https:\/\/sabanadelamartours.com\/es\/wp-json\/wp\/v2\/product_tag?post=11945"}],"curies":[{"name":"wp","href":"https:\/\/api.w.org\/{rel}","templated":true}]}}