{"id":11956,"date":"2025-12-18T10:32:40","date_gmt":"2025-12-18T10:32:40","guid":{"rendered":"https:\/\/sabanadelamartours.com\/?post_type=product&#038;p=11956"},"modified":"2026-02-14T05:55:37","modified_gmt":"2026-02-14T05:55:37","slug":"bavaro-adventure-buggy-caballo-splash-tirolina-polaris","status":"publish","type":"product","link":"https:\/\/sabanadelamartours.com\/es\/visita\/bavaro-adventure-buggy-caballo-splash-tirolina-polaris\/","title":{"rendered":"Aventura B\u00e1varo: Buggy, Caballo, Splash, Tirolina y Polaris"},"content":{"rendered":"<p>\u00a1Prep\u00e1rese para el d\u00eda m\u00e1s divertido y lleno de adrenalina! Te recogeremos en tu hotel para comenzar tu aventura en el mejor parque tem\u00e1tico de Punta Cana.<\/p>\n<p>Si le gustan la adrenalina y los retos, este parque de aventuras al aire libre es perfecto para usted. Situado en un entorno natural y ecol\u00f3gico, el parque se extiende a lo largo de 44 hect\u00e1reas con 5,5 kil\u00f3metros de senderos, \u00e1reas de descanso, un espacio de edici\u00f3n fotogr\u00e1fica, una zona de juegos para ni\u00f1os, duchas y taquillas.<\/p>\n<p>Tanto si es un aventurero experimentado como si busca una actividad m\u00e1s relajada, podr\u00e1 disfrutar de opciones para toda la familia, como paseos en bicicleta, juegos de cuerda y zonas de juegos para ni\u00f1os.<\/p>\n<p>Sum\u00e9rjase en refrescantes piscinas naturales y disfrute de un relajante ba\u00f1o en plena naturaleza. Vive un d\u00eda lleno de momentos inolvidables, risas, diversi\u00f3n y desaf\u00edos.<\/p>\n<div class=\"toggle-content__content toggle-content__content--expanded toggle-content__content--packable\" data-v-59485d64=\"\">\n<div data-test-id=\"activity-full-description-text\" data-v-5835c99c=\"\">Cada opci\u00f3n ofrece actividades diferentes. No olvide reponer fuerzas con un delicioso desayuno y seguir explorando este apasionante destino selv\u00e1tico.<\/div>\n<\/div>\n<div class=\"toggle-content__label-placeholder\" data-v-59485d64=\"\"><\/div>","protected":false},"excerpt":{"rendered":"<div data-track=\"overview\" data-v-83a2b402=\"\">\n<section id=\"activity-overview\" class=\"activity-overview\" data-component=\"overview\" data-v-83a2b402=\"\" data-v-f3236c42=\"\">\n<p class=\"activity-overview__content\" data-test-id=\"activity-overview-content\" data-v-f3236c42=\"\">B\u00e1varo Adventure Park es el lugar perfecto para los amantes de la adrenalina y la naturaleza. Enclavado en el coraz\u00f3n del exuberante paisaje de la regi\u00f3n, el parque ofrece una amplia gama de divertidas actividades.<\/p>\n<\/section>\n<\/div>\n<div data-track=\"key-details\" data-v-83a2b402=\"\"><\/div>","protected":false},"featured_media":12285,"template":"","meta":[],"product_brand":[],"product_cat":[97],"product_tag":[101,102],"class_list":{"0":"post-11956","1":"product","2":"type-product","3":"status-publish","4":"has-post-thumbnail","6":"product_cat-dominican-republic","7":"product_tag-excursion","8":"product_tag-tour","10":"first","11":"instock","12":"shipping-taxable","13":"product-type-external"},"_links":{"self":[{"href":"https:\/\/sabanadelamartours.com\/es\/wp-json\/wp\/v2\/product\/11956","targetHints":{"allow":["GET"]}}],"collection":[{"href":"https:\/\/sabanadelamartours.com\/es\/wp-json\/wp\/v2\/product"}],"about":[{"href":"https:\/\/sabanadelamartours.com\/es\/wp-json\/wp\/v2\/types\/product"}],"version-history":[{"count":1,"href":"https:\/\/sabanadelamartours.com\/es\/wp-json\/wp\/v2\/product\/11956\/revisions"}],"predecessor-version":[{"id":19261,"href":"https:\/\/sabanadelamartours.com\/es\/wp-json\/wp\/v2\/product\/11956\/revisions\/19261"}],"wp:featuredmedia":[{"embeddable":true,"href":"https:\/\/sabanadelamartours.com\/es\/wp-json\/wp\/v2\/media\/12285"}],"wp:attachment":[{"href":"https:\/\/sabanadelamartours.com\/es\/wp-json\/wp\/v2\/media?parent=11956"}],"wp:term":[{"taxonomy":"product_brand","embeddable":true,"href":"https:\/\/sabanadelamartours.com\/es\/wp-json\/wp\/v2\/product_brand?post=11956"},{"taxonomy":"product_cat","embeddable":true,"href":"https:\/\/sabanadelamartours.com\/es\/wp-json\/wp\/v2\/product_cat?post=11956"},{"taxonomy":"product_tag","embeddable":true,"href":"https:\/\/sabanadelamartours.com\/es\/wp-json\/wp\/v2\/product_tag?post=11956"}],"curies":[{"name":"wp","href":"https:\/\/api.w.org\/{rel}","templated":true}]}}