{"id":11966,"date":"2025-12-18T10:33:02","date_gmt":"2025-12-18T10:33:02","guid":{"rendered":"https:\/\/sabanadelamartours.com\/?post_type=product&#038;p=11966"},"modified":"2026-02-09T05:42:51","modified_gmt":"2026-02-09T05:42:51","slug":"ciudad-de-santo-domingo-patrimonio-colonial-full-day-tour","status":"publish","type":"product","link":"https:\/\/sabanadelamartours.com\/es\/visita\/ciudad-de-santo-domingo-patrimonio-colonial-full-day-tour\/","title":{"rendered":"Ciudad de Santo Domingo - \u201cPatrimonio colonial\u201d- Excursi\u00f3n de d\u00eda completo"},"content":{"rendered":"<p>Descubra el encanto de Santo Domingo, una ciudad cargada de historia, cultura e impresionantes paisajes. Emb\u00e1rquese en un viaje cautivador por la capital m\u00e1s antigua del \u201cNuevo\u201d Mundo, donde cada adoqu\u00edn cuenta una historia de siglos pasados.<\/p>\n<p>\u00danase a nuestro recorrido tur\u00edstico para vivir una experiencia inolvidable con toda la familia. El d\u00eda comienza con la recogida en el hotel, acompa\u00f1ados por un gu\u00eda experto que les desvelar\u00e1 la cautivadora historia de la Rep\u00fablica Dominicana.<\/p>\n<p>A medida que se adentra en Santo Domingo, marav\u00edllese ante los imponentes cenotes del Parque Nacional de Los Tres Ojos, una maravilla natural que espera ser explorada. Ad\u00e9ntrese en el coraz\u00f3n del patrimonio de la ciudad visitando lugares emblem\u00e1ticos como la primera catedral de Am\u00e9rica, el majestuoso Palacio de Col\u00f3n y el venerado Pante\u00f3n Nacional.<\/p>\n<p>Pasee por las encantadoras calles adoquinadas de \u201cLas Damas\u201d, las m\u00e1s antiguas de Am\u00e9rica, y contemple las vistas panor\u00e1micas de la arquitectura colonial a lo largo de la Avenida Malec\u00f3n. Complete su viaje con una visita al imponente Faro de Col\u00f3n, testimonio del perdurable legado de Santo Domingo.<\/p>\n<div class=\"toggle-content__content toggle-content__content--expanded toggle-content__content--packable\" data-v-59485d64=\"\">\n<div data-test-id=\"activity-full-description-text\" data-v-5835c99c=\"\">Viva la magia de Santo Domingo, una ciudad donde la historia cobra vida y la aventura aguarda a cada paso. No pierda la oportunidad de embarcarse en esta inolvidable excursi\u00f3n al coraz\u00f3n de la cultura y el patrimonio dominicanos.<\/div>\n<\/div>\n<div class=\"toggle-content__label-placeholder\" data-v-59485d64=\"\"><\/div>","protected":false},"excerpt":{"rendered":"<div data-track=\"overview\" data-v-83a2b402=\"\">\n<section id=\"activity-overview\" class=\"activity-overview\" data-component=\"overview\" data-v-83a2b402=\"\" data-v-f3236c42=\"\">\n<p class=\"activity-overview__content\" data-test-id=\"activity-overview-content\" data-v-f3236c42=\"\">Descubra la magia de la ciudad de Santo Domingo: rica historia, cultura e impresionantes paisajes le esperan en esta excursi\u00f3n. Una aventura familiar inolvidable. No olvide que es la primera ciudad de Am\u00e9rica.<\/p>\n<\/section>\n<\/div>\n<div data-track=\"key-details\" data-v-83a2b402=\"\"><\/div>","protected":false},"featured_media":12298,"template":"","meta":[],"product_brand":[],"product_cat":[97],"product_tag":[101,102],"class_list":{"0":"post-11966","1":"product","2":"type-product","3":"status-publish","4":"has-post-thumbnail","6":"product_cat-dominican-republic","7":"product_tag-excursion","8":"product_tag-tour","10":"first","11":"instock","12":"shipping-taxable","13":"product-type-external"},"_links":{"self":[{"href":"https:\/\/sabanadelamartours.com\/es\/wp-json\/wp\/v2\/product\/11966","targetHints":{"allow":["GET"]}}],"collection":[{"href":"https:\/\/sabanadelamartours.com\/es\/wp-json\/wp\/v2\/product"}],"about":[{"href":"https:\/\/sabanadelamartours.com\/es\/wp-json\/wp\/v2\/types\/product"}],"version-history":[{"count":1,"href":"https:\/\/sabanadelamartours.com\/es\/wp-json\/wp\/v2\/product\/11966\/revisions"}],"predecessor-version":[{"id":18870,"href":"https:\/\/sabanadelamartours.com\/es\/wp-json\/wp\/v2\/product\/11966\/revisions\/18870"}],"wp:featuredmedia":[{"embeddable":true,"href":"https:\/\/sabanadelamartours.com\/es\/wp-json\/wp\/v2\/media\/12298"}],"wp:attachment":[{"href":"https:\/\/sabanadelamartours.com\/es\/wp-json\/wp\/v2\/media?parent=11966"}],"wp:term":[{"taxonomy":"product_brand","embeddable":true,"href":"https:\/\/sabanadelamartours.com\/es\/wp-json\/wp\/v2\/product_brand?post=11966"},{"taxonomy":"product_cat","embeddable":true,"href":"https:\/\/sabanadelamartours.com\/es\/wp-json\/wp\/v2\/product_cat?post=11966"},{"taxonomy":"product_tag","embeddable":true,"href":"https:\/\/sabanadelamartours.com\/es\/wp-json\/wp\/v2\/product_tag?post=11966"}],"curies":[{"name":"wp","href":"https:\/\/api.w.org\/{rel}","templated":true}]}}